{"id":1063084,"date":"2025-10-31T16:15:37","date_gmt":"2025-10-31T15:15:37","guid":{"rendered":"https:\/\/www.claret.cat\/llibre\/los-sacramentos-para-ninos-9788413684970\/"},"modified":"2025-10-31T16:35:52","modified_gmt":"2025-10-31T15:35:52","slug":"los-sacramentos-para-ninos-9788413684970","status":"publish","type":"product","link":"https:\/\/www.claret.cat\/es\/libro\/los-sacramentos-para-ninos-9788413684970\/","title":{"rendered":"LOS SACRAMENTOS PARA NI\u00d1OS"},"content":{"rendered":"<p>En este libro vamos a aprender muchas cosas de los sacramentos: cu\u00e1ndo habl\u00f3 Jes\u00fas de ellos<br \/> por primera vez, para qu\u00e9 sirve cada uno de ellos, c\u00f3mo podemos hacer para recibirlos muy<br \/> bien y aprovecharlos al m\u00e1ximo? As\u00ed conseguiremos vivir siempre muy cerca de Dios y de su<br \/> Iglesia.<\/p>\n","protected":false},"excerpt":{"rendered":"<p>CAYETANO TABERNER NAVARRO \/ SANTIAGO D\u00cdAZ GONZ\u00c1LEZ<\/p>\n","protected":false},"featured_media":1063091,"template":"","meta":{"_acf_changed":false,"om_disable_all_campaigns":false,"rs_blank_template":"","rs_page_bg_color":"","slide_template_v7":"","inline_featured_image":false,"_monsterinsights_skip_tracking":false,"_monsterinsights_sitenote_active":false,"_monsterinsights_sitenote_note":"","_monsterinsights_sitenote_category":0},"product_brand":[],"product_cat":[227,389,219,478,217,476,216,475],"product_tag":[],"class_list":{"0":"post-1063084","1":"product","2":"type-product","3":"status-publish","4":"has-post-thumbnail","6":"product_cat-formacio","7":"product_cat-formacion","8":"product_cat-infantil-catequesi","9":"product_cat-infantil-catequesis-1_espiritualidad","10":"product_cat-postcomunio","11":"product_cat-postcomunion","12":"product_cat-primera-comunio-catequesi-1_espiritualitat","13":"product_cat-primera-comunion","15":"first","16":"instock","17":"taxable","18":"shipping-taxable","19":"purchasable","20":"product-type-simple"},"acf":{"autor":"CAYETANO TABERNER NAVARRO \/ SANTIAGO D\u00cdAZ GONZ\u00c1LEZ","codart":"841368497","libros-coleccion":"Paso a paso","ediciones":"1","encuadernacion":"R\u00fastica","fecha_de_publicacion":"01\/10\/2025","novedad":"1","paginas":"56","subtitulo":"","orden":"0","portada":"0","idioma":"spa","booktrailer":"","resenas":"","editorial":[{"ID":148624,"post_author":"3","post_date":"2022-10-14 11:59:42","post_date_gmt":"2022-10-14 09:59:42","post_content":"","post_title":"PALABRA S.A., EDICIONES","post_excerpt":"","post_status":"publish","comment_status":"closed","ping_status":"closed","post_password":"","post_name":"palabra-s-a-ediciones","to_ping":"","pinged":"","post_modified":"2022-10-14 11:59:42","post_modified_gmt":"2022-10-14 09:59:42","post_content_filtered":"","post_parent":0,"guid":"http:\/\/dev.claret.cat\/editorial\/palabra-s-a-ediciones\/","menu_order":0,"post_type":"editorial","post_mime_type":"","comment_count":"0","filter":"raw"}]},"aioseo_notices":[],"_links":{"self":[{"href":"https:\/\/www.claret.cat\/es\/wp-json\/wp\/v2\/product\/1063084","targetHints":{"allow":["GET"]}}],"collection":[{"href":"https:\/\/www.claret.cat\/es\/wp-json\/wp\/v2\/product"}],"about":[{"href":"https:\/\/www.claret.cat\/es\/wp-json\/wp\/v2\/types\/product"}],"wp:featuredmedia":[{"embeddable":true,"href":"https:\/\/www.claret.cat\/es\/wp-json\/wp\/v2\/media\/1063091"}],"wp:attachment":[{"href":"https:\/\/www.claret.cat\/es\/wp-json\/wp\/v2\/media?parent=1063084"}],"wp:term":[{"taxonomy":"product_brand","embeddable":true,"href":"https:\/\/www.claret.cat\/es\/wp-json\/wp\/v2\/product_brand?post=1063084"},{"taxonomy":"product_cat","embeddable":true,"href":"https:\/\/www.claret.cat\/es\/wp-json\/wp\/v2\/product_cat?post=1063084"},{"taxonomy":"product_tag","embeddable":true,"href":"https:\/\/www.claret.cat\/es\/wp-json\/wp\/v2\/product_tag?post=1063084"}],"curies":[{"name":"wp","href":"https:\/\/api.w.org\/{rel}","templated":true}]}}