{"id":1063323,"date":"2025-11-03T17:05:07","date_gmt":"2025-11-03T16:05:07","guid":{"rendered":"https:\/\/www.claret.cat\/llibre\/agustin-de-hipona-9788430628322\/"},"modified":"2026-03-10T17:55:06","modified_gmt":"2026-03-10T16:55:06","slug":"agustin-de-hipona-9788430628322","status":"publish","type":"product","link":"https:\/\/www.claret.cat\/es\/libro\/agustin-de-hipona-9788430628322\/","title":{"rendered":"AGUST\u00cdN DE HIPONA"},"content":{"rendered":"<p>La historia de un pensador indispensable para entender la Antig\u00fcedad tard\u00eda. Publicada por primera vez hace m\u00e1s de medio siglo, esta biograf\u00eda se ha consolidado como el relato de referencia sobre la vida y las ense\u00f1anzas de San Agust\u00edn. Es, a su vez, uno de los trabajos m\u00e1s significativos del gran investigador de la Antig\u00fcedad tard\u00eda Peter Brown, cuya influencia ha marcado a varias generaciones de historiadores. Si la edici\u00f3n de 1967 de Agust\u00edn de Hipona supuso un acontecimiento, el descubrimiento de nuevas cartas y sermones in\u00e9ditos entre los a\u00f1os setenta y noventa hicieron de la reedici\u00f3n de 1999, que aqu\u00ed recuperamos, un ejemplo fascinante de c\u00f3mo el paso de los a\u00f1os afecta (o no) el trabajo historiogr\u00e1fico. Una pasi\u00f3n tanto personal como acad\u00e9mica impregnan este aclamado retrato del obispo de Hipona, que hoy adquiere una nueva dimensi\u00f3n debido a su elecci\u00f3n como gu\u00eda espiritual por parte de la nueva derecha internacional liderada por Donald Trump, y tras el nombramiento del primer papa de la Orden de San Agust\u00edn, Le\u00f3n XIV, en la Iglesia cat\u00f3lica.La cr\u00edtica ha dicho: \u00abPara muchos es el mayor historiador vivo en lengua inglesa\u00bb.<br \/>El Pa\u00eds \u00abSi existiera el premio Nobel para historiadores, tendr\u00eda que ser para Peter Brown\u00bb.<br \/>La Raz\u00f3n<\/p>\n","protected":false},"excerpt":{"rendered":"<p>BROWN, PETER<\/p>\n","protected":false},"featured_media":1081118,"template":"","meta":{"_acf_changed":false,"om_disable_all_campaigns":false,"rs_blank_template":"","rs_page_bg_color":"","slide_template_v7":"","inline_featured_image":false,"_monsterinsights_skip_tracking":false,"_monsterinsights_sitenote_active":false,"_monsterinsights_sitenote_note":"","_monsterinsights_sitenote_category":0},"product_brand":[],"product_cat":[549,99,510,280,545,95],"product_tag":[],"class_list":{"0":"post-1063323","1":"product","2":"type-product","3":"status-publish","4":"has-post-thumbnail","6":"product_cat-biografias","7":"product_cat-biografies","8":"product_cat-patrologia-teologia-1_espiritualidad","9":"product_cat-patrologia","10":"product_cat-santoral-1_espiritualidad-spa","11":"product_cat-santoral","13":"first","14":"instock","15":"taxable","16":"shipping-taxable","17":"purchasable","18":"product-type-simple"},"acf":{"autor":"BROWN, PETER","codart":"843062832","libros-coleccion":"BIOGRAFIAS","ediciones":"1","encuadernacion":"Carton\u00e9","fecha_de_publicacion":"01\/11\/2025","novedad":"1","paginas":"670","subtitulo":"UNA BIOGRAF\u00cdA","orden":"0","portada":"0","idioma":"spa","booktrailer":"","resenas":"","editorial":[{"ID":6372,"post_author":"3","post_date":"2022-07-28 17:50:47","post_date_gmt":"2022-07-28 15:50:47","post_content":"","post_title":"TAURUS","post_excerpt":"","post_status":"publish","comment_status":"closed","ping_status":"closed","post_password":"","post_name":"taurus","to_ping":"","pinged":"","post_modified":"2022-07-28 17:50:47","post_modified_gmt":"2022-07-28 15:50:47","post_content_filtered":"","post_parent":0,"guid":"http:\/\/dev.claret.cat\/editorial\/taurus\/","menu_order":0,"post_type":"editorial","post_mime_type":"","comment_count":"0","filter":"raw"}]},"aioseo_notices":[],"_links":{"self":[{"href":"https:\/\/www.claret.cat\/es\/wp-json\/wp\/v2\/product\/1063323","targetHints":{"allow":["GET"]}}],"collection":[{"href":"https:\/\/www.claret.cat\/es\/wp-json\/wp\/v2\/product"}],"about":[{"href":"https:\/\/www.claret.cat\/es\/wp-json\/wp\/v2\/types\/product"}],"wp:featuredmedia":[{"embeddable":true,"href":"https:\/\/www.claret.cat\/es\/wp-json\/wp\/v2\/media\/1081118"}],"wp:attachment":[{"href":"https:\/\/www.claret.cat\/es\/wp-json\/wp\/v2\/media?parent=1063323"}],"wp:term":[{"taxonomy":"product_brand","embeddable":true,"href":"https:\/\/www.claret.cat\/es\/wp-json\/wp\/v2\/product_brand?post=1063323"},{"taxonomy":"product_cat","embeddable":true,"href":"https:\/\/www.claret.cat\/es\/wp-json\/wp\/v2\/product_cat?post=1063323"},{"taxonomy":"product_tag","embeddable":true,"href":"https:\/\/www.claret.cat\/es\/wp-json\/wp\/v2\/product_tag?post=1063323"}],"curies":[{"name":"wp","href":"https:\/\/api.w.org\/{rel}","templated":true}]}}