{"id":1063342,"date":"2025-11-03T17:11:06","date_gmt":"2025-11-03T16:11:06","guid":{"rendered":"https:\/\/www.claret.cat\/llibre\/frankenstein-9788410009752\/"},"modified":"2026-02-10T19:00:42","modified_gmt":"2026-02-10T18:00:42","slug":"frankenstein-9788410009752","status":"publish","type":"product","link":"https:\/\/www.claret.cat\/es\/libro\/frankenstein-9788410009752\/","title":{"rendered":"FRANKENSTEIN"},"content":{"rendered":"<p>La hist\u00f2ria d&#8217;un dels monstres m\u00e9s famosos de la literatura. L&#8217;estiu del 1816, el poeta Percy B. Shelley i la seva esposa Mary es van reunir amb Lord Byron i el seu metge en una casa a la vora del llac Leman. A inst\u00e0ncies de Lord Byron, i per animar una vetllada tempestuosa, van decidir que cadascun s&#8217;inventaria una hist\u00f2ria de terror. Mary Shelley, la m\u00e9s t\u00edmida i reservada del grup, va donar vida aix\u00ed a qui es convertiria en el seu personatge m\u00e9s fam\u00f3s: el doctor Frankenstein. Un any despr\u00e9s d&#8217;aquella nit, va completar la novel\u00b7la. La hist\u00f2ria -una met\u00e0fora sobre la vida, la llibertat i l&#8217;amor- gira al voltant d&#8217;un cient\u00edfic que decideix crear una criatura amb consci\u00e8ncia pr\u00f2pia a la qual despr\u00e9s rebutja. Frankenstein o el modern Prometeu \u00e9s una meravellosa rondalla amb tots els ingredients dels grans mites, un cl\u00e0ssic intemporal que recuperem a La Magrana amb traducci\u00f3 de Maria Ant\u00f2nia Oliver, premi d&#8217;Honor de les Lletres Catalanes. La traducci\u00f3 correspon a l&#8217;edici\u00f3 revisada per Mary Shelley el 1831, que inclou una introducci\u00f3 de l&#8217;autora i tamb\u00e9 el prefaci del 1817 que va escriure el seu marit Percy B. Shelley, a qui inicialment es va atribuir l&#8217;autoria de la novel\u00b7la quan es va publicar per primera vegada i de manera an\u00f2nima l&#8217;any 1818.<\/p>\n","protected":false},"excerpt":{"rendered":"<p>SHELLEY, MARY<\/p>\n","protected":false},"featured_media":1063343,"template":"","meta":{"_acf_changed":false,"om_disable_all_campaigns":false,"rs_blank_template":"","rs_page_bg_color":"","slide_template_v7":"","inline_featured_image":false,"_monsterinsights_skip_tracking":false,"_monsterinsights_sitenote_active":false,"_monsterinsights_sitenote_note":"","_monsterinsights_sitenote_category":0},"product_brand":[],"product_cat":[354,123],"product_tag":[],"class_list":{"0":"post-1063342","1":"product","2":"type-product","3":"status-publish","4":"has-post-thumbnail","6":"product_cat-clasica","7":"product_cat-classica","9":"first","10":"instock","11":"taxable","12":"shipping-taxable","13":"purchasable","14":"product-type-simple"},"acf":{"autor":"SHELLEY, MARY","codart":"841000975","libros-coleccion":"LES ALES ESTESES","ediciones":"1","encuadernacion":"R\u00fastica","fecha_de_publicacion":"01\/11\/2025","novedad":"1","paginas":"304","subtitulo":"","orden":"0","portada":"0","idioma":"cat","booktrailer":"","resenas":"","editorial":[{"ID":6278,"post_author":"3","post_date":"2022-07-28 17:48:46","post_date_gmt":"2022-07-28 15:48:46","post_content":"","post_title":"La Magrana","post_excerpt":"","post_status":"publish","comment_status":"closed","ping_status":"closed","post_password":"","post_name":"la-magrana","to_ping":"","pinged":"","post_modified":"2022-07-28 17:48:46","post_modified_gmt":"2022-07-28 15:48:46","post_content_filtered":"","post_parent":0,"guid":"http:\/\/dev.claret.cat\/editorial\/la-magrana\/","menu_order":0,"post_type":"editorial","post_mime_type":"","comment_count":"0","filter":"raw"}]},"aioseo_notices":[],"_links":{"self":[{"href":"https:\/\/www.claret.cat\/es\/wp-json\/wp\/v2\/product\/1063342","targetHints":{"allow":["GET"]}}],"collection":[{"href":"https:\/\/www.claret.cat\/es\/wp-json\/wp\/v2\/product"}],"about":[{"href":"https:\/\/www.claret.cat\/es\/wp-json\/wp\/v2\/types\/product"}],"wp:featuredmedia":[{"embeddable":true,"href":"https:\/\/www.claret.cat\/es\/wp-json\/wp\/v2\/media\/1063343"}],"wp:attachment":[{"href":"https:\/\/www.claret.cat\/es\/wp-json\/wp\/v2\/media?parent=1063342"}],"wp:term":[{"taxonomy":"product_brand","embeddable":true,"href":"https:\/\/www.claret.cat\/es\/wp-json\/wp\/v2\/product_brand?post=1063342"},{"taxonomy":"product_cat","embeddable":true,"href":"https:\/\/www.claret.cat\/es\/wp-json\/wp\/v2\/product_cat?post=1063342"},{"taxonomy":"product_tag","embeddable":true,"href":"https:\/\/www.claret.cat\/es\/wp-json\/wp\/v2\/product_tag?post=1063342"}],"curies":[{"name":"wp","href":"https:\/\/api.w.org\/{rel}","templated":true}]}}