{"id":1063837,"date":"2025-11-05T12:01:15","date_gmt":"2025-11-05T11:01:15","guid":{"rendered":"https:\/\/www.claret.cat\/llibre\/estuche-canastones-2-libros-pelota-9788419898920\/"},"modified":"2025-11-06T16:44:14","modified_gmt":"2025-11-06T15:44:14","slug":"estuche-canastones-2-libros-pelota-9788419898920","status":"publish","type":"product","link":"https:\/\/www.claret.cat\/es\/libro\/estuche-canastones-2-libros-pelota-9788419898920\/","title":{"rendered":"ESTUCHE CANASTONES: 2 LIBROS + PELOTA"},"content":{"rendered":"<p>\u00a1Un fant\u00e1stico estuche para regalar que incluye los dos primeros t\u00edtulos de Canastones, la colecci\u00f3n de b\u00e1squet superventas con m\u00e1s de 30\u00a0000 ejemplares vendidos! \u00a1Incluye una minipelota de b\u00e1squet de regalo!<br \/> Conoce a los Canastones, el equipo de b\u00e1squet m\u00e1s ins\u00f3lito que puedas imaginar. Una colecci\u00f3n sobre baloncesto con mucho humor, protagonizada por un grupo de chicos y chicas de nueve a\u00f1os que van al mismo colegio. \u00a1No hace falta ser un experto en baloncesto para disfrutar con las disparatadas aventuras de Joel y sus amigos!<br \/> Todas las p\u00e1ginas tienen ilustraciones en color y se incluyen di\u00e1logos en bocadillos de c\u00f3mic. El ritmo de la lectura es trepidante y lleno de humor. Se recomienda para ni\u00f1os y ni\u00f1as de 8 a 11 a\u00f1os.<br \/> \u00a0<br \/> Dentro del estuche encontrar\u00e1s:<\/p>\n<p> El torneo de b\u00e1squet so\u00f1ado<\/p>\n<p> Para poder aprobar Educaci\u00f3n F\u00edsica, Joel y Berm\u00fadez crean su propio equipo de baloncesto. El problema es que\u2026 \u00a1se les da fatal! \u00bfQui\u00e9n va a querer unirse a su equipo, si no saben ni jugar?<\/p>\n<p> El misterio de los J\u00f3venes de Oro<\/p>\n<p> Los Canastones se enfrentan a los J\u00f3venes de Oro en un campeonato a partido \u00fanico. Pero tienen un gran problema: no tienen ni idea de qui\u00e9nes son y, si no ganan, \u00a1el equipo desaparecer\u00e1! \u00bfSer\u00e1n capaces de vencer al misterioso equipo y salvarse?<\/p>\n<p> \u00a1Una minipelota de b\u00e1squet de regalo!<\/p>\n<p> \u00a0<br \/> \u00a1Guarda el estuche para coleccionar el resto de los libros de los Canastones!<\/p>\n","protected":false},"excerpt":{"rendered":"<p>CASAMAYOR, ALBERTO<\/p>\n","protected":false},"featured_media":1063838,"template":"","meta":{"_acf_changed":false,"om_disable_all_campaigns":false,"rs_blank_template":"","rs_page_bg_color":"","slide_template_v7":"","inline_featured_image":false,"_monsterinsights_skip_tracking":false,"_monsterinsights_sitenote_active":false,"_monsterinsights_sitenote_note":"","_monsterinsights_sitenote_category":0},"product_brand":[],"product_cat":[132,362],"product_tag":[],"class_list":{"0":"post-1063837","1":"product","2":"type-product","3":"status-publish","4":"has-post-thumbnail","6":"product_cat-lectures-per-preadolescents-6-12-anys","7":"product_cat-libros-preadolescentes-6-12-anos","9":"first","10":"instock","11":"taxable","12":"shipping-taxable","13":"purchasable","14":"product-type-simple"},"acf":{"autor":"CASAMAYOR, ALBERTO","codart":"841989892","libros-coleccion":"FORA DE COL.LECCI\u00d3","ediciones":"1","encuadernacion":"R\u00fastica","fecha_de_publicacion":"01\/11\/2025","novedad":"1","paginas":"1","subtitulo":"FANT\u00c1STICO ESTUCHE PARA REGALAR CON LOS DOS PRIMEROS LIBROS DE \u00abCANASTONES\u00bb Y UN","orden":"0","portada":"0","idioma":"spa","booktrailer":"","resenas":"","editorial":[{"ID":147970,"post_author":"3","post_date":"2022-10-14 11:54:38","post_date_gmt":"2022-10-14 09:54:38","post_content":"","post_title":"Editorial el Pirata","post_excerpt":"","post_status":"publish","comment_status":"closed","ping_status":"closed","post_password":"","post_name":"editorial-el-pirata","to_ping":"","pinged":"","post_modified":"2022-10-14 11:54:38","post_modified_gmt":"2022-10-14 09:54:38","post_content_filtered":"","post_parent":0,"guid":"http:\/\/dev.claret.cat\/editorial\/editorial-el-pirata\/","menu_order":0,"post_type":"editorial","post_mime_type":"","comment_count":"0","filter":"raw"}]},"aioseo_notices":[],"_links":{"self":[{"href":"https:\/\/www.claret.cat\/es\/wp-json\/wp\/v2\/product\/1063837","targetHints":{"allow":["GET"]}}],"collection":[{"href":"https:\/\/www.claret.cat\/es\/wp-json\/wp\/v2\/product"}],"about":[{"href":"https:\/\/www.claret.cat\/es\/wp-json\/wp\/v2\/types\/product"}],"wp:featuredmedia":[{"embeddable":true,"href":"https:\/\/www.claret.cat\/es\/wp-json\/wp\/v2\/media\/1063838"}],"wp:attachment":[{"href":"https:\/\/www.claret.cat\/es\/wp-json\/wp\/v2\/media?parent=1063837"}],"wp:term":[{"taxonomy":"product_brand","embeddable":true,"href":"https:\/\/www.claret.cat\/es\/wp-json\/wp\/v2\/product_brand?post=1063837"},{"taxonomy":"product_cat","embeddable":true,"href":"https:\/\/www.claret.cat\/es\/wp-json\/wp\/v2\/product_cat?post=1063837"},{"taxonomy":"product_tag","embeddable":true,"href":"https:\/\/www.claret.cat\/es\/wp-json\/wp\/v2\/product_tag?post=1063837"}],"curies":[{"name":"wp","href":"https:\/\/api.w.org\/{rel}","templated":true}]}}