{"id":1064115,"date":"2025-11-06T10:25:42","date_gmt":"2025-11-06T09:25:42","guid":{"rendered":"https:\/\/www.claret.cat\/llibre\/comentario-a-los-textos-biblicos-de-completas-9788410631908\/"},"modified":"2025-11-06T10:38:21","modified_gmt":"2025-11-06T09:38:21","slug":"comentario-a-los-textos-biblicos-de-completas-9788410631908","status":"publish","type":"product","link":"https:\/\/www.claret.cat\/es\/libro\/comentario-a-los-textos-biblicos-de-completas-9788410631908\/","title":{"rendered":"COMENTARIO A LOS TEXTOS B\u00cdBLICOS DE COMPLETAS"},"content":{"rendered":"<p><span style='color: black'>Salmos, lecturas breves, el c\u00e1ntico de Sime\u00f3n (Nunc dimittis)\u2026 Todos se repiten semana tras semana en la oraci\u00f3n lit\u00fargica que completa la jornada de cualquier cristiano. Los matices que desentra\u00f1a el presente comentario contribuyen a disfrutarlos. Este libro es tanto para quien celebra Completas como parte de su oraci\u00f3n diaria como para cualquier persona que desee profundizar en sus pasajes b\u00edblicos, descubrir su belleza y aplicarlos a su vida. Con un enfoque divulgativo, que no pierde el rigor acad\u00e9mico, los textos b\u00edblicos son explicados desde las lenguas en que fueron escritos. Una invitaci\u00f3n a saborearlos en el contexto en el que nacieron y en el seno de la Escritura.<\/span><\/p>\n","protected":false},"excerpt":{"rendered":"<p>FERN\u00c1NDEZ FIDALGO, \u00c1LVARO<\/p>\n","protected":false},"featured_media":1064156,"template":"","meta":{"_acf_changed":false,"om_disable_all_campaigns":false,"rs_blank_template":"","rs_page_bg_color":"","slide_template_v7":"","inline_featured_image":false,"_monsterinsights_skip_tracking":false,"_monsterinsights_sitenote_active":false,"_monsterinsights_sitenote_note":"","_monsterinsights_sitenote_category":0},"product_brand":[],"product_cat":[499,251],"product_tag":[],"class_list":{"0":"post-1064115","1":"product","2":"type-product","3":"status-publish","4":"has-post-thumbnail","6":"product_cat-de-las-horas","7":"product_cat-de-les-hores","9":"first","10":"instock","11":"taxable","12":"shipping-taxable","13":"purchasable","14":"product-type-simple"},"acf":{"autor":"FERN\u00c1NDEZ FIDALGO, \u00c1LVARO","codart":"841063190","libros-coleccion":"Acci\u00f3n Pastoral","ediciones":"1","encuadernacion":"R\u00fastica","fecha_de_publicacion":"05\/11\/2025","novedad":"1","paginas":"120","subtitulo":"","orden":"0","portada":"0","idioma":"spa","booktrailer":"","resenas":"","editorial":[{"ID":6390,"post_author":"3","post_date":"2022-07-28 17:51:08","post_date_gmt":"2022-07-28 15:51:08","post_content":"","post_title":"VERBO DIVINO","post_excerpt":"","post_status":"publish","comment_status":"closed","ping_status":"closed","post_password":"","post_name":"verbo-divino","to_ping":"","pinged":"","post_modified":"2022-07-28 17:51:08","post_modified_gmt":"2022-07-28 15:51:08","post_content_filtered":"","post_parent":0,"guid":"http:\/\/dev.claret.cat\/editorial\/verbo-divino\/","menu_order":0,"post_type":"editorial","post_mime_type":"","comment_count":"0","filter":"raw"}]},"aioseo_notices":[],"_links":{"self":[{"href":"https:\/\/www.claret.cat\/es\/wp-json\/wp\/v2\/product\/1064115","targetHints":{"allow":["GET"]}}],"collection":[{"href":"https:\/\/www.claret.cat\/es\/wp-json\/wp\/v2\/product"}],"about":[{"href":"https:\/\/www.claret.cat\/es\/wp-json\/wp\/v2\/types\/product"}],"wp:featuredmedia":[{"embeddable":true,"href":"https:\/\/www.claret.cat\/es\/wp-json\/wp\/v2\/media\/1064156"}],"wp:attachment":[{"href":"https:\/\/www.claret.cat\/es\/wp-json\/wp\/v2\/media?parent=1064115"}],"wp:term":[{"taxonomy":"product_brand","embeddable":true,"href":"https:\/\/www.claret.cat\/es\/wp-json\/wp\/v2\/product_brand?post=1064115"},{"taxonomy":"product_cat","embeddable":true,"href":"https:\/\/www.claret.cat\/es\/wp-json\/wp\/v2\/product_cat?post=1064115"},{"taxonomy":"product_tag","embeddable":true,"href":"https:\/\/www.claret.cat\/es\/wp-json\/wp\/v2\/product_tag?post=1064115"}],"curies":[{"name":"wp","href":"https:\/\/api.w.org\/{rel}","templated":true}]}}