{"id":1064121,"date":"2025-11-06T10:30:03","date_gmt":"2025-11-06T09:30:03","guid":{"rendered":"https:\/\/www.claret.cat\/llibre\/revista-oriente-biblico-no-3-9782792228039\/"},"modified":"2025-11-06T10:30:03","modified_gmt":"2025-11-06T09:30:03","slug":"revista-oriente-biblico-no-3-9782792228039","status":"publish","type":"product","link":"https:\/\/www.claret.cat\/es\/libro\/revista-oriente-biblico-no-3-9782792228039\/","title":{"rendered":"REVISTA ORIENTE B\u00cdBLICO &#8211; N.\u00ba 3"},"content":{"rendered":"<p><span>El prop\u00f3sito de la revista&nbsp;<\/span><em>Oriente B\u00edblico<\/em><span>&nbsp;obedece a certeras indicaciones del Antiguo y del Nuevo Testamento respecto a la obligada atenci\u00f3n que los amantes de la Palabra de Dios han de prestar a Mesopotamia, Egipto y a toda la geograf\u00eda, historia y espiritualidad compendiadas en la Biblia.<\/span><\/p>\n<p><\/p>\n<p><span>Los estudios arqueol\u00f3gicos, hist\u00f3ricos, filol\u00f3gicos y exeg\u00e9ticos que se publiquen dar\u00e1n cuenta del t\u00edtulo de la revista, y las reflexiones teol\u00f3gicas razonar\u00e1n la encarnaci\u00f3n de la Biblia en su Oriente.<\/span><\/p>\n","protected":false},"excerpt":{"rendered":"<p>El prop\u00f3sito de la revista&nbsp;Oriente B\u00edblico&nbsp;obedece a certeras indicaciones del Antiguo y del Nuevo Testamento respecto a la obligada atenci\u00f3n que los amantes de la Palabra de Dios han de prestar a Mesopotamia, Egipto y a toda la geograf\u00eda, historia y espiritualidad compendiadas en la Biblia. Los estudios arqueol\u00f3gicos, hist\u00f3ricos, filol\u00f3gicos y exeg\u00e9ticos que se [&hellip;]<\/p>\n","protected":false},"featured_media":0,"template":"","meta":{"_acf_changed":false,"om_disable_all_campaigns":false,"rs_blank_template":"","rs_page_bg_color":"","slide_template_v7":"","inline_featured_image":false,"_monsterinsights_skip_tracking":false,"_monsterinsights_sitenote_active":false,"_monsterinsights_sitenote_note":"","_monsterinsights_sitenote_category":0},"product_brand":[],"product_cat":[241],"product_tag":[],"class_list":{"0":"post-1064121","1":"product","2":"type-product","3":"status-publish","5":"product_cat-testimonis","7":"first","8":"instock","9":"taxable","10":"shipping-taxable","11":"product-type-simple"},"acf":{"subtitulo":null,"editorial":null,"autor":null,"autores-libros":null,"traductores-libros":null,"ilustradores-libros":null,"fecha_de_publicacion":null,"libros-coleccion":null,"paginas":null,"encuadernacion":null,"ediciones":null,"formato":null,"idioma":null,"linkebook":null,"precioebook":null,"ebookportada":null,"ficha":null,"muestra":null,"presentacion":null,"booktrailer":null,"resenas":null,"codart":null,"portada":null,"orden":null,"novedad":null,"recomendamos":null,"mas_vendido":null},"aioseo_notices":[],"_links":{"self":[{"href":"https:\/\/www.claret.cat\/es\/wp-json\/wp\/v2\/product\/1064121","targetHints":{"allow":["GET"]}}],"collection":[{"href":"https:\/\/www.claret.cat\/es\/wp-json\/wp\/v2\/product"}],"about":[{"href":"https:\/\/www.claret.cat\/es\/wp-json\/wp\/v2\/types\/product"}],"wp:attachment":[{"href":"https:\/\/www.claret.cat\/es\/wp-json\/wp\/v2\/media?parent=1064121"}],"wp:term":[{"taxonomy":"product_brand","embeddable":true,"href":"https:\/\/www.claret.cat\/es\/wp-json\/wp\/v2\/product_brand?post=1064121"},{"taxonomy":"product_cat","embeddable":true,"href":"https:\/\/www.claret.cat\/es\/wp-json\/wp\/v2\/product_cat?post=1064121"},{"taxonomy":"product_tag","embeddable":true,"href":"https:\/\/www.claret.cat\/es\/wp-json\/wp\/v2\/product_tag?post=1064121"}],"curies":[{"name":"wp","href":"https:\/\/api.w.org\/{rel}","templated":true}]}}