{"id":1064149,"date":"2025-11-06T10:35:14","date_gmt":"2025-11-06T09:35:14","guid":{"rendered":"https:\/\/www.claret.cat\/llibre\/abimelec-el-hijo-del-rey-9788410632080-4\/"},"modified":"2025-11-06T10:37:47","modified_gmt":"2025-11-06T09:37:47","slug":"abimelec-el-hijo-del-rey-9788410632080-4","status":"publish","type":"product","link":"https:\/\/www.claret.cat\/es\/libro\/abimelec-el-hijo-del-rey-9788410632080-4\/","title":{"rendered":"ABIMELEC, EL HIJO DEL REY"},"content":{"rendered":"<p><span style='color: black'>Ambici\u00f3n, traici\u00f3n y poder se entrelazan en la historia de Abimelec, hijo de Gede\u00f3n, en uno de los pasajes m\u00e1s intensos (y olvidados) de la Biblia hebrea. Este libro ofrece una lectura profunda y actualizada de Jueces 9, combinando ex\u00e9gesis, hermen\u00e9utica y reflexi\u00f3n pastoral. Con un enfoque accesible y provocador, nos invita a repensar el liderazgo, las masculinidades y la construcci\u00f3n de paz en nuestras comunidades. Dirigido especialmente a agentes de pastoral y estudiantes, su estilo narrativo y claro lo hacen accesible a todo lector interesado en profundizar en la Biblia desde una perspectiva comprometida y transformadora.<\/span><\/p>\n","protected":false},"excerpt":{"rendered":"<p>RODR\u00cdGUEZ MANZANARES, RAM\u00d3N ALEXEIV<\/p>\n","protected":false},"featured_media":1064150,"template":"","meta":{"_acf_changed":false,"om_disable_all_campaigns":false,"rs_blank_template":"","rs_page_bg_color":"","slide_template_v7":"","inline_featured_image":false,"_monsterinsights_skip_tracking":false,"_monsterinsights_sitenote_active":false,"_monsterinsights_sitenote_note":"","_monsterinsights_sitenote_category":0},"product_brand":[],"product_cat":[195,458],"product_tag":[],"class_list":{"0":"post-1064149","1":"product","2":"type-product","3":"status-publish","4":"has-post-thumbnail","6":"product_cat-introduccio-a-t","7":"product_cat-introduccion-a-t","9":"first","10":"instock","11":"taxable","12":"shipping-taxable","13":"purchasable","14":"product-type-simple"},"acf":{"autor":"RODR\u00cdGUEZ MANZANARES, RAM\u00d3N ALEXEIV","codart":"841063208","libros-coleccion":"PROFUNDIZAR EN LA PALABRA","ediciones":"1","encuadernacion":"R\u00fastica","fecha_de_publicacion":"05\/11\/2025","novedad":"1","paginas":"114","subtitulo":"AMBICI\u00d3N, VIOLENCIA Y PODER EN JUECES 9. RELECTURA EN CLAVE DE G\u00c9NERO","orden":"0","portada":"0","idioma":"spa","booktrailer":"","resenas":"","editorial":[{"ID":6390,"post_author":"3","post_date":"2022-07-28 17:51:08","post_date_gmt":"2022-07-28 15:51:08","post_content":"","post_title":"VERBO DIVINO","post_excerpt":"","post_status":"publish","comment_status":"closed","ping_status":"closed","post_password":"","post_name":"verbo-divino","to_ping":"","pinged":"","post_modified":"2022-07-28 17:51:08","post_modified_gmt":"2022-07-28 15:51:08","post_content_filtered":"","post_parent":0,"guid":"http:\/\/dev.claret.cat\/editorial\/verbo-divino\/","menu_order":0,"post_type":"editorial","post_mime_type":"","comment_count":"0","filter":"raw"}]},"aioseo_notices":[],"_links":{"self":[{"href":"https:\/\/www.claret.cat\/es\/wp-json\/wp\/v2\/product\/1064149","targetHints":{"allow":["GET"]}}],"collection":[{"href":"https:\/\/www.claret.cat\/es\/wp-json\/wp\/v2\/product"}],"about":[{"href":"https:\/\/www.claret.cat\/es\/wp-json\/wp\/v2\/types\/product"}],"wp:featuredmedia":[{"embeddable":true,"href":"https:\/\/www.claret.cat\/es\/wp-json\/wp\/v2\/media\/1064150"}],"wp:attachment":[{"href":"https:\/\/www.claret.cat\/es\/wp-json\/wp\/v2\/media?parent=1064149"}],"wp:term":[{"taxonomy":"product_brand","embeddable":true,"href":"https:\/\/www.claret.cat\/es\/wp-json\/wp\/v2\/product_brand?post=1064149"},{"taxonomy":"product_cat","embeddable":true,"href":"https:\/\/www.claret.cat\/es\/wp-json\/wp\/v2\/product_cat?post=1064149"},{"taxonomy":"product_tag","embeddable":true,"href":"https:\/\/www.claret.cat\/es\/wp-json\/wp\/v2\/product_tag?post=1064149"}],"curies":[{"name":"wp","href":"https:\/\/api.w.org\/{rel}","templated":true}]}}