{"id":1064485,"date":"2025-11-06T17:30:58","date_gmt":"2025-11-06T16:30:58","guid":{"rendered":"https:\/\/www.claret.cat\/llibre\/las-mentiras-que-ensene-en-la-facultad-de-medicina-9788411723398\/"},"modified":"2025-11-06T18:31:24","modified_gmt":"2025-11-06T17:31:24","slug":"las-mentiras-que-ensene-en-la-facultad-de-medicina-9788411723398","status":"publish","type":"product","link":"https:\/\/www.claret.cat\/es\/libro\/las-mentiras-que-ensene-en-la-facultad-de-medicina-9788411723398\/","title":{"rendered":"LAS MENTIRAS QUE ENSE\u00d1\u00c9 EN LA FACULTAD DE MEDICINA"},"content":{"rendered":"<p>BESTSELLER FULMINANTE EN EL NEW YORK TIMES<\/p>\n<p> La medicina moderna nos est\u00e1 mintiendo, de modo que convendr\u00e1 que descubras la verdadera ciencia que se halla tras las enfermedades cr\u00f3nicas y que pongas en pr\u00e1ctica un plan de acci\u00f3n para tomar el control de tu salud y tu longevidad de una vez por todas. Por vez primera en la historia, enfermedades cr\u00f3nicas como la diabetes, la hipertensi\u00f3n y la obesidad asolan a la poblaci\u00f3n a una escala global.  Pero tienes en tus manos un libro capaz de cambiar los paradigmas, escrito por un m\u00e9dico experto, que te explica las causas de todo esto y expone a la luz los conceptos err\u00f3neos de la medicina moderna. <\/p>\n<p>  En las mentiras que ense\u00f1\u00e9 en la facultad de medicina, el Dr.  Robert Lufkin explica que la funci\u00f3n metab\u00f3lica es la causa com\u00fan subyacente de la mayor\u00eda de las enfermedades cr\u00f3nicas, algo que se ha estado pasando por alto durante d\u00e9cadas, y ofrece las herramientas necesarias para que podamos enfrentarnos a estas enfermedades. <\/p>\n<p>  Para ello, se basa en crecientes evidencias cient\u00edficas, revisadas por especialistas, que demuestran que las recomendaciones m\u00e9dicas habituales nos est\u00e1n matando. A lo largo de 12 cap\u00edtulos ilustrados, Las mentiras que ense\u00f1\u00e9 en la facultad de medicina nos ofrece una cr\u00f3nica de c\u00f3mo el Dr.  Lufkin corrigi\u00f3 cuatro enfermedades cr\u00f3nicas que \u00e9l mismo padec\u00eda y expone las estrategias necesarias para:<\/p>\n<p> -Identificar los factores de riesgo de las enfermedades cr\u00f3nicas, factores como la inflamaci\u00f3n y la resistencia a la insulina.<\/p>\n<p> &#8211; Fomentar la salud mental a trav\u00e9s de la nutrici\u00f3n y el estilo de vida. <\/p>\n<p> &#8211; Mejorar la dieta y el metabolismo. <\/p>\n<p> &#8211; Ocuparse de la obesidad, la diabetes, la hipertensi\u00f3n y las enfermedades cardiovasculares, as\u00ed como de otras enfermedades   cr\u00f3nicas. <\/p>\n<p> &#8211; Liberarse de medicamentos innecesarios, incluidos muchos f\u00e1rmacos que se prescriben para la diabetes y la hipertensi\u00f3n.<\/p>\n<p>  Y, lo que es m\u00e1s, el Dr.  Lufkin ofrece consejos pr\u00e1cticos para corregir las causas fundamentales de las enfermedades cr\u00f3nicas   mediante la realizaci\u00f3n de cambios en diversos aspectos de nuestro estilo de vida, como la nutrici\u00f3n, el sue\u00f1o, el ejercicio y la   gesti\u00f3n del estr\u00e9s.  Las mentiras que ense\u00f1\u00e9 en la facultad de medicina es una gu\u00eda hol\u00edstica y revolucionaria que te ayudar\u00e1 a   tomar el control de tu salud\u2026 antes de que sea demasiado tarde.<\/p>\n","protected":false},"excerpt":{"rendered":"<p>LUFKIN, ROBERT<\/p>\n","protected":false},"featured_media":1064517,"template":"","meta":{"_acf_changed":false,"om_disable_all_campaigns":false,"rs_blank_template":"","rs_page_bg_color":"","slide_template_v7":"","inline_featured_image":false,"_monsterinsights_skip_tracking":false,"_monsterinsights_sitenote_active":false,"_monsterinsights_sitenote_note":"","_monsterinsights_sitenote_category":0},"product_brand":[],"product_cat":[547,97],"product_tag":[],"class_list":{"0":"post-1064485","1":"product","2":"type-product","3":"status-publish","4":"has-post-thumbnail","6":"product_cat-salud","7":"product_cat-salut","9":"first","10":"instock","11":"taxable","12":"shipping-taxable","13":"purchasable","14":"product-type-simple"},"acf":{"autor":"LUFKIN, ROBERT","codart":"841172339","libros-coleccion":"SALUD Y VIDA NATURAL","ediciones":"1","encuadernacion":"R\u00fastica","fecha_de_publicacion":"01\/11\/2025","novedad":"1","paginas":"424","subtitulo":"","orden":"0","portada":"0","idioma":"spa","booktrailer":"","resenas":"","editorial":[{"ID":147839,"post_author":"3","post_date":"2022-10-14 11:53:36","post_date_gmt":"2022-10-14 09:53:36","post_content":"","post_title":"EDICIONES OBELISCO","post_excerpt":"","post_status":"publish","comment_status":"closed","ping_status":"closed","post_password":"","post_name":"ediciones-obelisco","to_ping":"","pinged":"","post_modified":"2022-10-14 11:53:36","post_modified_gmt":"2022-10-14 09:53:36","post_content_filtered":"","post_parent":0,"guid":"http:\/\/dev.claret.cat\/editorial\/ediciones-obelisco\/","menu_order":0,"post_type":"editorial","post_mime_type":"","comment_count":"0","filter":"raw"}]},"aioseo_notices":[],"_links":{"self":[{"href":"https:\/\/www.claret.cat\/es\/wp-json\/wp\/v2\/product\/1064485","targetHints":{"allow":["GET"]}}],"collection":[{"href":"https:\/\/www.claret.cat\/es\/wp-json\/wp\/v2\/product"}],"about":[{"href":"https:\/\/www.claret.cat\/es\/wp-json\/wp\/v2\/types\/product"}],"wp:featuredmedia":[{"embeddable":true,"href":"https:\/\/www.claret.cat\/es\/wp-json\/wp\/v2\/media\/1064517"}],"wp:attachment":[{"href":"https:\/\/www.claret.cat\/es\/wp-json\/wp\/v2\/media?parent=1064485"}],"wp:term":[{"taxonomy":"product_brand","embeddable":true,"href":"https:\/\/www.claret.cat\/es\/wp-json\/wp\/v2\/product_brand?post=1064485"},{"taxonomy":"product_cat","embeddable":true,"href":"https:\/\/www.claret.cat\/es\/wp-json\/wp\/v2\/product_cat?post=1064485"},{"taxonomy":"product_tag","embeddable":true,"href":"https:\/\/www.claret.cat\/es\/wp-json\/wp\/v2\/product_tag?post=1064485"}],"curies":[{"name":"wp","href":"https:\/\/api.w.org\/{rel}","templated":true}]}}