{"id":1064535,"date":"2025-11-07T11:35:02","date_gmt":"2025-11-07T10:35:02","guid":{"rendered":"https:\/\/www.claret.cat\/llibre\/obras-completas-santa-teresa-de-jesus-9788479143107\/"},"modified":"2026-04-24T19:10:07","modified_gmt":"2026-04-24T17:10:07","slug":"obras-completas-santa-teresa-de-jesus-9788479143107","status":"publish","type":"product","link":"https:\/\/www.claret.cat\/es\/libro\/obras-completas-santa-teresa-de-jesus-9788479143107\/","title":{"rendered":"OBRAS COMPLETAS SANTA TERESA DE JESUS"},"content":{"rendered":"<p>Este volumen re\u00fane todos los escritos que se conocen de Santa Teresa: Libro de la vida, Camino de perfecci\u00f3n, Meditaciones sobre los Cantares, Moradas de castillo interior, Exclamaciones, Poes\u00edas, Libro de las fundaciones, Constituciones, Visita de Descalzas, Avisos y Epistolario. El libro, adem\u00e1s, se completa con una extensa bibliograf\u00eda teresiana y una introducci\u00f3n general, en la que se tejen todos los hilos de la historia de la Santa y se rese\u00f1an los principales acontecimientos y personas que se enlazan con ella. Finalmente, todo se hace tangible con dos \u00edndices complet\u00edsimos: uno de \u00abtemas\u00bb, que recoge en forma sistem\u00e1tica los dichos de la Santa sobre cada cuesti\u00f3n, y otro de \u00abpersonas\u00bb y \u00ablugares\u00bb.<\/p>\n","protected":false},"excerpt":{"rendered":"<p>TERESA DE JESUS, SANTA<\/p>\n","protected":false},"featured_media":1064536,"template":"","meta":{"_acf_changed":false,"om_disable_all_campaigns":false,"rs_blank_template":"","rs_page_bg_color":"","slide_template_v7":"","inline_featured_image":false,"_monsterinsights_skip_tracking":false,"_monsterinsights_sitenote_active":false,"_monsterinsights_sitenote_note":"","_monsterinsights_sitenote_category":0},"product_brand":[],"product_cat":[485,232,492,242],"product_tag":[],"class_list":{"0":"post-1064535","1":"product","2":"type-product","3":"status-publish","4":"has-post-thumbnail","6":"product_cat-autores-espiritualidad-1_espiritualidad","7":"product_cat-autors-espiritualitat","8":"product_cat-carmelitana-espiritualidad-1_espiritualidad","9":"product_cat-carmelitana","11":"first","12":"instock","13":"taxable","14":"shipping-taxable","15":"purchasable","16":"product-type-simple"},"acf":{"autor":"TERESA DE JESUS, SANTA","codart":"847914310","libros-coleccion":"FORA DE COL.LECCI\u00d3","ediciones":"3","encuadernacion":"Carton\u00e9","fecha_de_publicacion":"01\/12\/1984","novedad":"0","paginas":"1478","subtitulo":"","orden":"999","portada":"0","idioma":"spa","booktrailer":"","resenas":"","editorial":[{"ID":6139,"post_author":"3","post_date":"2022-07-28 17:45:43","post_date_gmt":"2022-07-28 15:45:43","post_content":"","post_title":"BAC","post_excerpt":"","post_status":"publish","comment_status":"closed","ping_status":"closed","post_password":"","post_name":"bac","to_ping":"","pinged":"","post_modified":"2022-07-28 17:45:43","post_modified_gmt":"2022-07-28 15:45:43","post_content_filtered":"","post_parent":0,"guid":"http:\/\/dev.claret.cat\/editorial\/bac\/","menu_order":0,"post_type":"editorial","post_mime_type":"","comment_count":"0","filter":"raw"}],"autores-libros":[{"ID":168997,"post_author":"3","post_date":"2022-10-14 22:23:39","post_date_gmt":"2022-10-14 20:23:39","post_content":"","post_title":"SANTA TERESA DE JESUS","post_excerpt":"","post_status":"publish","comment_status":"closed","ping_status":"closed","post_password":"","post_name":"santa-teresa-de-jesus-2","to_ping":"","pinged":"","post_modified":"2022-10-14 22:23:39","post_modified_gmt":"2022-10-14 20:23:39","post_content_filtered":"","post_parent":0,"guid":"http:\/\/dev.claret.cat\/autor\/santa-teresa-de-jesus-2\/","menu_order":0,"post_type":"autor","post_mime_type":"","comment_count":"0","filter":"raw"}],"traductores-libros":"","ilustradores-libros":"","formato":"","linkebook":"","precioebook":"","ebookportada":false,"ficha":"","muestra":"","presentacion":"","recomendamos":"","mas_vendido":""},"aioseo_notices":[],"_links":{"self":[{"href":"https:\/\/www.claret.cat\/es\/wp-json\/wp\/v2\/product\/1064535","targetHints":{"allow":["GET"]}}],"collection":[{"href":"https:\/\/www.claret.cat\/es\/wp-json\/wp\/v2\/product"}],"about":[{"href":"https:\/\/www.claret.cat\/es\/wp-json\/wp\/v2\/types\/product"}],"wp:featuredmedia":[{"embeddable":true,"href":"https:\/\/www.claret.cat\/es\/wp-json\/wp\/v2\/media\/1064536"}],"wp:attachment":[{"href":"https:\/\/www.claret.cat\/es\/wp-json\/wp\/v2\/media?parent=1064535"}],"wp:term":[{"taxonomy":"product_brand","embeddable":true,"href":"https:\/\/www.claret.cat\/es\/wp-json\/wp\/v2\/product_brand?post=1064535"},{"taxonomy":"product_cat","embeddable":true,"href":"https:\/\/www.claret.cat\/es\/wp-json\/wp\/v2\/product_cat?post=1064535"},{"taxonomy":"product_tag","embeddable":true,"href":"https:\/\/www.claret.cat\/es\/wp-json\/wp\/v2\/product_tag?post=1064535"}],"curies":[{"name":"wp","href":"https:\/\/api.w.org\/{rel}","templated":true}]}}