{"id":1064538,"date":"2025-11-07T11:45:15","date_gmt":"2025-11-07T10:45:15","guid":{"rendered":"https:\/\/www.claret.cat\/llibre\/bizancio-los-primeros-siglos-9788417743215\/"},"modified":"2025-11-24T10:30:14","modified_gmt":"2025-11-24T09:30:14","slug":"bizancio-los-primeros-siglos-9788417743215","status":"publish","type":"product","link":"https:\/\/www.claret.cat\/es\/libro\/bizancio-los-primeros-siglos-9788417743215\/","title":{"rendered":"BIZANCIO: LOS PRIMEROS SIGLOS"},"content":{"rendered":"<p>El ascenso del Imperio bizantino desde Constantino a Carlomagno<\/p>\n<p> Cuando en el a\u00f1o 476 Odoacro depuso a R\u00f3mulo Aug\u00fastulo, a Roma todav\u00eda le quedaba un milenio de vida. Con su magn\u00edfica capital, Constantinopla, el Imperio romano de Oriente &#x2014;o Bizancio&#x2014; tendr\u00eda una vibrante historia y ser\u00eda una potencia cultural y pol\u00edtica de primer orden.<br \/> En este brillante ensayo hist\u00f3rico, John Julius Norwich cuenta la historia del Imperio bizantino desde sus inicios hasta la aparici\u00f3n de su \u00fanico rival europeo, el Sacro Imperio Romano Germ\u00e1nico, con la coronaci\u00f3n de Carlomagno el d\u00eda de Navidad del a\u00f1o 800 d. C. Esos cinco primeros siglos estuvieron marcados por cambios y dramas extraordinarios: la adopci\u00f3n del cristianismo en el mundo grecorromano; la ca\u00edda de Roma; los reinados de Constantino, Teodosio el Grande y Justiniano, las guerras de Belisario y las intrigas de emperatrices como Eudoxia y Teodora. <br \/> Fueron siglos de derramamiento de sangre, en los que el imperio defendi\u00f3 su existencia en incontables batallas; siglos de controversia, en los que se discuti\u00f3 apasionadamente sobre la naturaleza de Cristo y de su Iglesia; siglos de erudici\u00f3n, en los que la cultura del mundo antiguo se mantuvo viva y se preserv\u00f3, y siglos de creatividad, en los que el genio bizantino cre\u00f3 un arte y una arquitectura inspirados e impregnados de una profunda espiritualidad sin parang\u00f3n en ninguna otra \u00e9poca. Bizancio. Los primeros siglos evoca el misterio y la magia de este extraordinario imperio.<\/p>\n","protected":false},"excerpt":{"rendered":"<p>NORWICH, JOHN JULIUS<\/p>\n","protected":false},"featured_media":1064539,"template":"","meta":{"_acf_changed":false,"om_disable_all_campaigns":false,"rs_blank_template":"","rs_page_bg_color":"","slide_template_v7":"","inline_featured_image":false,"_monsterinsights_skip_tracking":false,"_monsterinsights_sitenote_active":false,"_monsterinsights_sitenote_note":"","_monsterinsights_sitenote_category":0},"product_brand":[],"product_cat":[148,367,427,149],"product_tag":[],"class_list":{"0":"post-1064538","1":"product","2":"type-product","3":"status-publish","4":"has-post-thumbnail","6":"product_cat-antiga","7":"product_cat-antigua","8":"product_cat-medieval-historia-2_humanidades","9":"product_cat-medieval","11":"first","12":"instock","13":"taxable","14":"shipping-taxable","15":"purchasable","16":"product-type-simple"},"acf":{"autor":"NORWICH, JOHN JULIUS","codart":"841774321","libros-coleccion":"\u00c1tico Historia","ediciones":"1","encuadernacion":"Carton\u00e9","fecha_de_publicacion":"01\/01\/2024","novedad":"1","paginas":"528","subtitulo":"","orden":"0","portada":"0","idioma":"spa","booktrailer":"","resenas":"","editorial":[{"ID":6131,"post_author":"3","post_date":"2022-07-28 17:45:33","post_date_gmt":"2022-07-28 15:45:33","post_content":"","post_title":"ATICO DE LOS LIBROS","post_excerpt":"","post_status":"publish","comment_status":"closed","ping_status":"closed","post_password":"","post_name":"atico-de-los-libros","to_ping":"","pinged":"","post_modified":"2022-07-28 17:45:33","post_modified_gmt":"2022-07-28 15:45:33","post_content_filtered":"","post_parent":0,"guid":"http:\/\/dev.claret.cat\/editorial\/atico-de-los-libros\/","menu_order":0,"post_type":"editorial","post_mime_type":"","comment_count":"0","filter":"raw"}]},"aioseo_notices":[],"_links":{"self":[{"href":"https:\/\/www.claret.cat\/es\/wp-json\/wp\/v2\/product\/1064538","targetHints":{"allow":["GET"]}}],"collection":[{"href":"https:\/\/www.claret.cat\/es\/wp-json\/wp\/v2\/product"}],"about":[{"href":"https:\/\/www.claret.cat\/es\/wp-json\/wp\/v2\/types\/product"}],"wp:featuredmedia":[{"embeddable":true,"href":"https:\/\/www.claret.cat\/es\/wp-json\/wp\/v2\/media\/1064539"}],"wp:attachment":[{"href":"https:\/\/www.claret.cat\/es\/wp-json\/wp\/v2\/media?parent=1064538"}],"wp:term":[{"taxonomy":"product_brand","embeddable":true,"href":"https:\/\/www.claret.cat\/es\/wp-json\/wp\/v2\/product_brand?post=1064538"},{"taxonomy":"product_cat","embeddable":true,"href":"https:\/\/www.claret.cat\/es\/wp-json\/wp\/v2\/product_cat?post=1064538"},{"taxonomy":"product_tag","embeddable":true,"href":"https:\/\/www.claret.cat\/es\/wp-json\/wp\/v2\/product_tag?post=1064538"}],"curies":[{"name":"wp","href":"https:\/\/api.w.org\/{rel}","templated":true}]}}