{"id":1064541,"date":"2025-11-07T11:50:04","date_gmt":"2025-11-07T10:50:04","guid":{"rendered":"https:\/\/www.claret.cat\/llibre\/bizancio-el-apogeo-9788417743567\/"},"modified":"2025-11-24T10:30:22","modified_gmt":"2025-11-24T09:30:22","slug":"bizancio-el-apogeo-9788417743567","status":"publish","type":"product","link":"https:\/\/www.claret.cat\/es\/libro\/bizancio-el-apogeo-9788417743567\/","title":{"rendered":"BIZANCIO: EL APOGEO"},"content":{"rendered":"<p>La c\u00faspide del poder bizantino, de Carlomagno a Manzikert<\/p>\n<p> La coronaci\u00f3n de Carlomagno como emperador de Roma en Occidente supuso un desaf\u00edo para la autoridad de Bizancio, pero el imperio demostr\u00f3 una sorprendente capacidad para reponerse de los reveses y salir victorioso y m\u00e1s fuerte que nunca.<\/p>\n<p> En Bizancio. El apogeo, nos sumergiremos en la \u00e9poca de esplendor de Bizancio entre los siglos ix y xi. Durante este periodo, el Imperio bizantino se consolid\u00f3 como baluarte europeo frente a las incursiones \u00e1rabes y turcas, y desempe\u00f1\u00f3 un papel crucial en la cristianizaci\u00f3n de los pueblos eslavos y en la configuraci\u00f3n de Europa.<\/p>\n<p> De la mano de John Julius Norwich, maestro de la historia narrativa, asistiremos al renacimiento cultural y pol\u00edtico de la dinast\u00eda macedonia, seremos testigos del regreso de la pol\u00e9mica de la iconoclasia y nos adentraremos en intrigas palaciegas y retorcidas tramas de asesinatos pol\u00edticos. Conoceremos tambi\u00e9n reinados tan fascinantes como el del usurpador Romano y el del erudito Porfirog\u00e9neta, presenciaremos el doloroso cisma entre las Iglesias cat\u00f3lica y ortodoxa y nos meteremos en el fragor de la trascendental batalla de Manzikert.<br \/> Bizancio. El apogeo es una obra clave que nos adentra en el esplendor del Imperio romano de Oriente, el Estado m\u00e1s importante de la cristiandad medieval.<\/p>\n","protected":false},"excerpt":{"rendered":"<p>NORWICH, JOHN JULIUS<\/p>\n","protected":false},"featured_media":1064542,"template":"","meta":{"_acf_changed":false,"om_disable_all_campaigns":false,"rs_blank_template":"","rs_page_bg_color":"","slide_template_v7":"","inline_featured_image":false,"_monsterinsights_skip_tracking":false,"_monsterinsights_sitenote_active":false,"_monsterinsights_sitenote_note":"","_monsterinsights_sitenote_category":0},"product_brand":[],"product_cat":[148,367,427,149],"product_tag":[],"class_list":{"0":"post-1064541","1":"product","2":"type-product","3":"status-publish","4":"has-post-thumbnail","6":"product_cat-antiga","7":"product_cat-antigua","8":"product_cat-medieval-historia-2_humanidades","9":"product_cat-medieval","11":"first","12":"instock","13":"taxable","14":"shipping-taxable","15":"purchasable","16":"product-type-simple"},"acf":{"autor":"NORWICH, JOHN JULIUS","codart":"841774356","libros-coleccion":"\u00c1tico Historia","ediciones":"1","encuadernacion":"Carton\u00e9","fecha_de_publicacion":"01\/11\/2024","novedad":"1","paginas":"528","subtitulo":"","orden":"0","portada":"0","idioma":"spa","booktrailer":"","resenas":"","editorial":[{"ID":6131,"post_author":"3","post_date":"2022-07-28 17:45:33","post_date_gmt":"2022-07-28 15:45:33","post_content":"","post_title":"ATICO DE LOS LIBROS","post_excerpt":"","post_status":"publish","comment_status":"closed","ping_status":"closed","post_password":"","post_name":"atico-de-los-libros","to_ping":"","pinged":"","post_modified":"2022-07-28 17:45:33","post_modified_gmt":"2022-07-28 15:45:33","post_content_filtered":"","post_parent":0,"guid":"http:\/\/dev.claret.cat\/editorial\/atico-de-los-libros\/","menu_order":0,"post_type":"editorial","post_mime_type":"","comment_count":"0","filter":"raw"}]},"aioseo_notices":[],"_links":{"self":[{"href":"https:\/\/www.claret.cat\/es\/wp-json\/wp\/v2\/product\/1064541","targetHints":{"allow":["GET"]}}],"collection":[{"href":"https:\/\/www.claret.cat\/es\/wp-json\/wp\/v2\/product"}],"about":[{"href":"https:\/\/www.claret.cat\/es\/wp-json\/wp\/v2\/types\/product"}],"wp:featuredmedia":[{"embeddable":true,"href":"https:\/\/www.claret.cat\/es\/wp-json\/wp\/v2\/media\/1064542"}],"wp:attachment":[{"href":"https:\/\/www.claret.cat\/es\/wp-json\/wp\/v2\/media?parent=1064541"}],"wp:term":[{"taxonomy":"product_brand","embeddable":true,"href":"https:\/\/www.claret.cat\/es\/wp-json\/wp\/v2\/product_brand?post=1064541"},{"taxonomy":"product_cat","embeddable":true,"href":"https:\/\/www.claret.cat\/es\/wp-json\/wp\/v2\/product_cat?post=1064541"},{"taxonomy":"product_tag","embeddable":true,"href":"https:\/\/www.claret.cat\/es\/wp-json\/wp\/v2\/product_tag?post=1064541"}],"curies":[{"name":"wp","href":"https:\/\/api.w.org\/{rel}","templated":true}]}}