{"id":1064636,"date":"2025-11-07T19:15:02","date_gmt":"2025-11-07T18:15:02","guid":{"rendered":"https:\/\/www.claret.cat\/llibre\/dracula-catala-9788475841045\/"},"modified":"2025-11-07T19:15:33","modified_gmt":"2025-11-07T18:15:33","slug":"dracula-catala-9788475841045","status":"publish","type":"product","link":"https:\/\/www.claret.cat\/es\/libro\/dracula-catala-9788475841045\/","title":{"rendered":"DR\u00c0CULA (CATAL\u00c0)"},"content":{"rendered":"<p>Des de 1867, en qu\u00e8 coneix l?actor Henry Irving i es converteix en el seu secretari, fins que public\u00e0 Dr\u00e1cula (1897), transcorren trenta anys dels quals ben poca cosa sabem de la vida de Bram Stoker. Se sap que pertanyia a la societat ?Golden Dawn?, de la qual eren membres tamb\u00e9 altres destacats escriptors de terror: Arthur Machen, Algernon Balckwood, Sax Rohmer&#8230;; se sap que de la lectura de la novel\u00b7la de Sheridan Le fanu, Carmilla, va influir-lo fins al punt de voler escriure una novel\u00b7la sobre vampirisme, i sabem, igualment, que el fal\u00b7la\u00e7 esc\u00e8ptic que era Sir Henry Irving va apostar-li que no l?acabaria. Resultat d?aquesta juguesca, Dr\u00e1cula \u00e9s una novel\u00b7la que mereix des del judici m\u00e9s elogi\u00f3s -Oscar wilde la qualific\u00e0 com una de les millors novel\u00b7les de tots els temps fins a la valoraci\u00f3 m\u00e9s moderada -Montague Summer deia que ?est\u00e0 admirablement elaborada i, si tota l?obra hagu\u00e9s mantingut el mateix nivell que la primera part, estar\u00edem davant d?una aut\u00e8ntica obra mestra?-, que ha estat tradu\u00efda a les lleng\u00fces m\u00e9s importants del m\u00f3n i sobre la qual s?han fet nombroses verisons cinematogr\u00e0fiques i diverses representacions teatrals.<\/p>\n","protected":false},"excerpt":{"rendered":"<p>STOKER, BRAM<\/p>\n","protected":false},"featured_media":1064637,"template":"","meta":{"_acf_changed":false,"om_disable_all_campaigns":false,"rs_blank_template":"","rs_page_bg_color":"","slide_template_v7":"","inline_featured_image":false,"_monsterinsights_skip_tracking":false,"_monsterinsights_sitenote_active":false,"_monsterinsights_sitenote_note":"","_monsterinsights_sitenote_category":0},"product_brand":[],"product_cat":[354,123],"product_tag":[],"class_list":{"0":"post-1064636","1":"product","2":"type-product","3":"status-publish","4":"has-post-thumbnail","6":"product_cat-clasica","7":"product_cat-classica","9":"first","10":"instock","11":"taxable","12":"shipping-taxable","13":"purchasable","14":"product-type-simple"},"acf":{"autor":"STOKER, BRAM","codart":"847584104","libros-coleccion":"ARCA, L'","ediciones":"2","encuadernacion":"[EditValue is null]","fecha_de_publicacion":"01\/05\/1989","novedad":"0","paginas":"468","subtitulo":"","orden":"999","portada":"0","idioma":"cat","booktrailer":"","resenas":"","editorial":[{"ID":262238,"post_author":"3","post_date":"2022-10-24 11:21:45","post_date_gmt":"2022-10-24 09:21:45","post_content":"","post_title":"LAERTES, S.A. DE EDICIONES","post_excerpt":"","post_status":"publish","comment_status":"closed","ping_status":"closed","post_password":"","post_name":"laertes-s-a-de-ediciones","to_ping":"","pinged":"","post_modified":"2022-10-24 11:21:45","post_modified_gmt":"2022-10-24 09:21:45","post_content_filtered":"","post_parent":0,"guid":"http:\/\/dev.claret.cat\/editorial\/laertes-s-a-de-ediciones\/","menu_order":0,"post_type":"editorial","post_mime_type":"","comment_count":"0","filter":"raw"}],"autores-libros":[{"ID":151858,"post_author":"3","post_date":"2022-10-14 14:44:11","post_date_gmt":"2022-10-14 12:44:11","post_content":"","post_title":"BRAM STOKER","post_excerpt":"","post_status":"publish","comment_status":"closed","ping_status":"closed","post_password":"","post_name":"bram-stoker","to_ping":"","pinged":"","post_modified":"2022-10-14 14:44:11","post_modified_gmt":"2022-10-14 12:44:11","post_content_filtered":"","post_parent":0,"guid":"http:\/\/dev.claret.cat\/autor\/bram-stoker\/","menu_order":0,"post_type":"autor","post_mime_type":"","comment_count":"0","filter":"raw"}]},"aioseo_notices":[],"_links":{"self":[{"href":"https:\/\/www.claret.cat\/es\/wp-json\/wp\/v2\/product\/1064636","targetHints":{"allow":["GET"]}}],"collection":[{"href":"https:\/\/www.claret.cat\/es\/wp-json\/wp\/v2\/product"}],"about":[{"href":"https:\/\/www.claret.cat\/es\/wp-json\/wp\/v2\/types\/product"}],"wp:featuredmedia":[{"embeddable":true,"href":"https:\/\/www.claret.cat\/es\/wp-json\/wp\/v2\/media\/1064637"}],"wp:attachment":[{"href":"https:\/\/www.claret.cat\/es\/wp-json\/wp\/v2\/media?parent=1064636"}],"wp:term":[{"taxonomy":"product_brand","embeddable":true,"href":"https:\/\/www.claret.cat\/es\/wp-json\/wp\/v2\/product_brand?post=1064636"},{"taxonomy":"product_cat","embeddable":true,"href":"https:\/\/www.claret.cat\/es\/wp-json\/wp\/v2\/product_cat?post=1064636"},{"taxonomy":"product_tag","embeddable":true,"href":"https:\/\/www.claret.cat\/es\/wp-json\/wp\/v2\/product_tag?post=1064636"}],"curies":[{"name":"wp","href":"https:\/\/api.w.org\/{rel}","templated":true}]}}