{"id":1064693,"date":"2025-11-08T13:10:02","date_gmt":"2025-11-08T12:10:02","guid":{"rendered":"https:\/\/www.claret.cat\/llibre\/anticuarios-modernos-9791399013429\/"},"modified":"2025-11-13T16:56:44","modified_gmt":"2025-11-13T15:56:44","slug":"anticuarios-modernos-9791399013429","status":"publish","type":"product","link":"https:\/\/www.claret.cat\/es\/libro\/anticuarios-modernos-9791399013429\/","title":{"rendered":"ANTICUARIOS MODERNOS"},"content":{"rendered":"<p>No es extra\u00f1o que al escuchar la palabra anticuario frunzamos el ce\u00f1o y nos llevemos la mano a la cartera. Nos vienen a la mente im\u00e1genes de establecimientos vetustos llenos de polvo, en los que los objetos se amontonan como las ruinas que ha dejado la Historia. Y el anticuario, testigo privilegiado de interiores \u2013de las casas, pero tambi\u00e9n de las miserias humanas\u2013, negociante astuto y custodio de fondos de procedencia desconocida, no deja de ser una figura oscura y un tanto enigm\u00e1tica. En la imaginaci\u00f3n popular, su oficio se asocia antes al cambalache de objetos que al valor de los objetos en s\u00ed. Se pasa por alto que, si los anticuarios no mediaran en su conservaci\u00f3n, muchos de ellos se perder\u00edan para siempre. Sospechoso de ser c\u00f3mplice \u2013cuando no perpetrador\u2013 de robos, estafas y expolios, reina un gran silencio respecto a su papel como descubridor y restaurador. Porque si bien es cierto que el anticuario se gana la vida con el comercio, no lo es menos que el verdadero anticuario, aquel que se ha forjado entrenando el ojo para saber si una pieza tiene valor, es tambi\u00e9n una suerte de connaisseur. En estos trece episodios \u2013en los que algunos lectores se reconocer\u00e1n\u2013, Artur Ramon, anticuario por herencia y por formaci\u00f3n, aparta la cortina y nos invita a entrar en un mundo que comercia con lo superfluo pero que es tambi\u00e9n depositario de una idea de belleza que nos recuerda la tendencia de nuestra sociedad a confundir el arte con el lujo.<\/p>\n","protected":false},"excerpt":{"rendered":"<p>RAMON, ARTUR<\/p>\n","protected":false},"featured_media":1064694,"template":"","meta":{"_acf_changed":false,"om_disable_all_campaigns":false,"rs_blank_template":"","rs_page_bg_color":"","slide_template_v7":"","inline_featured_image":false,"_monsterinsights_skip_tracking":false,"_monsterinsights_sitenote_active":false,"_monsterinsights_sitenote_note":"","_monsterinsights_sitenote_category":0},"product_brand":[],"product_cat":[110,560],"product_tag":[],"class_list":{"0":"post-1064693","1":"product","2":"type-product","3":"status-publish","4":"has-post-thumbnail","6":"product_cat-art","7":"product_cat-arte","9":"first","10":"instock","11":"taxable","12":"shipping-taxable","13":"purchasable","14":"product-type-simple"},"acf":{"autor":"RAMON, ARTUR","codart":"139901342","libros-coleccion":"Elba","ediciones":"1","encuadernacion":"R\u00fastica","fecha_de_publicacion":"01\/10\/2025","novedad":"1","paginas":"128","subtitulo":"","orden":"0","portada":"0","idioma":"spa","booktrailer":"","resenas":"","editorial":[{"ID":147971,"post_author":"3","post_date":"2022-10-14 11:54:38","post_date_gmt":"2022-10-14 09:54:38","post_content":"","post_title":"EDITORIAL ELBA","post_excerpt":"","post_status":"publish","comment_status":"closed","ping_status":"closed","post_password":"","post_name":"editorial-elba","to_ping":"","pinged":"","post_modified":"2022-10-14 11:54:38","post_modified_gmt":"2022-10-14 09:54:38","post_content_filtered":"","post_parent":0,"guid":"http:\/\/dev.claret.cat\/editorial\/editorial-elba\/","menu_order":0,"post_type":"editorial","post_mime_type":"","comment_count":"0","filter":"raw"}]},"aioseo_notices":[],"_links":{"self":[{"href":"https:\/\/www.claret.cat\/es\/wp-json\/wp\/v2\/product\/1064693","targetHints":{"allow":["GET"]}}],"collection":[{"href":"https:\/\/www.claret.cat\/es\/wp-json\/wp\/v2\/product"}],"about":[{"href":"https:\/\/www.claret.cat\/es\/wp-json\/wp\/v2\/types\/product"}],"wp:featuredmedia":[{"embeddable":true,"href":"https:\/\/www.claret.cat\/es\/wp-json\/wp\/v2\/media\/1064694"}],"wp:attachment":[{"href":"https:\/\/www.claret.cat\/es\/wp-json\/wp\/v2\/media?parent=1064693"}],"wp:term":[{"taxonomy":"product_brand","embeddable":true,"href":"https:\/\/www.claret.cat\/es\/wp-json\/wp\/v2\/product_brand?post=1064693"},{"taxonomy":"product_cat","embeddable":true,"href":"https:\/\/www.claret.cat\/es\/wp-json\/wp\/v2\/product_cat?post=1064693"},{"taxonomy":"product_tag","embeddable":true,"href":"https:\/\/www.claret.cat\/es\/wp-json\/wp\/v2\/product_tag?post=1064693"}],"curies":[{"name":"wp","href":"https:\/\/api.w.org\/{rel}","templated":true}]}}