{"id":106474,"date":"2022-10-12T09:17:56","date_gmt":"2022-10-12T07:17:56","guid":{"rendered":"http:\/\/dev.claret.cat\/producte\/cosecha-de-amigos-la-casita-bajo-tierra-1\/"},"modified":"2023-01-28T14:43:20","modified_gmt":"2023-01-28T13:43:20","slug":"cosecha-de-amigos-la-casita-bajo-tierra-1-9788417736736","status":"publish","type":"product","link":"https:\/\/www.claret.cat\/es\/libro\/cosecha-de-amigos-la-casita-bajo-tierra-1-9788417736736\/","title":{"rendered":"COSECHA DE AMIGOS (LA CASITA BAJO TIERRA 1)"},"content":{"rendered":"<p>\u00a1Conoce a Lena, Oli y Tom\u00e1s, los habitantes de La casita bajo tierra! M\u00e1s all\u00e1 de las colinas, en un bosque f\u00e9rtil y frondoso, los animales  viven felices y ajenos al mundanal ruido. En ese bosque del Cant\u00e1brico  es donde se instalan los Zarzamora, una maravillosa familia de liebres  formada por los padres y sus tres reto\u00f1os, Lena, Oli y Tom\u00e1s. La casita bajo tierra es una serie de primeras lecturas con el  esp\u00edritu de los grandes cl\u00e1sicos de la literatura infantil: animales que  hablan, bosques y aldeas llenas de vida, casitas diminutas con todo lo  necesario: familia, amigos y mucho coraz\u00f3n. Una serie que har\u00e1 las  delicias de peque\u00f1os y grandes, tanto por sus preciosas ilustraciones  como por su magn\u00edfica historia, que fomenta la diversidad, el cuidado de  la naturaleza y la biodiversidad de nuestros bosques y valles, y el amor por la familia y los amigos. Catalina Gonz\u00e1lez Vilar ha sido Premio Internacional \u00c1lbum  Ilustrado Edelvives 2016 y Premio Barco de Vapor 2012, entre otros. Las mejores historias son las que ocurren bajo tierra&#8230;<\/p>\n","protected":false},"excerpt":{"rendered":"<p>G\u00d3NZALEZ VILAR, CATALINA<\/p>\n","protected":false},"featured_media":106475,"template":"","meta":{"_acf_changed":false,"om_disable_all_campaigns":false,"rs_blank_template":"","rs_page_bg_color":"","slide_template_v7":"","inline_featured_image":false,"_monsterinsights_skip_tracking":false,"_monsterinsights_sitenote_active":false,"_monsterinsights_sitenote_note":"","_monsterinsights_sitenote_category":0},"product_brand":[],"product_cat":[132],"product_tag":[],"class_list":{"0":"post-106474","1":"product","2":"type-product","3":"status-publish","4":"has-post-thumbnail","6":"product_cat-lectures-per-preadolescents-6-12-anys","8":"first","9":"instock","10":"taxable","11":"shipping-taxable","12":"purchasable","13":"product-type-simple"},"acf":{"editorial":[{"ID":6136,"post_author":"3","post_date":"2022-07-28 17:45:39","post_date_gmt":"2022-07-28 15:45:39","post_content":"","post_title":"B de Blok (Ediciones B)","post_excerpt":"","post_status":"publish","comment_status":"closed","ping_status":"closed","post_password":"","post_name":"b-de-blok-ediciones-b","to_ping":"","pinged":"","post_modified":"2022-07-28 17:45:39","post_modified_gmt":"2022-07-28 15:45:39","post_content_filtered":"","post_parent":0,"guid":"http:\/\/dev.claret.cat\/editorial\/b-de-blok-ediciones-b\/","menu_order":0,"post_type":"editorial","post_mime_type":"","comment_count":"0","filter":"raw"}],"autor":"G\u00d3NZALEZ VILAR, CATALINA","codart":"841773673","libros-coleccion":"FORA DE COL.LECCI\u00d3","ediciones":"1","encuadernacion":"Carton\u00e9","fecha_de_publicacion":"01\/09\/2020","novedad":"1","paginas":"93","subtitulo":"","orden":"0","portada":"0","idioma":"spa","autores-libros":[{"ID":152563,"post_author":"3","post_date":"2022-10-14 14:49:46","post_date_gmt":"2022-10-14 12:49:46","post_content":"","post_title":"CATALINA GONZ\u00c1LEZ VILAR","post_excerpt":"","post_status":"publish","comment_status":"closed","ping_status":"closed","post_password":"","post_name":"catalina-gonzalez-vilar","to_ping":"","pinged":"","post_modified":"2022-10-14 14:49:46","post_modified_gmt":"2022-10-14 12:49:46","post_content_filtered":"","post_parent":0,"guid":"http:\/\/dev.claret.cat\/autor\/catalina-gonzalez-vilar\/","menu_order":0,"post_type":"autor","post_mime_type":"","comment_count":"0","filter":"raw"}]},"aioseo_notices":[],"_links":{"self":[{"href":"https:\/\/www.claret.cat\/es\/wp-json\/wp\/v2\/product\/106474","targetHints":{"allow":["GET"]}}],"collection":[{"href":"https:\/\/www.claret.cat\/es\/wp-json\/wp\/v2\/product"}],"about":[{"href":"https:\/\/www.claret.cat\/es\/wp-json\/wp\/v2\/types\/product"}],"wp:featuredmedia":[{"embeddable":true,"href":"https:\/\/www.claret.cat\/es\/wp-json\/wp\/v2\/media\/106475"}],"wp:attachment":[{"href":"https:\/\/www.claret.cat\/es\/wp-json\/wp\/v2\/media?parent=106474"}],"wp:term":[{"taxonomy":"product_brand","embeddable":true,"href":"https:\/\/www.claret.cat\/es\/wp-json\/wp\/v2\/product_brand?post=106474"},{"taxonomy":"product_cat","embeddable":true,"href":"https:\/\/www.claret.cat\/es\/wp-json\/wp\/v2\/product_cat?post=106474"},{"taxonomy":"product_tag","embeddable":true,"href":"https:\/\/www.claret.cat\/es\/wp-json\/wp\/v2\/product_tag?post=106474"}],"curies":[{"name":"wp","href":"https:\/\/api.w.org\/{rel}","templated":true}]}}