{"id":106477,"date":"2022-10-12T09:17:59","date_gmt":"2022-10-12T07:17:59","guid":{"rendered":"http:\/\/dev.claret.cat\/producte\/la-festa-de-primavera-la-caseta-sota-terra-2\/"},"modified":"2025-06-23T11:42:07","modified_gmt":"2025-06-23T09:42:07","slug":"la-festa-de-primavera-la-caseta-sota-terra-2-9788417736798","status":"publish","type":"product","link":"https:\/\/www.claret.cat\/es\/libro\/la-festa-de-primavera-la-caseta-sota-terra-2-9788417736798\/","title":{"rendered":"LA FESTA DE PRIMAVERA (LA CASETA SOTA TERRA 2)"},"content":{"rendered":"<p>Coneix a la Lena, la Tina i en Jep, els habitants de La  caseta sota terra!  La primavera ha tornat de nou a Rocabona acompanyada de la data m\u00e9s  esperada de l&#8221;any: l&#8221;aniversari dels bessons! En Jep, que no es conforma  amb una celebraci\u00f3 corrent, vol organitzar tot sol una festa espaterrant  per a totes les fam\u00edlies de la vall! La Tina i la Lena el volen ajudar,  per\u00f2 com que en Jep no ho vol, totes dues s&#8221;empesquen una sorpresa secreta. I quan arriba l&#8221;hora de gaudir de l&#8221;aniversari m\u00e9s divertit de la  hist\u00f2ria&#8230; les coses es comencen a tor\u00e7ar. En Jep ser\u00e0 capa\u00e7 de salvar  la festa ell solet o li caldr\u00e0 un cop de m\u00e0 de les seves aliades? Les hist\u00f2ries m\u00e9s incre\u00efbles s\u00f3n les que passen sota terra&#8230;<\/p>\n","protected":false},"excerpt":{"rendered":"<p>G\u00d3NZALEZ VILAR, CATALINA<\/p>\n","protected":false},"featured_media":1035569,"template":"","meta":{"_acf_changed":false,"om_disable_all_campaigns":false,"rs_blank_template":"","rs_page_bg_color":"","slide_template_v7":"","inline_featured_image":false,"_monsterinsights_skip_tracking":false,"_monsterinsights_sitenote_active":false,"_monsterinsights_sitenote_note":"","_monsterinsights_sitenote_category":0},"product_brand":[],"product_cat":[132,362],"product_tag":[],"class_list":{"0":"post-106477","1":"product","2":"type-product","3":"status-publish","4":"has-post-thumbnail","6":"product_cat-lectures-per-preadolescents-6-12-anys","7":"product_cat-libros-preadolescentes-6-12-anos","9":"first","10":"outofstock","11":"taxable","12":"shipping-taxable","13":"purchasable","14":"product-type-simple"},"acf":{"editorial":[{"ID":6136,"post_author":"3","post_date":"2022-07-28 17:45:39","post_date_gmt":"2022-07-28 15:45:39","post_content":"","post_title":"B de Blok (Ediciones B)","post_excerpt":"","post_status":"publish","comment_status":"closed","ping_status":"closed","post_password":"","post_name":"b-de-blok-ediciones-b","to_ping":"","pinged":"","post_modified":"2022-07-28 17:45:39","post_modified_gmt":"2022-07-28 15:45:39","post_content_filtered":"","post_parent":0,"guid":"http:\/\/dev.claret.cat\/editorial\/b-de-blok-ediciones-b\/","menu_order":0,"post_type":"editorial","post_mime_type":"","comment_count":"0","filter":"raw"}],"autor":"G\u00d3NZALEZ VILAR, CATALINA","codart":"841773679","libros-coleccion":"FORA DE COL.LECCI\u00d3","ediciones":"1","encuadernacion":"Carton\u00e9","fecha_de_publicacion":"01\/09\/2020","novedad":"0","paginas":"91","subtitulo":"","orden":"0","portada":"0","idioma":"spa","autores-libros":[{"ID":152563,"post_author":"3","post_date":"2022-10-14 14:49:46","post_date_gmt":"2022-10-14 12:49:46","post_content":"","post_title":"CATALINA GONZ\u00c1LEZ VILAR","post_excerpt":"","post_status":"publish","comment_status":"closed","ping_status":"closed","post_password":"","post_name":"catalina-gonzalez-vilar","to_ping":"","pinged":"","post_modified":"2022-10-14 14:49:46","post_modified_gmt":"2022-10-14 12:49:46","post_content_filtered":"","post_parent":0,"guid":"http:\/\/dev.claret.cat\/autor\/catalina-gonzalez-vilar\/","menu_order":0,"post_type":"autor","post_mime_type":"","comment_count":"0","filter":"raw"}],"booktrailer":"","resenas":""},"aioseo_notices":[],"_links":{"self":[{"href":"https:\/\/www.claret.cat\/es\/wp-json\/wp\/v2\/product\/106477","targetHints":{"allow":["GET"]}}],"collection":[{"href":"https:\/\/www.claret.cat\/es\/wp-json\/wp\/v2\/product"}],"about":[{"href":"https:\/\/www.claret.cat\/es\/wp-json\/wp\/v2\/types\/product"}],"wp:featuredmedia":[{"embeddable":true,"href":"https:\/\/www.claret.cat\/es\/wp-json\/wp\/v2\/media\/1035569"}],"wp:attachment":[{"href":"https:\/\/www.claret.cat\/es\/wp-json\/wp\/v2\/media?parent=106477"}],"wp:term":[{"taxonomy":"product_brand","embeddable":true,"href":"https:\/\/www.claret.cat\/es\/wp-json\/wp\/v2\/product_brand?post=106477"},{"taxonomy":"product_cat","embeddable":true,"href":"https:\/\/www.claret.cat\/es\/wp-json\/wp\/v2\/product_cat?post=106477"},{"taxonomy":"product_tag","embeddable":true,"href":"https:\/\/www.claret.cat\/es\/wp-json\/wp\/v2\/product_tag?post=106477"}],"curies":[{"name":"wp","href":"https:\/\/api.w.org\/{rel}","templated":true}]}}