{"id":106492,"date":"2022-10-12T09:18:12","date_gmt":"2022-10-12T07:18:12","guid":{"rendered":"http:\/\/dev.claret.cat\/producte\/la-ciencia-y-la-religion-en-el-mundo\/"},"modified":"2026-04-01T17:54:02","modified_gmt":"2026-04-01T15:54:02","slug":"la-ciencia-y-la-religion-en-el-mundo-9788429329384","status":"publish","type":"product","link":"https:\/\/www.claret.cat\/es\/libro\/la-ciencia-y-la-religion-en-el-mundo-9788429329384\/","title":{"rendered":"LA CIENCIA Y LA RELIGI\u00d3N EN EL MUNDO"},"content":{"rendered":"<p>Una gran introducci\u00f3n al modo en que los seres humanos combinamos la forma de entender la naturaleza y lo sobrenatural. Ofrece estudios bien fundamentados sobre la ciencia y la naturaleza en el judaismo, el cristianismo, el islam as\u00ed como en las antiguas tradiciones religiosas que todav\u00eda perviven en regiones como China, la India o el \u00c1frica subsahariana. Un libro para descubrir la importancia de las perspectivas plurales y del lugar geogr\u00e1fico en la construcci\u00f3n y la percepci\u00f3n de las relaciones entre la ciencia y la religi\u00f3n.<\/p>\n","protected":false},"excerpt":{"rendered":"<p>HEDLEY BROOKE, JOHN; NUMBERS, RONALD L. (eds.)<\/p>\n","protected":false},"featured_media":340791,"template":"","meta":{"_acf_changed":false,"om_disable_all_campaigns":false,"rs_blank_template":"","rs_page_bg_color":"","slide_template_v7":"","inline_featured_image":false,"_monsterinsights_skip_tracking":false,"_monsterinsights_sitenote_active":false,"_monsterinsights_sitenote_note":"","_monsterinsights_sitenote_category":0},"product_brand":[],"product_cat":[90,540],"product_tag":[],"class_list":{"0":"post-106492","1":"product","2":"type-product","3":"status-publish","4":"has-post-thumbnail","6":"product_cat-altres","7":"product_cat-otros","9":"first","10":"instock","11":"taxable","12":"shipping-taxable","13":"purchasable","14":"product-type-simple"},"acf":{"editorial":[{"ID":6351,"post_author":"3","post_date":"2022-07-28 17:50:19","post_date_gmt":"2022-07-28 15:50:19","post_content":"","post_title":"Sal Terrae","post_excerpt":"","post_status":"publish","comment_status":"closed","ping_status":"closed","post_password":"","post_name":"sal-terrae","to_ping":"","pinged":"","post_modified":"2022-07-28 17:50:19","post_modified_gmt":"2022-07-28 15:50:19","post_content_filtered":"","post_parent":0,"guid":"http:\/\/dev.claret.cat\/editorial\/sal-terrae\/","menu_order":0,"post_type":"editorial","post_mime_type":"","comment_count":"0","filter":"raw"}],"autor":"HEDLEY BROOKE, JOHN; NUMBERS, RONALD L. (eds.)","codart":"842932938","libros-coleccion":"Ciencia y religi\u00f3n","ediciones":"1","encuadernacion":"R\u00fastica","fecha_de_publicacion":"08\/09\/2020","novedad":"1","paginas":"320","subtitulo":"","orden":"0","portada":"0","idioma":"spa","autores-libros":[{"ID":159651,"post_author":"3","post_date":"2022-10-14 15:46:36","post_date_gmt":"2022-10-14 13:46:36","post_content":"","post_title":"JOHN HEDLEY BROOKE","post_excerpt":"","post_status":"publish","comment_status":"closed","ping_status":"closed","post_password":"","post_name":"john-hedley-brooke","to_ping":"","pinged":"","post_modified":"2022-10-14 15:46:36","post_modified_gmt":"2022-10-14 13:46:36","post_content_filtered":"","post_parent":0,"guid":"http:\/\/dev.claret.cat\/autor\/john-hedley-brooke\/","menu_order":0,"post_type":"autor","post_mime_type":"","comment_count":"0","filter":"raw"},{"ID":168455,"post_author":"3","post_date":"2022-10-14 22:19:15","post_date_gmt":"2022-10-14 20:19:15","post_content":"","post_title":"RONALD L. (eds.) NUMBERS","post_excerpt":"","post_status":"publish","comment_status":"closed","ping_status":"closed","post_password":"","post_name":"ronald-l-eds-numbers","to_ping":"","pinged":"","post_modified":"2022-10-14 22:19:15","post_modified_gmt":"2022-10-14 20:19:15","post_content_filtered":"","post_parent":0,"guid":"http:\/\/dev.claret.cat\/autor\/ronald-l-eds-numbers\/","menu_order":0,"post_type":"autor","post_mime_type":"","comment_count":"0","filter":"raw"}],"booktrailer":"","resenas":""},"aioseo_notices":[],"_links":{"self":[{"href":"https:\/\/www.claret.cat\/es\/wp-json\/wp\/v2\/product\/106492","targetHints":{"allow":["GET"]}}],"collection":[{"href":"https:\/\/www.claret.cat\/es\/wp-json\/wp\/v2\/product"}],"about":[{"href":"https:\/\/www.claret.cat\/es\/wp-json\/wp\/v2\/types\/product"}],"wp:featuredmedia":[{"embeddable":true,"href":"https:\/\/www.claret.cat\/es\/wp-json\/wp\/v2\/media\/340791"}],"wp:attachment":[{"href":"https:\/\/www.claret.cat\/es\/wp-json\/wp\/v2\/media?parent=106492"}],"wp:term":[{"taxonomy":"product_brand","embeddable":true,"href":"https:\/\/www.claret.cat\/es\/wp-json\/wp\/v2\/product_brand?post=106492"},{"taxonomy":"product_cat","embeddable":true,"href":"https:\/\/www.claret.cat\/es\/wp-json\/wp\/v2\/product_cat?post=106492"},{"taxonomy":"product_tag","embeddable":true,"href":"https:\/\/www.claret.cat\/es\/wp-json\/wp\/v2\/product_tag?post=106492"}],"curies":[{"name":"wp","href":"https:\/\/api.w.org\/{rel}","templated":true}]}}