{"id":1065042,"date":"2025-11-10T14:14:44","date_gmt":"2025-11-10T13:14:44","guid":{"rendered":"https:\/\/www.claret.cat\/llibre\/el-monje-que-vendio-su-ferrari-edicion-ilustrada-9788425360572-5\/"},"modified":"2025-11-10T14:17:39","modified_gmt":"2025-11-10T13:17:39","slug":"el-monje-que-vendio-su-ferrari-edicion-ilustrada-9788425360572-5","status":"publish","type":"product","link":"https:\/\/www.claret.cat\/es\/libro\/el-monje-que-vendio-su-ferrari-edicion-ilustrada-9788425360572-5\/","title":{"rendered":"EL MONJE QUE VENDI\u00d3 SU FERRARI (EDICI\u00d3N ILUSTRADA)"},"content":{"rendered":"<p>Por primera vez la f\u00e1bula de El monje que vendi\u00f3 su Ferrari bellamente ilustrada. . La f\u00e1bula que ha cautivado a millones de corazones llega en una edici\u00f3n ilustrada. . Un precioso libro ideal para regalar y para compartir. . Descubre las 7 virtudes que har\u00e1n de tu vida una vida m\u00e1s plena, m\u00e1s libre y feliz. &#8216;No importa lo que te ocurra en la vida, porque tienes la capacidad de elegir tu reacci\u00f3n. Cuando consigas arraigar el h\u00e1bito de buscar lo positivo en cada circunstancia, tu vida pasar\u00e1 a sus dimensiones superiores. Es una de las m\u00e1s importantes leyes naturales&#8217;.<\/p>\n","protected":false},"excerpt":{"rendered":"<p>SHARMA, ROBIN<\/p>\n","protected":false},"featured_media":1065043,"template":"","meta":{"_acf_changed":false,"om_disable_all_campaigns":false,"rs_blank_template":"","rs_page_bg_color":"","slide_template_v7":"","inline_featured_image":false,"_monsterinsights_skip_tracking":false,"_monsterinsights_sitenote_active":false,"_monsterinsights_sitenote_note":"","_monsterinsights_sitenote_category":0},"product_brand":[],"product_cat":[127,357],"product_tag":[],"class_list":{"0":"post-1065042","1":"product","2":"type-product","3":"status-publish","4":"has-post-thumbnail","6":"product_cat-novella-contemporania","7":"product_cat-novela-contemporanea","9":"first","10":"instock","11":"taxable","12":"shipping-taxable","13":"purchasable","14":"product-type-simple"},"acf":{"autor":"SHARMA, ROBIN","codart":"842536057","libros-coleccion":"Crecimiento personal","ediciones":"1","encuadernacion":"Carton\u00e9","fecha_de_publicacion":"01\/11\/2025","novedad":"1","paginas":"0","subtitulo":"UNA F\u00c1BULA ESPIRITUAL","orden":"0","portada":"0","idioma":"spa","booktrailer":"","resenas":"","editorial":[{"ID":6263,"post_author":"3","post_date":"2022-07-28 17:48:27","post_date_gmt":"2022-07-28 15:48:27","post_content":"","post_title":"GRIJALBO","post_excerpt":"","post_status":"publish","comment_status":"closed","ping_status":"closed","post_password":"","post_name":"grijalbo","to_ping":"","pinged":"","post_modified":"2022-07-28 17:48:27","post_modified_gmt":"2022-07-28 15:48:27","post_content_filtered":"","post_parent":0,"guid":"http:\/\/dev.claret.cat\/editorial\/grijalbo\/","menu_order":0,"post_type":"editorial","post_mime_type":"","comment_count":"0","filter":"raw"}]},"aioseo_notices":[],"_links":{"self":[{"href":"https:\/\/www.claret.cat\/es\/wp-json\/wp\/v2\/product\/1065042","targetHints":{"allow":["GET"]}}],"collection":[{"href":"https:\/\/www.claret.cat\/es\/wp-json\/wp\/v2\/product"}],"about":[{"href":"https:\/\/www.claret.cat\/es\/wp-json\/wp\/v2\/types\/product"}],"wp:featuredmedia":[{"embeddable":true,"href":"https:\/\/www.claret.cat\/es\/wp-json\/wp\/v2\/media\/1065043"}],"wp:attachment":[{"href":"https:\/\/www.claret.cat\/es\/wp-json\/wp\/v2\/media?parent=1065042"}],"wp:term":[{"taxonomy":"product_brand","embeddable":true,"href":"https:\/\/www.claret.cat\/es\/wp-json\/wp\/v2\/product_brand?post=1065042"},{"taxonomy":"product_cat","embeddable":true,"href":"https:\/\/www.claret.cat\/es\/wp-json\/wp\/v2\/product_cat?post=1065042"},{"taxonomy":"product_tag","embeddable":true,"href":"https:\/\/www.claret.cat\/es\/wp-json\/wp\/v2\/product_tag?post=1065042"}],"curies":[{"name":"wp","href":"https:\/\/api.w.org\/{rel}","templated":true}]}}