{"id":1065062,"date":"2025-11-10T14:30:02","date_gmt":"2025-11-10T13:30:02","guid":{"rendered":"https:\/\/www.claret.cat\/llibre\/les-bruixes-de-brooklyn-5-en-guardia-9788468370781\/"},"modified":"2026-03-02T16:15:52","modified_gmt":"2026-03-02T15:15:52","slug":"les-bruixes-de-brooklyn-5-en-guardia-9788468370781","status":"publish","type":"product","link":"https:\/\/www.claret.cat\/es\/libro\/les-bruixes-de-brooklyn-5-en-guardia-9788468370781\/","title":{"rendered":"LES BRUIXES DE BROOKLYN 5. EN GU\u00c0RDIA"},"content":{"rendered":"<p>Quan una bruixa comen\u00e7a a causar problemes a l&#8217;institut del barri, les nostres aprenentes de bruixa preferides, l&#8217;Effie i la Garance, per plantar-li cara s&#8217;hauran de fer grans&#8230; literalment! Es transformaran en adolescents! El drama juvenil es converteix un duel m\u00e0gic entre una bruixa tan forta que la van haver d&#8217;empresonar i&#8230; l&#8217;Effie, una bruixa que amb prou feines sap controlar els seus poders! I \u00e9s que lluitar sent una adolescent no \u00e9s tan diferent de lluitar sent una nena&#8230; nom\u00e9s que t\u00e9 moltes m\u00e9s conseq\u00fc\u00e8ncies!<\/p>\n","protected":false},"excerpt":{"rendered":"<p>ESCABASSE, SOPHIE<\/p>\n","protected":false},"featured_media":1065110,"template":"","meta":{"_acf_changed":false,"om_disable_all_campaigns":false,"rs_blank_template":"","rs_page_bg_color":"","slide_template_v7":"","inline_featured_image":false,"_monsterinsights_skip_tracking":false,"_monsterinsights_sitenote_active":false,"_monsterinsights_sitenote_note":"","_monsterinsights_sitenote_category":0},"product_brand":[],"product_cat":[132,364,134,362],"product_tag":[],"class_list":{"0":"post-1065062","1":"product","2":"type-product","3":"status-publish","4":"has-post-thumbnail","6":"product_cat-lectures-per-preadolescents-6-12-anys","7":"product_cat-comics-infantil-3_infantil-juvenil-spa","8":"product_cat-comics","9":"product_cat-libros-preadolescentes-6-12-anos","11":"first","12":"instock","13":"taxable","14":"shipping-taxable","15":"purchasable","16":"product-type-simple"},"acf":{"autor":"ESCABASSE, SOPHIE","codart":"846837078","libros-coleccion":"FORA DE COL.LECCI\u00d3","ediciones":"1","encuadernacion":"Carton\u00e9","fecha_de_publicacion":"01\/11\/2025","novedad":"1","paginas":"272","subtitulo":"","orden":"0","portada":"0","idioma":"cat","booktrailer":"","resenas":"","editorial":[{"ID":6193,"post_author":"3","post_date":"2022-07-28 17:46:53","post_date_gmt":"2022-07-28 15:46:53","post_content":"","post_title":"EDEBE GUADIEL","post_excerpt":"","post_status":"publish","comment_status":"closed","ping_status":"closed","post_password":"","post_name":"edebe-guadiel","to_ping":"","pinged":"","post_modified":"2022-07-28 17:46:53","post_modified_gmt":"2022-07-28 15:46:53","post_content_filtered":"","post_parent":0,"guid":"http:\/\/dev.claret.cat\/editorial\/edebe-guadiel\/","menu_order":0,"post_type":"editorial","post_mime_type":"","comment_count":"0","filter":"raw"}]},"aioseo_notices":[],"_links":{"self":[{"href":"https:\/\/www.claret.cat\/es\/wp-json\/wp\/v2\/product\/1065062","targetHints":{"allow":["GET"]}}],"collection":[{"href":"https:\/\/www.claret.cat\/es\/wp-json\/wp\/v2\/product"}],"about":[{"href":"https:\/\/www.claret.cat\/es\/wp-json\/wp\/v2\/types\/product"}],"wp:featuredmedia":[{"embeddable":true,"href":"https:\/\/www.claret.cat\/es\/wp-json\/wp\/v2\/media\/1065110"}],"wp:attachment":[{"href":"https:\/\/www.claret.cat\/es\/wp-json\/wp\/v2\/media?parent=1065062"}],"wp:term":[{"taxonomy":"product_brand","embeddable":true,"href":"https:\/\/www.claret.cat\/es\/wp-json\/wp\/v2\/product_brand?post=1065062"},{"taxonomy":"product_cat","embeddable":true,"href":"https:\/\/www.claret.cat\/es\/wp-json\/wp\/v2\/product_cat?post=1065062"},{"taxonomy":"product_tag","embeddable":true,"href":"https:\/\/www.claret.cat\/es\/wp-json\/wp\/v2\/product_tag?post=1065062"}],"curies":[{"name":"wp","href":"https:\/\/api.w.org\/{rel}","templated":true}]}}