{"id":1065391,"date":"2025-11-11T16:36:11","date_gmt":"2025-11-11T15:36:11","guid":{"rendered":"https:\/\/www.claret.cat\/llibre\/a-lesclaire-9791387961015\/"},"modified":"2025-11-12T10:41:12","modified_gmt":"2025-11-12T09:41:12","slug":"a-lesclaire-9791387961015","status":"publish","type":"product","link":"https:\/\/www.claret.cat\/es\/libro\/a-lesclaire-9791387961015\/","title":{"rendered":"A L&#8217;ESCLAIRE"},"content":{"rendered":"<p>Aquest llibre recull trenta-cinc anys (1988-2023) d\u2019un estudi arqueol\u00f2gic al terme de Queralbs i algunes observacions de caire etnogr\u00e0fic. <br \/> A partir de la troballa de les restes de milers d\u2019estructures situades per sobre de la cota dels 2.000 metres, acabem descobrint una ignota ocupaci\u00f3 prehist\u00f2rica que evidencia un fenomen extraordinari totalment desconegut. Hem comptat amb les visites espor\u00e0diques de grans arque\u00f2legs, que assenyalen la necessitat d\u2019un estudi de molts anys d\u2019excavaci\u00f3. Els treballs que actualment s\u2019han iniciat tracten altres vies de recerca que esperem que en el futur ajudin a comprendre aquest gran enigma.<\/p>\n","protected":false},"excerpt":{"rendered":"<p>AMETLLER I SERRA, EMILI<\/p>\n","protected":false},"featured_media":1065523,"template":"","meta":{"_acf_changed":false,"om_disable_all_campaigns":false,"rs_blank_template":"","rs_page_bg_color":"","slide_template_v7":"","inline_featured_image":false,"_monsterinsights_skip_tracking":false,"_monsterinsights_sitenote_active":false,"_monsterinsights_sitenote_note":"","_monsterinsights_sitenote_category":0},"product_brand":[],"product_cat":[157,370,426,147],"product_tag":[],"class_list":{"0":"post-1065391","1":"product","2":"type-product","3":"status-publish","4":"has-post-thumbnail","6":"product_cat-investigacio-i-corrents","7":"product_cat-investigacion-y-corrientes","8":"product_cat-prehistoria-historia-2_humanidades","9":"product_cat-prehistoria","11":"first","12":"instock","13":"taxable","14":"shipping-taxable","15":"purchasable","16":"product-type-simple"},"acf":{"autor":"AMETLLER I SERRA, EMILI","codart":"138796101","libros-coleccion":"","ediciones":"1","encuadernacion":"R\u00fastica","fecha_de_publicacion":"01\/11\/2025","novedad":"1","paginas":"98","subtitulo":"IMPRESSIONS SOBRE EL PAISATGE ARQUEOL\u00d2GIC DEL TERME DE QUERALBS (1988-2023)","orden":"0","portada":"0","idioma":"cat","booktrailer":"","resenas":"","editorial":[{"ID":6392,"post_author":"3","post_date":"2022-07-28 17:51:10","post_date_gmt":"2022-07-28 15:51:10","post_content":"","post_title":"Viena","post_excerpt":"","post_status":"publish","comment_status":"closed","ping_status":"closed","post_password":"","post_name":"viena","to_ping":"","pinged":"","post_modified":"2022-07-28 17:51:10","post_modified_gmt":"2022-07-28 15:51:10","post_content_filtered":"","post_parent":0,"guid":"http:\/\/dev.claret.cat\/editorial\/viena\/","menu_order":0,"post_type":"editorial","post_mime_type":"","comment_count":"0","filter":"raw"}]},"aioseo_notices":[],"_links":{"self":[{"href":"https:\/\/www.claret.cat\/es\/wp-json\/wp\/v2\/product\/1065391","targetHints":{"allow":["GET"]}}],"collection":[{"href":"https:\/\/www.claret.cat\/es\/wp-json\/wp\/v2\/product"}],"about":[{"href":"https:\/\/www.claret.cat\/es\/wp-json\/wp\/v2\/types\/product"}],"wp:featuredmedia":[{"embeddable":true,"href":"https:\/\/www.claret.cat\/es\/wp-json\/wp\/v2\/media\/1065523"}],"wp:attachment":[{"href":"https:\/\/www.claret.cat\/es\/wp-json\/wp\/v2\/media?parent=1065391"}],"wp:term":[{"taxonomy":"product_brand","embeddable":true,"href":"https:\/\/www.claret.cat\/es\/wp-json\/wp\/v2\/product_brand?post=1065391"},{"taxonomy":"product_cat","embeddable":true,"href":"https:\/\/www.claret.cat\/es\/wp-json\/wp\/v2\/product_cat?post=1065391"},{"taxonomy":"product_tag","embeddable":true,"href":"https:\/\/www.claret.cat\/es\/wp-json\/wp\/v2\/product_tag?post=1065391"}],"curies":[{"name":"wp","href":"https:\/\/api.w.org\/{rel}","templated":true}]}}