{"id":1065419,"date":"2025-11-11T16:55:03","date_gmt":"2025-11-11T15:55:03","guid":{"rendered":"https:\/\/www.claret.cat\/llibre\/zootropolis-2-gran-llibre-de-la-pellicula-9791387782740\/"},"modified":"2025-11-11T17:02:08","modified_gmt":"2025-11-11T16:02:08","slug":"zootropolis-2-gran-llibre-de-la-pellicula-9791387782740","status":"publish","type":"product","link":"https:\/\/www.claret.cat\/es\/libro\/zootropolis-2-gran-llibre-de-la-pellicula-9791387782740\/","title":{"rendered":"ZOOTR\u00d2POLIS 2. GRAN LLIBRE DE LA PEL\u00b7L\u00cdCULA"},"content":{"rendered":"<p>La ciutat de Zootr\u00f2polis torna a estar en perill, i aquest cop l\u2019amena\u00e7a t\u00e9 escates<br \/> Un misteri\u00f3s r\u00e8ptil s\u2019ha infiltrat a la metr\u00f2polis i ha fet esclatar el caos. L\u2019agent Judy Hopps i el seu inseparable company, en Nick Wilde, hauran d\u2019infiltrar-se en zones mai explorades: des de pantans ocults fins a deserts implacables on res no \u00e9s el que sembla. A mesura que la investigaci\u00f3 avan\u00e7a, la seva amistat es posar\u00e0 a prova. Entre persecucions, secrets i noves aliances, la Judy i en Nick hauran de descobrir si el seu vincle \u00e9s prou fort per salvar Zootr\u00f2polis una vegada m\u00e9s.<\/p>\n","protected":false},"excerpt":{"rendered":"<p>DISNEY<\/p>\n","protected":false},"featured_media":1065420,"template":"","meta":{"_acf_changed":false,"om_disable_all_campaigns":false,"rs_blank_template":"","rs_page_bg_color":"","slide_template_v7":"","inline_featured_image":false,"_monsterinsights_skip_tracking":false,"_monsterinsights_sitenote_active":false,"_monsterinsights_sitenote_note":"","_monsterinsights_sitenote_category":0},"product_brand":[],"product_cat":[131,361],"product_tag":[],"class_list":{"0":"post-1065419","1":"product","2":"type-product","3":"status-publish","4":"has-post-thumbnail","6":"product_cat-contes-per-infants-0-6-anys","7":"product_cat-cuentos-para-ninos-0-6-anos","9":"first","10":"instock","11":"taxable","12":"shipping-taxable","13":"purchasable","14":"product-type-simple"},"acf":{"autor":"DISNEY","codart":"138778274","libros-coleccion":"DISNEY","ediciones":"1","encuadernacion":"Carton\u00e9","fecha_de_publicacion":"01\/11\/2025","novedad":"1","paginas":"96","subtitulo":"","orden":"0","portada":"0","idioma":"cat","booktrailer":"","resenas":"","editorial":[{"ID":6249,"post_author":"3","post_date":"2022-07-28 17:48:09","post_date_gmt":"2022-07-28 15:48:09","post_content":"","post_title":"Estrella Polar","post_excerpt":"","post_status":"publish","comment_status":"closed","ping_status":"closed","post_password":"","post_name":"estrella-polar","to_ping":"","pinged":"","post_modified":"2022-07-28 17:48:09","post_modified_gmt":"2022-07-28 15:48:09","post_content_filtered":"","post_parent":0,"guid":"http:\/\/dev.claret.cat\/editorial\/estrella-polar\/","menu_order":0,"post_type":"editorial","post_mime_type":"","comment_count":"0","filter":"raw"}]},"aioseo_notices":[],"_links":{"self":[{"href":"https:\/\/www.claret.cat\/es\/wp-json\/wp\/v2\/product\/1065419","targetHints":{"allow":["GET"]}}],"collection":[{"href":"https:\/\/www.claret.cat\/es\/wp-json\/wp\/v2\/product"}],"about":[{"href":"https:\/\/www.claret.cat\/es\/wp-json\/wp\/v2\/types\/product"}],"wp:featuredmedia":[{"embeddable":true,"href":"https:\/\/www.claret.cat\/es\/wp-json\/wp\/v2\/media\/1065420"}],"wp:attachment":[{"href":"https:\/\/www.claret.cat\/es\/wp-json\/wp\/v2\/media?parent=1065419"}],"wp:term":[{"taxonomy":"product_brand","embeddable":true,"href":"https:\/\/www.claret.cat\/es\/wp-json\/wp\/v2\/product_brand?post=1065419"},{"taxonomy":"product_cat","embeddable":true,"href":"https:\/\/www.claret.cat\/es\/wp-json\/wp\/v2\/product_cat?post=1065419"},{"taxonomy":"product_tag","embeddable":true,"href":"https:\/\/www.claret.cat\/es\/wp-json\/wp\/v2\/product_tag?post=1065419"}],"curies":[{"name":"wp","href":"https:\/\/api.w.org\/{rel}","templated":true}]}}