{"id":106552,"date":"2022-10-12T09:19:03","date_gmt":"2022-10-12T07:19:03","guid":{"rendered":"http:\/\/dev.claret.cat\/producte\/inventari-de-coses-perdudes\/"},"modified":"2023-01-28T06:49:55","modified_gmt":"2023-01-28T05:49:55","slug":"inventari-de-coses-perdudes-9788417353223","status":"publish","type":"product","link":"https:\/\/www.claret.cat\/es\/libro\/inventari-de-coses-perdudes-9788417353223\/","title":{"rendered":"INVENTARI DE COSES PERDUDES"},"content":{"rendered":"<p>En aquest Inventari de coses perdudes, Judith Schalansky combina hist\u00f2ria, records personals i ficci\u00f3 per bastir un museu integrat per dotze relats, cadascun inspirat en una cosa extinta, desapareguda i, en alguns casos, oblidada. L&#8217;atol de Tuanaki, el tigre del Caspi, l&#8217;unicorn de Guericke, la Vil\u00b7la Sacchetti, El noi de blau de Murnau, els cants d&#8217;amor de Safo, el palau dels Von Behr, els set llibres de Mani, El port de Greifswald de Caspar David Friedrich, el bosc enciclop\u00e8dic, el Palau de la Rep\u00fablica i les selenografies de Kinau s\u00f3n les dotze coses perdudes.<\/p>\n","protected":false},"excerpt":{"rendered":"<p>SCHALANSKY, JUDITH<\/p>\n","protected":false},"featured_media":106553,"template":"","meta":{"_acf_changed":false,"om_disable_all_campaigns":false,"rs_blank_template":"","rs_page_bg_color":"","slide_template_v7":"","inline_featured_image":false,"_monsterinsights_skip_tracking":false,"_monsterinsights_sitenote_active":false,"_monsterinsights_sitenote_note":"","_monsterinsights_sitenote_category":0},"product_brand":[],"product_cat":[127],"product_tag":[],"class_list":{"0":"post-106552","1":"product","2":"type-product","3":"status-publish","4":"has-post-thumbnail","6":"product_cat-novella-contemporania","8":"first","9":"instock","10":"taxable","11":"shipping-taxable","12":"purchasable","13":"product-type-simple"},"acf":{"editorial":[{"ID":6307,"post_author":"3","post_date":"2022-07-28 17:49:22","post_date_gmt":"2022-07-28 15:49:22","post_content":"","post_title":"M\u00c9S LLIBRES EDITORIAL","post_excerpt":"","post_status":"publish","comment_status":"closed","ping_status":"closed","post_password":"","post_name":"mes-llibres-editorial","to_ping":"","pinged":"","post_modified":"2022-07-28 17:49:22","post_modified_gmt":"2022-07-28 15:49:22","post_content_filtered":"","post_parent":0,"guid":"http:\/\/dev.claret.cat\/editorial\/mes-llibres-editorial\/","menu_order":0,"post_type":"editorial","post_mime_type":"","comment_count":"0","filter":"raw"}],"autor":"SCHALANSKY, JUDITH","codart":"841735322","libros-coleccion":"M\u00e9s Llibres","ediciones":"1","encuadernacion":"R\u00fastica","fecha_de_publicacion":"01\/09\/2020","novedad":"1","paginas":"280","subtitulo":"","orden":"0","portada":"0","idioma":"cat","autores-libros":[{"ID":161220,"post_author":"3","post_date":"2022-10-14 17:16:27","post_date_gmt":"2022-10-14 15:16:27","post_content":"","post_title":"JUDITH SCHALANSKY","post_excerpt":"","post_status":"publish","comment_status":"closed","ping_status":"closed","post_password":"","post_name":"judith-schalansky","to_ping":"","pinged":"","post_modified":"2022-10-14 17:16:27","post_modified_gmt":"2022-10-14 15:16:27","post_content_filtered":"","post_parent":0,"guid":"http:\/\/dev.claret.cat\/autor\/judith-schalansky\/","menu_order":0,"post_type":"autor","post_mime_type":"","comment_count":"0","filter":"raw"}]},"aioseo_notices":[],"_links":{"self":[{"href":"https:\/\/www.claret.cat\/es\/wp-json\/wp\/v2\/product\/106552","targetHints":{"allow":["GET"]}}],"collection":[{"href":"https:\/\/www.claret.cat\/es\/wp-json\/wp\/v2\/product"}],"about":[{"href":"https:\/\/www.claret.cat\/es\/wp-json\/wp\/v2\/types\/product"}],"wp:featuredmedia":[{"embeddable":true,"href":"https:\/\/www.claret.cat\/es\/wp-json\/wp\/v2\/media\/106553"}],"wp:attachment":[{"href":"https:\/\/www.claret.cat\/es\/wp-json\/wp\/v2\/media?parent=106552"}],"wp:term":[{"taxonomy":"product_brand","embeddable":true,"href":"https:\/\/www.claret.cat\/es\/wp-json\/wp\/v2\/product_brand?post=106552"},{"taxonomy":"product_cat","embeddable":true,"href":"https:\/\/www.claret.cat\/es\/wp-json\/wp\/v2\/product_cat?post=106552"},{"taxonomy":"product_tag","embeddable":true,"href":"https:\/\/www.claret.cat\/es\/wp-json\/wp\/v2\/product_tag?post=106552"}],"curies":[{"name":"wp","href":"https:\/\/api.w.org\/{rel}","templated":true}]}}