{"id":1065602,"date":"2025-11-12T13:00:03","date_gmt":"2025-11-12T12:00:03","guid":{"rendered":"https:\/\/www.claret.cat\/llibre\/superdonuts-1-dominar-el-mon-9788448872977\/"},"modified":"2026-03-03T19:00:12","modified_gmt":"2026-03-03T18:00:12","slug":"superdonuts-1-dominar-el-mon-9788448872977","status":"publish","type":"product","link":"https:\/\/www.claret.cat\/es\/libro\/superdonuts-1-dominar-el-mon-9788448872977\/","title":{"rendered":"SUPERD\u00d2NUTS 1 &#8211; DOMINAR EL M\u00d3N!"},"content":{"rendered":"<p>Farcit de BOGERIA i glacejat d&#8221;ACCI\u00d3.  Arriba SUPERD\u00d2NUTS, el c\u00f2mic m\u00e9s divertit i esbojarrat de l&#8221;univers!  Alguna vegada t&#8221;has preguntat qu\u00e8 fan els d\u00f2nuts quan ning\u00fa se&#8221;ls est\u00e0 menjant? \u00c9s clar que no, perqu\u00e8 seria una bogeria! Per\u00f2 resulta que\u2026 els d\u00f2nuts tenen GRANS PLANS per DOMINAR EL M\u00d3N! Coneix en Fideuets, el l\u00edder dels Superd\u00f2nuts; en Melmelat, que deixa tot enganx\u00f3s all\u00e0 on passa; en Papad\u00f2nut i en Jaumet, que expliquen dades molt estranyes; i en Xalat, que \u00e9s b\u00e9, completament impredictible. Plegats tenen una missi\u00f3: dominar el m\u00f3n! Per\u00f2 alerta: no mencionis els majors enemics dels d\u00f2nuts, els bagels, que estan conspirant en secret per acabar amb els Superd\u00f2nuts. Qui aconseguir\u00e0 menjar-se ? Vull dir, qui aconseguir\u00e0 v\u00e8ncer l&#8221;altre i assolir el seu objectiu? Les rialles estan assegurades en aquesta nova col\u00b7lecci\u00f3 del brillant Neill Cameron, que ja \u00e9s tot un \u00e8xit a Anglaterra! DONUT\u00ae i DONUTS\u00ae s\u00f3n marques registrades propietat de BIMBO DONUTS IBERIA, S.A.U. \u00das autoritzat. PER QU\u00c8 MOLA LLEGIR C\u00d2MICS?<br \/> *Perqu\u00e8 afavoreix la iniciaci\u00f3 a la lectura d una manera \u00e0gil, divertida, atractiva i visual gr\u00e0cies a les frases curtes i l ajuda de les imatges.<br \/> *Perqu\u00e8 contribueix a millorar la confian\u00e7a d aquells primers lectors a qui els costa m\u00e9s enganxar-se a la lectura. *Perqu\u00e8 ajuda a consolidar l h\u00e0bit de lectura.<br \/> *Perqu\u00e8 fomenta i enriqueix la imaginaci\u00f3 i la creativitat. PERQU\u00c8 LLEGIR C\u00d2MICS \u00c9S LLEGIR!Qu\u00e8 n&#8221;han dit: \u00ab\u00c8pic! Hilarant! Explosiu! Una hist\u00f2ria grandiosa i ensucrada de colors, tan absurda com genial. Podria ser el llibre m\u00e9s important de la teva vida! Endavant, Superd\u00f2nuts!\u00bb<br \/>Jaime Smart \u00abUna aut\u00e8ntica meravella! Una anarquia hilarant! Qui diria que els d\u00f2nuts podrien ser protagonistes?\u00bb<br \/>Louie Stowell<\/p>\n","protected":false},"excerpt":{"rendered":"<p>CAMERON, NEILL<\/p>\n","protected":false},"featured_media":1065646,"template":"","meta":{"_acf_changed":false,"om_disable_all_campaigns":false,"rs_blank_template":"","rs_page_bg_color":"","slide_template_v7":"","inline_featured_image":false,"_monsterinsights_skip_tracking":false,"_monsterinsights_sitenote_active":false,"_monsterinsights_sitenote_note":"","_monsterinsights_sitenote_category":0},"product_brand":[],"product_cat":[132,364,134,362],"product_tag":[],"class_list":{"0":"post-1065602","1":"product","2":"type-product","3":"status-publish","4":"has-post-thumbnail","6":"product_cat-lectures-per-preadolescents-6-12-anys","7":"product_cat-comics-infantil-3_infantil-juvenil-spa","8":"product_cat-comics","9":"product_cat-libros-preadolescentes-6-12-anos","11":"first","12":"instock","13":"taxable","14":"shipping-taxable","15":"purchasable","16":"product-type-simple"},"acf":{"autor":"CAMERON, NEILL","codart":"844887297","libros-coleccion":"","ediciones":"1","encuadernacion":"Carton\u00e9","fecha_de_publicacion":"01\/11\/2025","novedad":"1","paginas":"208","subtitulo":"","orden":"0","portada":"0","idioma":"cat","booktrailer":"","resenas":"","editorial":[{"ID":6141,"post_author":"3","post_date":"2022-07-28 17:45:46","post_date_gmt":"2022-07-28 15:45:46","post_content":"","post_title":"BEASCOA","post_excerpt":"","post_status":"publish","comment_status":"closed","ping_status":"closed","post_password":"","post_name":"beascoa","to_ping":"","pinged":"","post_modified":"2022-07-28 17:45:46","post_modified_gmt":"2022-07-28 15:45:46","post_content_filtered":"","post_parent":0,"guid":"http:\/\/dev.claret.cat\/editorial\/beascoa\/","menu_order":0,"post_type":"editorial","post_mime_type":"","comment_count":"0","filter":"raw"}]},"aioseo_notices":[],"_links":{"self":[{"href":"https:\/\/www.claret.cat\/es\/wp-json\/wp\/v2\/product\/1065602","targetHints":{"allow":["GET"]}}],"collection":[{"href":"https:\/\/www.claret.cat\/es\/wp-json\/wp\/v2\/product"}],"about":[{"href":"https:\/\/www.claret.cat\/es\/wp-json\/wp\/v2\/types\/product"}],"wp:featuredmedia":[{"embeddable":true,"href":"https:\/\/www.claret.cat\/es\/wp-json\/wp\/v2\/media\/1065646"}],"wp:attachment":[{"href":"https:\/\/www.claret.cat\/es\/wp-json\/wp\/v2\/media?parent=1065602"}],"wp:term":[{"taxonomy":"product_brand","embeddable":true,"href":"https:\/\/www.claret.cat\/es\/wp-json\/wp\/v2\/product_brand?post=1065602"},{"taxonomy":"product_cat","embeddable":true,"href":"https:\/\/www.claret.cat\/es\/wp-json\/wp\/v2\/product_cat?post=1065602"},{"taxonomy":"product_tag","embeddable":true,"href":"https:\/\/www.claret.cat\/es\/wp-json\/wp\/v2\/product_tag?post=1065602"}],"curies":[{"name":"wp","href":"https:\/\/api.w.org\/{rel}","templated":true}]}}