{"id":1065611,"date":"2025-11-12T14:05:24","date_gmt":"2025-11-12T13:05:24","guid":{"rendered":"https:\/\/www.claret.cat\/llibre\/arte-floral-9788410354623\/"},"modified":"2025-11-12T16:56:22","modified_gmt":"2025-11-12T15:56:22","slug":"arte-floral-9788410354623","status":"publish","type":"product","link":"https:\/\/www.claret.cat\/es\/libro\/arte-floral-9788410354623\/","title":{"rendered":"ARTE FLORAL"},"content":{"rendered":"<p>Si te gustan las flores, pero no sabes por d\u00f3nde empezar, este libro de Clara Sanz es tu gu\u00eda clara y directa para disfrutarlas en casa todo el a\u00f1o y de diferentes formas: frescas, secas o preservadas. <br \/> Con este manual pasar\u00e1s de ser una amante de las flores a una verdadera artista de artesan\u00eda bot\u00e1nica: aprender\u00e1s a hacer una buena selecci\u00f3n, a preparar el material, a preservar las flores para que la belleza de tus obras perdure, conocer\u00e1s los principales fundamentos de composici\u00f3n floral y realizar\u00e1s 12 proyectos diferentes y muy especiales?ramilletes, ramos, peinetas, horquillas, diademas, coronas, jarrones, c\u00fapulas, centros??. Uno para cada mes del a\u00f1o. <br \/> En sus p\u00e1ginas encontrar\u00e1s:<br \/> &#8211; Gu\u00eda de 20 flores infalibles, disponibles en florister\u00eda todo el a\u00f1o<br \/> &#8211; Principios de composici\u00f3n y dise\u00f1o floral<br \/> &#8211; Cuidado de la flor fresca: por qu\u00e9 unas duran m\u00e1s y c\u00f3mo tratarlas seg\u00fan sus necesidades h\u00eddricas<br \/> &#8211; T\u00e9cnicas de conservaci\u00f3n y preservaci\u00f3n, paso a paso: secado al aire, en jarr\u00f3n, con gel de s\u00edlice y con glicerina<br \/> &#8211; Materiales y herramientas esenciales: qu\u00e9 necesitas de verdad y qu\u00e9 puedes evitar comprar<\/p>\n<p> El arte floral es un lenguaje: adorna, pero ante todo habla. Esta obra te ofrece las claves para dominarlo. <br \/> \u00abEste libro es, en el fondo, una invitaci\u00f3n. A mirar la naturaleza con calma. A aprender a observar los detalles. Y a dejar que las flores te acompa\u00f1en, como lo han hecho conmigo, en todas las etapas de la vida\u00bb. Clara Sanz<\/p>\n","protected":false},"excerpt":{"rendered":"<p>CLARA SANZ PASCUAL<\/p>\n","protected":false},"featured_media":1065672,"template":"","meta":{"_acf_changed":false,"om_disable_all_campaigns":false,"rs_blank_template":"","rs_page_bg_color":"","slide_template_v7":"","inline_featured_image":false,"_monsterinsights_skip_tracking":false,"_monsterinsights_sitenote_active":false,"_monsterinsights_sitenote_note":"","_monsterinsights_sitenote_category":0},"product_brand":[],"product_cat":[551,101],"product_tag":[],"class_list":{"0":"post-1065611","1":"product","2":"type-product","3":"status-publish","4":"has-post-thumbnail","6":"product_cat-manualidades","7":"product_cat-manualitats","9":"first","10":"instock","11":"taxable","12":"shipping-taxable","13":"purchasable","14":"product-type-simple"},"acf":{"autor":"CLARA SANZ PASCUAL","codart":"841035462","libros-coleccion":"FORA DE COL.LECCI\u00d3","ediciones":"1","encuadernacion":"R\u00fastica","fecha_de_publicacion":"01\/11\/2025","novedad":"1","paginas":"131","subtitulo":"UN A\u00d1O DE FLORES: 12 PROYECTOS DE TEMPORADA CON ALMA RURAL","orden":"0","portada":"0","idioma":"spa","booktrailer":"","resenas":"","editorial":[{"ID":147460,"post_author":"3","post_date":"2022-10-14 11:50:45","post_date_gmt":"2022-10-14 09:50:45","post_content":"","post_title":"Arcopress Ediciones","post_excerpt":"","post_status":"publish","comment_status":"closed","ping_status":"closed","post_password":"","post_name":"arcopress-ediciones","to_ping":"","pinged":"","post_modified":"2022-10-14 11:50:45","post_modified_gmt":"2022-10-14 09:50:45","post_content_filtered":"","post_parent":0,"guid":"http:\/\/dev.claret.cat\/editorial\/arcopress-ediciones\/","menu_order":0,"post_type":"editorial","post_mime_type":"","comment_count":"0","filter":"raw"}]},"aioseo_notices":[],"_links":{"self":[{"href":"https:\/\/www.claret.cat\/es\/wp-json\/wp\/v2\/product\/1065611","targetHints":{"allow":["GET"]}}],"collection":[{"href":"https:\/\/www.claret.cat\/es\/wp-json\/wp\/v2\/product"}],"about":[{"href":"https:\/\/www.claret.cat\/es\/wp-json\/wp\/v2\/types\/product"}],"wp:featuredmedia":[{"embeddable":true,"href":"https:\/\/www.claret.cat\/es\/wp-json\/wp\/v2\/media\/1065672"}],"wp:attachment":[{"href":"https:\/\/www.claret.cat\/es\/wp-json\/wp\/v2\/media?parent=1065611"}],"wp:term":[{"taxonomy":"product_brand","embeddable":true,"href":"https:\/\/www.claret.cat\/es\/wp-json\/wp\/v2\/product_brand?post=1065611"},{"taxonomy":"product_cat","embeddable":true,"href":"https:\/\/www.claret.cat\/es\/wp-json\/wp\/v2\/product_cat?post=1065611"},{"taxonomy":"product_tag","embeddable":true,"href":"https:\/\/www.claret.cat\/es\/wp-json\/wp\/v2\/product_tag?post=1065611"}],"curies":[{"name":"wp","href":"https:\/\/api.w.org\/{rel}","templated":true}]}}