{"id":1065910,"date":"2025-11-13T16:35:03","date_gmt":"2025-11-13T15:35:03","guid":{"rendered":"https:\/\/www.claret.cat\/llibre\/la-comunion-y-el-culto-eucaristico-fuera-de-la-misa-9788491657163\/"},"modified":"2026-04-24T14:29:23","modified_gmt":"2026-04-24T12:29:23","slug":"la-comunion-y-el-culto-eucaristico-fuera-de-la-misa-9788491657163","status":"publish","type":"product","link":"https:\/\/www.claret.cat\/es\/libro\/la-comunion-y-el-culto-eucaristico-fuera-de-la-misa-9788491657163\/","title":{"rendered":"LA COMUNI\u00d3N Y EL CULTO EUCAR\u00cdSTICO FUERA DE LA MISA"},"content":{"rendered":"<p>Asistimos actualmente a un significativo <strong>regreso del culto eucar\u00edstico fuera de la misa<\/strong>, pero no basta con estar ante la presencia eucar\u00edstica, ser\u00eda muy poco; <strong>la oraci\u00f3n ante la Eucarist\u00eda es fruto de un largo trayecto<\/strong>; hay que ser iniciados. Para esta finalidad presentamos un material pr\u00e1ctico que contiene <strong>indicaciones del ritual y textos para poner en pr\u00e1ctica el culto eucar\u00edstico<\/strong> y adem\u00e1s para facilitar la distribuci\u00f3n de la comuni\u00f3n fuera de la misa.<\/p>\n<p><\/p>\n","protected":false},"excerpt":{"rendered":"<p>VARIOS AUTORES<\/p>\n","protected":false},"featured_media":1066234,"template":"","meta":{"_acf_changed":false,"om_disable_all_campaigns":false,"rs_blank_template":"","rs_page_bg_color":"","slide_template_v7":"","inline_featured_image":false,"_monsterinsights_skip_tracking":false,"_monsterinsights_sitenote_active":false,"_monsterinsights_sitenote_note":"","_monsterinsights_sitenote_category":0},"product_brand":[],"product_cat":[500,255,502,257,582],"product_tag":[],"class_list":{"0":"post-1065910","1":"product","2":"type-product","3":"status-publish","4":"has-post-thumbnail","6":"product_cat-misales","7":"product_cat-missals","8":"product_cat-obras-generales-liturgia-1_espiritualidad","9":"product_cat-obres-generals-liturgia-1_espiritualitat","10":"product_cat-portada-es","12":"first","13":"instock","14":"taxable","15":"shipping-taxable","16":"purchasable","17":"product-type-simple"},"acf":{"autor":"VARIOS AUTORES","codart":"849165716","libros-coleccion":"CELEBRAR-CASTELLA-C.P.L.","ediciones":"1","encuadernacion":"R\u00fastica","fecha_de_publicacion":"11\/11\/2025","novedad":"1","paginas":"96","subtitulo":"","orden":"0","portada":"1","idioma":"spa","booktrailer":"","resenas":"","editorial":[{"ID":6172,"post_author":"3","post_date":"2022-07-28 17:46:27","post_date_gmt":"2022-07-28 15:46:27","post_content":"","post_title":"CPL","post_excerpt":"","post_status":"publish","comment_status":"closed","ping_status":"closed","post_password":"","post_name":"cpl","to_ping":"","pinged":"","post_modified":"2022-07-28 17:46:27","post_modified_gmt":"2022-07-28 15:46:27","post_content_filtered":"","post_parent":0,"guid":"http:\/\/dev.claret.cat\/editorial\/cpl\/","menu_order":0,"post_type":"editorial","post_mime_type":"","comment_count":"0","filter":"raw"}]},"aioseo_notices":[],"_links":{"self":[{"href":"https:\/\/www.claret.cat\/es\/wp-json\/wp\/v2\/product\/1065910","targetHints":{"allow":["GET"]}}],"collection":[{"href":"https:\/\/www.claret.cat\/es\/wp-json\/wp\/v2\/product"}],"about":[{"href":"https:\/\/www.claret.cat\/es\/wp-json\/wp\/v2\/types\/product"}],"wp:featuredmedia":[{"embeddable":true,"href":"https:\/\/www.claret.cat\/es\/wp-json\/wp\/v2\/media\/1066234"}],"wp:attachment":[{"href":"https:\/\/www.claret.cat\/es\/wp-json\/wp\/v2\/media?parent=1065910"}],"wp:term":[{"taxonomy":"product_brand","embeddable":true,"href":"https:\/\/www.claret.cat\/es\/wp-json\/wp\/v2\/product_brand?post=1065910"},{"taxonomy":"product_cat","embeddable":true,"href":"https:\/\/www.claret.cat\/es\/wp-json\/wp\/v2\/product_cat?post=1065910"},{"taxonomy":"product_tag","embeddable":true,"href":"https:\/\/www.claret.cat\/es\/wp-json\/wp\/v2\/product_tag?post=1065910"}],"curies":[{"name":"wp","href":"https:\/\/api.w.org\/{rel}","templated":true}]}}