{"id":1066085,"date":"2025-11-14T16:15:48","date_gmt":"2025-11-14T15:15:48","guid":{"rendered":"https:\/\/www.claret.cat\/llibre\/sabiduria-medieval-9788412690798\/"},"modified":"2025-11-19T13:10:54","modified_gmt":"2025-11-19T12:10:54","slug":"sabiduria-medieval-9788412690798","status":"publish","type":"product","link":"https:\/\/www.claret.cat\/es\/libro\/sabiduria-medieval-9788412690798\/","title":{"rendered":"SABIDUR\u00cdA MEDIEVAL"},"content":{"rendered":"<p class='ql-align-justify'>\u00abLos historiadores nos han librado de la imagen de una <strong>Edad Media Oscura <\/strong>para sustituirla por una serie ininterrumpida de renacimientos. Atrev\u00e1monos a decirlo: la <strong>Edad Media<\/strong> fue una \u00e9poca, quiz\u00e1 la \u00fanica \u00e9poca de la historia, que nunca acept\u00f3 ser una Edad Media. Siempre quiso ser un <strong>Renacimiento<\/strong>, desde el principio. Nunca dud\u00f3 en ir a buscar fuera de ella misma lo que le interesaba: <strong>la autenticidad no fue jam\u00e1s una preocupaci\u00f3n<\/strong> que la distrajera de la preocupaci\u00f3n primordial por lo bueno, lo verdadero, lo \u00fatil o lo interesante\u00bb <em>(<\/em><strong><em>R\u00e9mi Brague)<\/em><\/strong><em>.<\/em><\/p>\n","protected":false},"excerpt":{"rendered":"<p>RODRIGUEZ DE LA PE\u00d1A, ALEJANDRO<\/p>\n","protected":false},"featured_media":1066841,"template":"","meta":{"_acf_changed":false,"om_disable_all_campaigns":false,"rs_blank_template":"","rs_page_bg_color":"","slide_template_v7":"","inline_featured_image":false,"_monsterinsights_skip_tracking":false,"_monsterinsights_sitenote_active":false,"_monsterinsights_sitenote_note":"","_monsterinsights_sitenote_category":0},"product_brand":[],"product_cat":[373,166,172,443,175,445,173,444,167,374],"product_tag":[],"class_list":{"0":"post-1066085","1":"product","2":"type-product","3":"status-publish","4":"has-post-thumbnail","6":"product_cat-autores","7":"product_cat-autors-filosofia","8":"product_cat-estetica","9":"product_cat-estetica-filosofia-2_humanidades","10":"product_cat-etica","11":"product_cat-etica-filosofia-2_humanidades","12":"product_cat-logica","13":"product_cat-logica-filosofia-2_humanidades","14":"product_cat-metafisica","15":"product_cat-metafisica-filosofia-2_humanidades","17":"first","18":"instock","19":"taxable","20":"shipping-taxable","21":"purchasable","22":"product-type-simple"},"acf":{"autor":"RODRIGUEZ DE LA PE\u00d1A, ALEJANDRO","codart":"841269079","libros-coleccion":"","ediciones":"1","encuadernacion":"R\u00fastica","fecha_de_publicacion":"14\/11\/2025","novedad":"1","paginas":"250","subtitulo":"","orden":"0","portada":"1","idioma":"spa","booktrailer":"","resenas":"","editorial":[{"ID":147835,"post_author":"3","post_date":"2022-10-14 11:53:35","post_date_gmt":"2022-10-14 09:53:35","post_content":"","post_title":"EDICIONES MON\u00d3CULO","post_excerpt":"","post_status":"publish","comment_status":"closed","ping_status":"closed","post_password":"","post_name":"ediciones-monoculo","to_ping":"","pinged":"","post_modified":"2022-10-14 11:53:35","post_modified_gmt":"2022-10-14 09:53:35","post_content_filtered":"","post_parent":0,"guid":"http:\/\/dev.claret.cat\/editorial\/ediciones-monoculo\/","menu_order":0,"post_type":"editorial","post_mime_type":"","comment_count":"0","filter":"raw"}]},"aioseo_notices":[],"_links":{"self":[{"href":"https:\/\/www.claret.cat\/es\/wp-json\/wp\/v2\/product\/1066085","targetHints":{"allow":["GET"]}}],"collection":[{"href":"https:\/\/www.claret.cat\/es\/wp-json\/wp\/v2\/product"}],"about":[{"href":"https:\/\/www.claret.cat\/es\/wp-json\/wp\/v2\/types\/product"}],"wp:featuredmedia":[{"embeddable":true,"href":"https:\/\/www.claret.cat\/es\/wp-json\/wp\/v2\/media\/1066841"}],"wp:attachment":[{"href":"https:\/\/www.claret.cat\/es\/wp-json\/wp\/v2\/media?parent=1066085"}],"wp:term":[{"taxonomy":"product_brand","embeddable":true,"href":"https:\/\/www.claret.cat\/es\/wp-json\/wp\/v2\/product_brand?post=1066085"},{"taxonomy":"product_cat","embeddable":true,"href":"https:\/\/www.claret.cat\/es\/wp-json\/wp\/v2\/product_cat?post=1066085"},{"taxonomy":"product_tag","embeddable":true,"href":"https:\/\/www.claret.cat\/es\/wp-json\/wp\/v2\/product_tag?post=1066085"}],"curies":[{"name":"wp","href":"https:\/\/api.w.org\/{rel}","templated":true}]}}