{"id":1066118,"date":"2025-11-14T16:55:02","date_gmt":"2025-11-14T15:55:02","guid":{"rendered":"https:\/\/www.claret.cat\/llibre\/el-arte-japones-de-celebrar-cada-dia-9788419834942\/"},"modified":"2025-11-14T16:55:26","modified_gmt":"2025-11-14T15:55:26","slug":"el-arte-japones-de-celebrar-cada-dia-9788419834942","status":"publish","type":"product","link":"https:\/\/www.claret.cat\/es\/libro\/el-arte-japones-de-celebrar-cada-dia-9788419834942\/","title":{"rendered":"EL ARTE JAPON\u00c9S DE CELEBRAR CADA D\u00cdA"},"content":{"rendered":"<p>La gu\u00eda de sabidur\u00eda japonesa para vivir en armon\u00eda.<\/p>\n<p>Descubre los secretos de la cultura estacional japonesa y aprende a celebrar la belleza del presente, est\u00e9s donde est\u00e9s.<br \/>\u00abUna oda inspiradora al poder transformador y sanador de la naturaleza y la observaci\u00f3n.\u00bb LoveReading Review<\/p>\n<p>Un tesoro visual y espiritual para cultivar bienestar y armon\u00eda a lo largo del a\u00f1o.<br \/>Desde la floraci\u00f3n de los cerezos hasta el primer copo de nieve, la prestigiosa japon\u00f3loga Natalie Leon nos invita a disfrutar cada d\u00eda con un prop\u00f3sito. Inspira\u00adda en la sabidur\u00eda ancestral japonesa, esta gu\u00eda \u00fani\u00adca desvela los secretos del kisetsukan \u2014la profunda conciencia de las estaciones\u2014 y c\u00f3mo integrarlo en nuestra vida cotidiana. Mediante doce conceptos esenciales y exquisitas ilustraciones, nos sumerge en un viaje por rituales, recetas, palabras y pr\u00e1cticas como el hanami, el shinrin yoku y el arte de la gratitud a la naturaleza. <br \/>No necesitas vivir en Jap\u00f3n para disfrutar del mun\u00addo con una nueva mirada. <\/p>\n<p>\u00abUn viaje cultural iluminador por las estaciones sensoriales de Jap\u00f3n.\u00bb Rie Takeda, autora de Shodo<br \/>\u00abUna obra fascinante.\u00bb Naoko Abe, autora de El hombre que salv\u00f3 los cerezos<\/p>\n","protected":false},"excerpt":{"rendered":"<p>NATALIE LEON<\/p>\n","protected":false},"featured_media":1066119,"template":"","meta":{"_acf_changed":false,"om_disable_all_campaigns":false,"rs_blank_template":"","rs_page_bg_color":"","slide_template_v7":"","inline_featured_image":false,"_monsterinsights_skip_tracking":false,"_monsterinsights_sitenote_active":false,"_monsterinsights_sitenote_note":"","_monsterinsights_sitenote_category":0},"product_brand":[],"product_cat":[179,377],"product_tag":[],"class_list":{"0":"post-1066118","1":"product","2":"type-product","3":"status-publish","4":"has-post-thumbnail","6":"product_cat-autoajuda-i-salut-mental","7":"product_cat-autoayuda-y-salud-mental","9":"first","10":"instock","11":"taxable","12":"shipping-taxable","13":"purchasable","14":"product-type-simple"},"acf":{"autor":"NATALIE LEON","codart":"841983494","libros-coleccion":"FUERA DE COLECCI\u00d3N","ediciones":"1","encuadernacion":"R\u00fastica","fecha_de_publicacion":"14\/11\/2025","novedad":"1","paginas":"352","subtitulo":"","orden":"0","portada":"0","idioma":"spa","booktrailer":"","resenas":"","editorial":[{"ID":6188,"post_author":"3","post_date":"2022-07-28 17:46:47","post_date_gmt":"2022-07-28 15:46:47","post_content":"","post_title":"Duomo ediciones","post_excerpt":"","post_status":"publish","comment_status":"closed","ping_status":"closed","post_password":"","post_name":"duomo-ediciones","to_ping":"","pinged":"","post_modified":"2022-07-28 17:46:47","post_modified_gmt":"2022-07-28 15:46:47","post_content_filtered":"","post_parent":0,"guid":"http:\/\/dev.claret.cat\/editorial\/duomo-ediciones\/","menu_order":0,"post_type":"editorial","post_mime_type":"","comment_count":"0","filter":"raw"}]},"aioseo_notices":[],"_links":{"self":[{"href":"https:\/\/www.claret.cat\/es\/wp-json\/wp\/v2\/product\/1066118","targetHints":{"allow":["GET"]}}],"collection":[{"href":"https:\/\/www.claret.cat\/es\/wp-json\/wp\/v2\/product"}],"about":[{"href":"https:\/\/www.claret.cat\/es\/wp-json\/wp\/v2\/types\/product"}],"wp:featuredmedia":[{"embeddable":true,"href":"https:\/\/www.claret.cat\/es\/wp-json\/wp\/v2\/media\/1066119"}],"wp:attachment":[{"href":"https:\/\/www.claret.cat\/es\/wp-json\/wp\/v2\/media?parent=1066118"}],"wp:term":[{"taxonomy":"product_brand","embeddable":true,"href":"https:\/\/www.claret.cat\/es\/wp-json\/wp\/v2\/product_brand?post=1066118"},{"taxonomy":"product_cat","embeddable":true,"href":"https:\/\/www.claret.cat\/es\/wp-json\/wp\/v2\/product_cat?post=1066118"},{"taxonomy":"product_tag","embeddable":true,"href":"https:\/\/www.claret.cat\/es\/wp-json\/wp\/v2\/product_tag?post=1066118"}],"curies":[{"name":"wp","href":"https:\/\/api.w.org\/{rel}","templated":true}]}}