{"id":106636,"date":"2022-10-12T09:20:16","date_gmt":"2022-10-12T07:20:16","guid":{"rendered":"http:\/\/dev.claret.cat\/producte\/lany-sense-primavera\/"},"modified":"2025-01-31T14:07:26","modified_gmt":"2025-01-31T13:07:26","slug":"lany-sense-primavera-9788417804541","status":"publish","type":"product","link":"https:\/\/www.claret.cat\/es\/libro\/lany-sense-primavera-9788417804541\/","title":{"rendered":"L&#8217;ANY SENSE PRIMAVERA"},"content":{"rendered":"<p>Despr\u00e9s de Dies que duraran anys i La for\u00e7a de la gent, Jordi Borr\u00e0s immortalitza amb imatges \u00faniques i carregades d&#8217;emoci\u00f3 els dies m\u00e9s intensos de les nostres vides.<br \/> El fotoperiodista Jordi Borr\u00e0s \u00e9s el gran documentalista gr\u00e0fic del nostre pa\u00eds, testimoni en primera l\u00ednia de les hist\u00f2ries m\u00e9s impactants i vitals en temps de canvi i d&#8217;incertesa. Aquest llibre vol retre homenatge al nostre personal sanitari. Als nostres malalts. Als nostres infants. Als qui ja no hi s\u00f3n. Als qui vindran. Al personal de la neteja. A la pagesia. Als professionals que mai van deixar de treballar per cuidar-nos. A la vida. A la cultura. A tot all\u00f2 que ens ha mantingut al\u00e7ats en un dels moments m\u00e9s foscos de la nostra hist\u00f2ria recent. A tot all\u00f2 que la pand\u00e8mia ens ha arrabassat, comen\u00e7ant per la primavera. Al futur. A l&#8217;esperan\u00e7a.<br \/> Estel Sol\u00e9, que va ser mare durant el confinament, posa paraules a les magn\u00edfiques imatges de Jordi Borr\u00e0s i dona veu a una s\u00e8rie de personatges que reflecteixen qui hem estat tots nosaltres en aquests temps estranys. S\u00f3n uns textos commovedors i emocionants que converteixen aquest llibre en un record imprescindible del nostre present col\u00b7lectiu.<\/p>\n","protected":false},"excerpt":{"rendered":"<p>BORR\u00c0S I ABELL\u00d3, JORDI \/ SOL\u00c9 I CASADELL\u00c0, ESTEL<\/p>\n","protected":false},"featured_media":106637,"template":"","meta":{"_acf_changed":false,"om_disable_all_campaigns":false,"rs_blank_template":"","rs_page_bg_color":"","slide_template_v7":"","inline_featured_image":false,"_monsterinsights_skip_tracking":false,"_monsterinsights_sitenote_active":false,"_monsterinsights_sitenote_note":"","_monsterinsights_sitenote_category":0},"product_brand":[],"product_cat":[430,153,105,555],"product_tag":[],"class_list":{"0":"post-106636","1":"product","2":"type-product","3":"status-publish","4":"has-post-thumbnail","6":"product_cat-cataluna","7":"product_cat-catalunya","8":"product_cat-regal","9":"product_cat-regalo","11":"first","12":"instock","13":"taxable","14":"shipping-taxable","15":"purchasable","16":"product-type-simple"},"acf":{"autor":"BORR\u00c0S I ABELL\u00d3, JORDI \/ SOL\u00c9 I CASADELL\u00c0, ESTEL","codart":"841780454","libros-coleccion":"","ediciones":"1","encuadernacion":"Carton\u00e9","fecha_de_publicacion":"01\/08\/2020","novedad":"1","paginas":"208","subtitulo":"","orden":"0","portada":"0","idioma":"cat","editorial":[{"ID":147453,"post_author":"3","post_date":"2022-10-14 11:50:42","post_date_gmt":"2022-10-14 09:50:42","post_content":"","post_title":"ARA LLIBRES","post_excerpt":"","post_status":"publish","comment_status":"closed","ping_status":"closed","post_password":"","post_name":"ara-llibres","to_ping":"","pinged":"","post_modified":"2022-10-14 11:50:42","post_modified_gmt":"2022-10-14 09:50:42","post_content_filtered":"","post_parent":0,"guid":"http:\/\/dev.claret.cat\/editorial\/ara-llibres\/","menu_order":0,"post_type":"editorial","post_mime_type":"","comment_count":"0","filter":"raw"}],"autores-libros":[{"ID":159842,"post_author":"3","post_date":"2022-10-14 15:48:10","post_date_gmt":"2022-10-14 13:48:10","post_content":"","post_title":"JORDI BORR\u00c0S I ABELL\u00d3","post_excerpt":"","post_status":"publish","comment_status":"closed","ping_status":"closed","post_password":"","post_name":"jordi-borras-i-abello","to_ping":"","pinged":"","post_modified":"2022-10-14 15:48:10","post_modified_gmt":"2022-10-14 13:48:10","post_content_filtered":"","post_parent":0,"guid":"http:\/\/dev.claret.cat\/autor\/jordi-borras-i-abello\/","menu_order":0,"post_type":"autor","post_mime_type":"","comment_count":"0","filter":"raw"},{"ID":155393,"post_author":"3","post_date":"2022-10-14 15:12:28","post_date_gmt":"2022-10-14 13:12:28","post_content":"","post_title":"ESTEL SOL\u00c9 I CASADELL\u00c0","post_excerpt":"","post_status":"publish","comment_status":"closed","ping_status":"closed","post_password":"","post_name":"estel-sole-i-casadella","to_ping":"","pinged":"","post_modified":"2022-10-14 15:12:28","post_modified_gmt":"2022-10-14 13:12:28","post_content_filtered":"","post_parent":0,"guid":"http:\/\/dev.claret.cat\/autor\/estel-sole-i-casadella\/","menu_order":0,"post_type":"autor","post_mime_type":"","comment_count":"0","filter":"raw"}]},"aioseo_notices":[],"_links":{"self":[{"href":"https:\/\/www.claret.cat\/es\/wp-json\/wp\/v2\/product\/106636","targetHints":{"allow":["GET"]}}],"collection":[{"href":"https:\/\/www.claret.cat\/es\/wp-json\/wp\/v2\/product"}],"about":[{"href":"https:\/\/www.claret.cat\/es\/wp-json\/wp\/v2\/types\/product"}],"wp:featuredmedia":[{"embeddable":true,"href":"https:\/\/www.claret.cat\/es\/wp-json\/wp\/v2\/media\/106637"}],"wp:attachment":[{"href":"https:\/\/www.claret.cat\/es\/wp-json\/wp\/v2\/media?parent=106636"}],"wp:term":[{"taxonomy":"product_brand","embeddable":true,"href":"https:\/\/www.claret.cat\/es\/wp-json\/wp\/v2\/product_brand?post=106636"},{"taxonomy":"product_cat","embeddable":true,"href":"https:\/\/www.claret.cat\/es\/wp-json\/wp\/v2\/product_cat?post=106636"},{"taxonomy":"product_tag","embeddable":true,"href":"https:\/\/www.claret.cat\/es\/wp-json\/wp\/v2\/product_tag?post=106636"}],"curies":[{"name":"wp","href":"https:\/\/api.w.org\/{rel}","templated":true}]}}