{"id":1066407,"date":"2025-11-18T13:21:15","date_gmt":"2025-11-18T12:21:15","guid":{"rendered":"https:\/\/www.claret.cat\/llibre\/sense-pantalles-avi-tu-a-que-jugaves-9791387728243\/"},"modified":"2025-11-19T12:55:34","modified_gmt":"2025-11-19T11:55:34","slug":"sense-pantalles-avi-tu-a-que-jugaves-9791387728243","status":"publish","type":"product","link":"https:\/\/www.claret.cat\/es\/libro\/sense-pantalles-avi-tu-a-que-jugaves-9791387728243\/","title":{"rendered":"SENSE PANTALLES. AVI, TU A QU\u00c8 JUGAVES?"},"content":{"rendered":"<p><em>Sense Pantalles. Avi, tu a qu\u00e8 jugaves<\/em>, \u00e9s un llibre il\u00b7lustrat en qu\u00e8 es representen <strong>les joguines i jocs tradicionals<\/strong>, alguns ja oblidats, amb qu\u00e8 es divertien les classes populars durant el segle passat, sobretot a l\u2019aire lliure: <strong>la gallina cega, curses de sacs, la rutlla, el cavall fort<\/strong> i molts altres.<\/p>\n<p> El llibre fa una petita explicaci\u00f3 hist\u00f2rica dels seus principis i de les seves regles.<\/p>\n<p> <strong>Tamb\u00e9 s\u2019explica com es vivia la infantesa al carrer<\/strong>, molt abans de les activitats extraescolars i els esplais, <strong>lluny de la mirada dels adults i sense l\u2019abducci\u00f3 dels jocs de pantalla<\/strong>.<\/p>\n<p> L&#8217;obra t\u00e9 per objectiu <strong>mantenir les tradicions populars catalanes vives<\/strong> i despertar l\u2019inter\u00e8s de les noves generacions per una infantesa que ens sembla molt i molt llunyana, per\u00f2 que \u00e9s la que van viure els nostres avis i besavis, que es veuran reflectits en moltes de les il\u00b7lustracions.&nbsp;<\/p>\n","protected":false},"excerpt":{"rendered":"<p>PI\u00d1AS, XAVIER<\/p>\n","protected":false},"featured_media":1066827,"template":"","meta":{"_acf_changed":false,"om_disable_all_campaigns":false,"rs_blank_template":"","rs_page_bg_color":"","slide_template_v7":"","inline_featured_image":false,"_monsterinsights_skip_tracking":false,"_monsterinsights_sitenote_active":false,"_monsterinsights_sitenote_note":"","_monsterinsights_sitenote_category":0},"product_brand":[],"product_cat":[90,540],"product_tag":[],"class_list":{"0":"post-1066407","1":"product","2":"type-product","3":"status-publish","4":"has-post-thumbnail","6":"product_cat-altres","7":"product_cat-otros","9":"first","10":"instock","11":"taxable","12":"shipping-taxable","13":"purchasable","14":"product-type-simple"},"acf":{"autor":"PI\u00d1AS, XAVIER","codart":"138772824","libros-coleccion":"FORA DE COL.LECCI\u00d3","ediciones":"1","encuadernacion":"R\u00fastica","fecha_de_publicacion":"01\/11\/2025","novedad":"1","paginas":"106","subtitulo":"JOCS TRADICIONALS DE LA CULTURA POPULAR A CATALUNYA","orden":"0","portada":"1","idioma":"cat","booktrailer":"","resenas":"","editorial":[{"ID":147931,"post_author":"3","post_date":"2022-10-14 11:54:20","post_date_gmt":"2022-10-14 09:54:20","post_content":"","post_title":"EDITORIAL BASE (CAT)","post_excerpt":"","post_status":"publish","comment_status":"closed","ping_status":"closed","post_password":"","post_name":"editorial-base-cat","to_ping":"","pinged":"","post_modified":"2022-10-14 11:54:20","post_modified_gmt":"2022-10-14 09:54:20","post_content_filtered":"","post_parent":0,"guid":"http:\/\/dev.claret.cat\/editorial\/editorial-base-cat\/","menu_order":0,"post_type":"editorial","post_mime_type":"","comment_count":"0","filter":"raw"}]},"aioseo_notices":[],"_links":{"self":[{"href":"https:\/\/www.claret.cat\/es\/wp-json\/wp\/v2\/product\/1066407","targetHints":{"allow":["GET"]}}],"collection":[{"href":"https:\/\/www.claret.cat\/es\/wp-json\/wp\/v2\/product"}],"about":[{"href":"https:\/\/www.claret.cat\/es\/wp-json\/wp\/v2\/types\/product"}],"wp:featuredmedia":[{"embeddable":true,"href":"https:\/\/www.claret.cat\/es\/wp-json\/wp\/v2\/media\/1066827"}],"wp:attachment":[{"href":"https:\/\/www.claret.cat\/es\/wp-json\/wp\/v2\/media?parent=1066407"}],"wp:term":[{"taxonomy":"product_brand","embeddable":true,"href":"https:\/\/www.claret.cat\/es\/wp-json\/wp\/v2\/product_brand?post=1066407"},{"taxonomy":"product_cat","embeddable":true,"href":"https:\/\/www.claret.cat\/es\/wp-json\/wp\/v2\/product_cat?post=1066407"},{"taxonomy":"product_tag","embeddable":true,"href":"https:\/\/www.claret.cat\/es\/wp-json\/wp\/v2\/product_tag?post=1066407"}],"curies":[{"name":"wp","href":"https:\/\/api.w.org\/{rel}","templated":true}]}}