{"id":1066516,"date":"2025-11-18T16:21:23","date_gmt":"2025-11-18T15:21:23","guid":{"rendered":"https:\/\/www.claret.cat\/llibre\/rezar-con-gaudi-desde-la-sagrada-familia-9788491366027\/"},"modified":"2026-04-14T16:35:35","modified_gmt":"2026-04-14T14:35:35","slug":"rezar-con-gaudi-desde-la-sagrada-familia-9788491366027","status":"publish","type":"product","link":"https:\/\/www.claret.cat\/es\/libro\/rezar-con-gaudi-desde-la-sagrada-familia-9788491366027\/","title":{"rendered":"REZAR CON GAUD\u00cd DESDE LA SAGRADA FAMILIA"},"content":{"rendered":"<p><strong>Antonio Gaud\u00ed<\/strong> fue <strong>profundamente cristiano<\/strong>, <strong>humildemente cristiano<\/strong> e <strong>imaginativamente cristiano<\/strong>, y <strong>Cristo<\/strong> se convirti\u00f3 en su referencia inequ\u00edvoca, especialmente hacia el final de su vida. Todo en la <strong>Sagrada Familia<\/strong>, tan rica en <strong>detalles<\/strong>, <strong>s\u00edmbolos<\/strong> y <strong>sugerencias espirituales<\/strong>, expresa esta profunda inspiraci\u00f3n.<\/p>\n<p>La <strong>bas\u00edlica de la Sagrada Familia<\/strong> es, a trav\u00e9s de sus s\u00edmbolos y de sus formas arquitect\u00f3nicas, una <strong>inmensa oraci\u00f3n<\/strong> hecha piedra, dirigida a <strong>Dios<\/strong> e invitando al visitante a <strong>descubrirlo y celebrarlo<\/strong>.<\/p>\n<p><\/p>\n<p>Este libro est\u00e1 dirigido a un <strong>p\u00fablico amplio, pero profundamente sensible<\/strong>, interesado en la espiritualidad, el arte y la reflexi\u00f3n interior, que busca una experiencia de lectura contemplativa m\u00e1s que un ensayo acad\u00e9mico o una gu\u00eda tur\u00edstica. Puede ser de inter\u00e9s para:<\/p>\n<ul>\n<li><strong>Personas creyentes o en b\u00fasqueda espiritual<\/strong>, que desean profundizar en la oraci\u00f3n desde nuevas formas, apoy\u00e1ndose en la belleza, el simbolismo y la arquitectura como caminos hacia Dios.<\/li>\n<li><strong>Lectores interesados en Antoni Gaud\u00ed y la Sagrada Familia<\/strong>, no desde una perspectiva t\u00e9cnica o hist\u00f3rica, sino como experiencia espiritual y simb\u00f3lica, donde el templo se presenta como una gran oraci\u00f3n hecha piedra, luz y forma.<\/li>\n<li><strong>Amantes de la poes\u00eda y del lenguaje meditativo<\/strong>, que valoran textos breves, l\u00edricos y cargados de significado, capaces de acompa\u00f1ar procesos de silencio, contemplaci\u00f3n y recogimiento.<\/li>\n<li><strong>Personas vinculadas a la pastoral, la catequesis o el acompa\u00f1amiento espiritual<\/strong>, que pueden encontrar en el libro un recurso inspirador para la oraci\u00f3n personal o comunitaria.<\/li>\n<li><strong>Lectores interesados en el di\u00e1logo entre fe, arte y cultura<\/strong>, especialmente aquellos que aprecian la integraci\u00f3n entre pensamiento, sensibilidad est\u00e9tica y experiencia religiosa.<\/li>\n<li><strong>Visitantes de la Sagrada Familia<\/strong> que deseen prolongar o profundizar la vivencia del templo m\u00e1s all\u00e1 de la visita f\u00edsica, transform\u00e1ndola en una experiencia interior y espiritual.<\/li>\n<\/ul>\n<p><\/p>\n<p>Tambi\u00e9n disponible<strong>&nbsp;<\/strong><a href='https:\/\/www.claret.cat\/llibre\/pregar-amb-gaudi-des-de-la-sagrada-familia-9788491366010\/' rel='noopener noreferrer' target='_blank'><strong>en ca<\/strong><\/a><a href='https:\/\/www.claret.cat\/llibre\/pregar-amb-gaudi-des-de-la-sagrada-familia-9788491366010\/' rel='noopener noreferrer' target='_blank'><strong>tal\u00e1n<\/strong><\/a>&nbsp;y&nbsp;<a href='https:\/\/www.claret.cat\/llibre\/praying-with-gaudi-from-the-sagrada-familia-9788491366034\/' rel='noopener noreferrer' target='_blank'><strong>en ingl\u00e9s<\/strong><\/a><\/p>\n<p><\/p>\n<p><em>*Este libro ha sido impreso con papel certificado por el<\/em><a href='https:\/\/www.claret.cat\/es\/ecoedicion\/' rel='noopener noreferrer' target='_blank'><strong><em> Forest Stewardship Council (FSC)<\/em><\/strong><\/a><em>, que cumple con los principios de gesti\u00f3n econ\u00f3mica, social y ambiental sostenibles.<\/em><\/p>\n<p><\/p>\n","protected":false},"excerpt":{"rendered":"<p>JOU, DAVID<\/p>\n","protected":false},"featured_media":1073789,"template":"","meta":{"_acf_changed":false,"om_disable_all_campaigns":false,"rs_blank_template":"","rs_page_bg_color":"","slide_template_v7":"","inline_featured_image":false,"_monsterinsights_skip_tracking":false,"_monsterinsights_sitenote_active":false,"_monsterinsights_sitenote_note":"","_monsterinsights_sitenote_category":0},"product_brand":[],"product_cat":[485,232,581,89,308,582],"product_tag":[],"class_list":{"0":"post-1066516","1":"product","2":"type-product","3":"status-publish","4":"has-post-thumbnail","6":"product_cat-autores-espiritualidad-1_espiritualidad","7":"product_cat-autors-espiritualitat","8":"product_cat-editorial-claret","9":"product_cat-els-mes-venuts","10":"product_cat-castella","11":"product_cat-portada-es","13":"first","14":"instock","15":"taxable","16":"shipping-taxable","17":"purchasable","18":"product-type-simple"},"acf":{"autor":"JOU, DAVID","codart":"849136602","libros-coleccion":"FUERA DE COLECCI\u00d3N","ediciones":"0","encuadernacion":"R\u00fastica","fecha_de_publicacion":"02\/12\/2025","novedad":"1","paginas":"86","subtitulo":"","orden":"3","portada":"1","idioma":"spa","booktrailer":"<iframe width=\"949\" height=\"433\" src=\"https:\/\/www.youtube.com\/embed\/hUhJTGhzVvg?si=CIqPVLU86nPMXZ0t\" title=\"YouTube video player\" frameborder=\"0\" allow=\"accelerometer; autoplay; clipboard-write; encrypted-media; gyroscope; picture-in-picture; web-share\" referrerpolicy=\"strict-origin-when-cross-origin\" allowfullscreen><\/iframe>","resenas":"<p>Catalunya Religi\u00f3, 09\/12\/2025<\/p>\n<p><a href=\"https:\/\/www.catalunyareligio.cat\/ca\/blog\/llibres-recomanats\/rezar-con-gaudi-desde-sagrada-familia-323629\" rel=\"noopener noreferrer\" target=\"_blank\">https:\/\/www.catalunyareligio.cat\/ca\/blog\/llibres-recomanats\/rezar-con-gaudi-desde-sagrada-familia-323629<\/a><\/p>\n<p><\/p>\n<p>Catalunya Religi\u00f3, 28\/11\/2025<\/p>\n<p><a href=\"https:\/\/www.catalunyareligio.cat\/es\/david-jou-invita-rezar-con-gaudi-en-viaje-poetico\" rel=\"noopener noreferrer\" target=\"_blank\">https:\/\/www.catalunyareligio.cat\/es\/david-jou-invita-rezar-con-gaudi-en-viaje-poetico<\/a><\/p>\n<p><\/p>\n<p>Catalunya Cristiana, 21\/12\/2025<\/p>\n<p><a href=\"https:\/\/drive.google.com\/file\/d\/1_GJpm0ooFoJKfM1sthLyy8sGl_h2Y88d\/view?usp=sharing\" rel=\"noopener noreferrer\" target=\"_blank\">https:\/\/drive.google.com\/file\/d\/1_GJpm0ooFoJKfM1sthLyy8sGl_h2Y88d\/view?usp=sharing<\/a><\/p>\n<p><\/p>\n<p>Religi\u00f3n Digital, 21\/12\/2025<\/p>\n<p><a href=\"https:\/\/www.religiondigital.org\/opinion\/david-jou-poemario-eco-siento_1_1437336.html\" rel=\"noopener noreferrer\" target=\"_blank\">https:\/\/www.religiondigital.org\/opinion\/david-jou-poemario-eco-siento_1_1437336.html<\/a><\/p>\n<p><\/p>\n<p>Arquebisbat de Barcelona (castellano), 02\/01\/2026<\/p>\n<p><a href=\"https:\/\/esglesia.barcelona\/es\/actualitat\/12-recomendaciones-de-libros-religiosos-para-navidad\/\" rel=\"noopener noreferrer\" target=\"_blank\">https:\/\/esglesia.barcelona\/es\/actualitat\/12-recomendaciones-de-libros-religiosos-para-navidad\/<\/a><\/p>\n<p><\/p>\n<p>La Vanguardia, 04\/01\/2026<\/p>\n<p><a href=\"https:\/\/drive.google.com\/file\/d\/1_VdDN1BZVXaqRSeelKAWe_wFz7vbGyRX\/view?usp=sharing\" rel=\"noopener noreferrer\" target=\"_blank\">https:\/\/drive.google.com\/file\/d\/1_VdDN1BZVXaqRSeelKAWe_wFz7vbGyRX\/view?usp=sharing<\/a><\/p>\n<p><\/p>\n<p>El Debate, 03\/01\/2025<\/p>\n<p><a href=\"https:\/\/www.eldebate.com\/espana\/cataluna\/barcelona\/20260103\/rezar-gaudi-redescubrir-eucaristia-arzobispado-barcelona-recomienda-12-libros-navidad_370822_amp.html\" rel=\"noopener noreferrer\" target=\"_blank\">https:\/\/www.eldebate.com\/espana\/cataluna\/barcelona\/20260103\/rezar-gaudi-redescubrir-eucaristia-arzobispado-barcelona-recomienda-12-libros-navidad_370822_amp.html<\/a><\/p>\n<p><\/p>\n<p>Catalunya Cristiana, 11\/01\/2026<\/p>\n<p><a href=\"https:\/\/drive.google.com\/file\/d\/1Kkx9z0Ds8jlYObZex1niEExdtQIr5bjg\/view?usp=sharing\" rel=\"noopener noreferrer\" target=\"_blank\">https:\/\/drive.google.com\/file\/d\/1Kkx9z0Ds8jlYObZex1niEExdtQIr5bjg\/view?usp=sharing<\/a><\/p>\n<p><\/p>\n<p>Religi\u00f3n Confidencial, 15\/01\/2026<\/p>\n<p><a href=\"https:\/\/www.elconfidencialdigital.com\/religion\/articulo\/en-voz-baja\/libro-rezar-gaudi-sagrada-familia-conmemora-centenario-muerte-arquitecto-dios\/20260115051229054932.html\" rel=\"noopener noreferrer\" target=\"_blank\">https:\/\/www.elconfidencialdigital.com\/religion\/articulo\/en-voz-baja\/libro-rezar-gaudi-sagrada-familia-conmemora-centenario-muerte-arquitecto-dios\/20260115051229054932.html<\/a><\/p>\n<p><\/p>\n<p>La Vanguardia, 25\/01\/2026<\/p>\n<p><a href=\"https:\/\/drive.google.com\/file\/d\/1Vj-tiimAeSBg3EnCUP7-y7mQesxHPlc2\/view?usp=sharing\" rel=\"noopener noreferrer\" target=\"_blank\">https:\/\/drive.google.com\/file\/d\/1Vj-tiimAeSBg3EnCUP7-y7mQesxHPlc2\/view?usp=sharing<\/a><\/p>\n<p><\/p>\n<p>Catalunya Cristiana, 01\/02\/2026<\/p>\n<p><a href=\"https:\/\/drive.google.com\/file\/d\/1oSOIA9-hYksgs5hPiNQIpHxTu5x7Wj1K\/view?usp=sharing\" rel=\"noopener noreferrer\" target=\"_blank\">https:\/\/drive.google.com\/file\/d\/1oSOIA9-hYksgs5hPiNQIpHxTu5x7Wj1K\/view?usp=sharing<\/a><\/p>\n<p><\/p>\n<p>Catalunya Cristiana, 08\/02\/2026<\/p>\n<p><a href=\"https:\/\/drive.google.com\/file\/d\/1CiqFB3Ylf6J5GuoxI8onzv5aJxnioMfY\/view?usp=sharing\" rel=\"noopener noreferrer\" target=\"_blank\">https:\/\/drive.google.com\/file\/d\/1CiqFB3Ylf6J5GuoxI8onzv5aJxnioMfY\/view?usp=sharing<\/a><\/p>\n<p><\/p>\n<p>Catalunya Cristiana, 12\/04\/2026<\/p>\n<p><a href=\"https:\/\/drive.google.com\/file\/d\/16GzhrbtC2pCT4ftMtTOB49rHunvngXBx\/view?usp=sharing\" rel=\"noopener noreferrer\" target=\"_blank\">https:\/\/drive.google.com\/file\/d\/16GzhrbtC2pCT4ftMtTOB49rHunvngXBx\/view?usp=sharing<\/a><\/p>\n<p><\/p>\n<p>Catalunya Cristiana, 19\/04\/2026<\/p>\n<p><a href=\"https:\/\/drive.google.com\/file\/d\/15eEAJnk8PWSr02ssjd1oomxcvuI9O0OG\/view?usp=sharing\" rel=\"noopener noreferrer\" target=\"_blank\">https:\/\/drive.google.com\/file\/d\/15eEAJnk8PWSr02ssjd1oomxcvuI9O0OG\/view?usp=sharing<\/a><\/p>\n<p><\/p>\n<p>Religi\u00f3n Digital, 14\/04\/2026<\/p>\n<p><a href=\"https:\/\/www.religiondigital.org\/libros\/rezar-gaudi-ano-despues-beato-sagrada-familia-david-jou-claret_1_1449907.html\" rel=\"noopener noreferrer\" target=\"_blank\">https:\/\/www.religiondigital.org\/libros\/rezar-gaudi-ano-despues-beato-sagrada-familia-david-jou-claret_1_1449907.html<\/a><\/p>\n","editorial":[{"ID":6158,"post_author":"3","post_date":"2022-07-28 17:46:08","post_date_gmt":"2022-07-28 15:46:08","post_content":"","post_title":"CLARET","post_excerpt":"","post_status":"publish","comment_status":"closed","ping_status":"closed","post_password":"","post_name":"claret","to_ping":"","pinged":"","post_modified":"2022-07-28 17:46:08","post_modified_gmt":"2022-07-28 15:46:08","post_content_filtered":"","post_parent":0,"guid":"http:\/\/dev.claret.cat\/editorial\/claret\/","menu_order":0,"post_type":"editorial","post_mime_type":"","comment_count":"0","filter":"raw"}],"autores-libros":[{"ID":293136,"post_author":"3","post_date":"2022-12-11 02:27:56","post_date_gmt":"2022-12-11 01:27:56","post_content":"<strong>David Jou i Mirabent<\/strong>\u00a0(Sitges, 1953) \u00e9s f\u00edsic, poeta i assagista. Catedr\u00e0tic de F\u00edsica a la Universitat Aut\u00f2noma de Barcelona durant m\u00e9s de trenta anys, \u00e9s autor d\u2019una obra de recerca en termodin\u00e0mica fora de l\u2019equilibri reconeguda internacionalment. Ha publicat una \u00e0mplia obra po\u00e8tica de tem\u00e0tica cient\u00edfica i religiosa. Els seus assaigs combinen ci\u00e8ncia, humanisme i religi\u00f3. Ha estat membre del Patronat de la Fundaci\u00f3 Joan Maragall (Cristianisme i cultura) durant uns trenta anys.","post_title":"DAVID JOU","post_excerpt":"","post_status":"publish","comment_status":"closed","ping_status":"closed","post_password":"","post_name":"david-jou-2","to_ping":"","pinged":"","post_modified":"2026-01-14 12:19:23","post_modified_gmt":"2026-01-14 11:19:23","post_content_filtered":"","post_parent":0,"guid":"http:\/\/dev.claret.cat\/autor\/david-jou-2\/","menu_order":0,"post_type":"autor","post_mime_type":"","comment_count":"0","filter":"raw"}],"linkebook":"","ficha":"849136602_1763546715.pdf","muestra":"","precioebook":"0","presentacion":""},"aioseo_notices":[],"_links":{"self":[{"href":"https:\/\/www.claret.cat\/es\/wp-json\/wp\/v2\/product\/1066516","targetHints":{"allow":["GET"]}}],"collection":[{"href":"https:\/\/www.claret.cat\/es\/wp-json\/wp\/v2\/product"}],"about":[{"href":"https:\/\/www.claret.cat\/es\/wp-json\/wp\/v2\/types\/product"}],"wp:featuredmedia":[{"embeddable":true,"href":"https:\/\/www.claret.cat\/es\/wp-json\/wp\/v2\/media\/1073789"}],"wp:attachment":[{"href":"https:\/\/www.claret.cat\/es\/wp-json\/wp\/v2\/media?parent=1066516"}],"wp:term":[{"taxonomy":"product_brand","embeddable":true,"href":"https:\/\/www.claret.cat\/es\/wp-json\/wp\/v2\/product_brand?post=1066516"},{"taxonomy":"product_cat","embeddable":true,"href":"https:\/\/www.claret.cat\/es\/wp-json\/wp\/v2\/product_cat?post=1066516"},{"taxonomy":"product_tag","embeddable":true,"href":"https:\/\/www.claret.cat\/es\/wp-json\/wp\/v2\/product_tag?post=1066516"}],"curies":[{"name":"wp","href":"https:\/\/api.w.org\/{rel}","templated":true}]}}