{"id":1066521,"date":"2025-11-18T16:30:18","date_gmt":"2025-11-18T15:30:18","guid":{"rendered":"https:\/\/www.claret.cat\/llibre\/praying-with-gaudi-from-the-sagrada-familia-9788491366034\/"},"modified":"2026-01-14T12:37:12","modified_gmt":"2026-01-14T11:37:12","slug":"praying-with-gaudi-from-the-sagrada-familia-9788491366034","status":"publish","type":"product","link":"https:\/\/www.claret.cat\/es\/libro\/praying-with-gaudi-from-the-sagrada-familia-9788491366034\/","title":{"rendered":"PRAYING WITH GAUD\u00cd FROM THE SAGRADA FAM\u00cdLIA"},"content":{"rendered":"<p><strong>Antoni Gaud\u00ed<\/strong> was deeply Christian\u2014 humbly so, imaginatively so\u2014 and <strong>Jesus Christ<\/strong> became his guiding reference, especially in the last years of his life. <strong>The Sagrada Fam\u00edlia<\/strong>, in all it overflowing richness of forms and symbols, expresses that devotion without pause or limit. The basilica is, in its very structure, a vast prayer\u2014offered to God, and inviting each of us to rediscover <strong>God in stone, in color, in light.<\/strong><\/p>\n<p>This book is intended for a <strong>broad yet deeply sensitive readership<\/strong>, interested in spirituality, art, and interior reflection, and seeking a contemplative reading experience rather than an academic study or a tourist guide. More specifically, it will appeal to:<\/p>\n<ul>\n<li><strong>Believers and spiritual seekers<\/strong> who wish to deepen their prayer life through non-traditional paths, using beauty, symbolism, and architecture as ways of approaching God.<\/li>\n<li><strong>Readers interested in Antoni Gaud\u00ed and the Sagrada Fam\u00edlia<\/strong>, not from a technical or historical perspective, but as a spiritual and symbolic experience, where the basilica is understood as a vast prayer made of stone, light, and form.<\/li>\n<li><strong>Lovers of poetry and meditative language<\/strong>, who appreciate brief, lyrical texts rich in meaning, suitable for silence, contemplation, and inner listening.<\/li>\n<li><strong>People involved in pastoral work, catechesis, or spiritual accompaniment<\/strong>, who may find in this book an inspiring resource for personal or communal prayer.<\/li>\n<li><strong>Readers drawn to the dialogue between faith, art, and culture<\/strong>, especially those who value the integration of thought, aesthetic sensitivity, and religious experience.<\/li>\n<li><strong>Visitors to the Sagrada Fam\u00edlia<\/strong> who wish to extend or deepen their visit beyond the physical space, transforming it into an interior and spiritual journey.<\/li>\n<\/ul>\n<p><\/p>\n<p><\/p>\n<p><em>*This book has been printed with paper certificated by the&nbsp;<\/em><span>&nbsp;<\/span><a href='https:\/\/fsc.org\/en' rel='noopener noreferrer' target='_blank'><em>Forest Stewardship Council (FSC)<\/em><\/a><span>&nbsp;<\/span><em>, that complies <\/em><em>with the principles of sustainable economic, social, and environmental management.<\/em><\/p>\n<p><\/p>\n<p>Also available&nbsp;<a href='https:\/\/www.claret.cat\/llibre\/pregar-amb-gaudi-des-de-la-sagrada-familia-9788491366010\/' rel='noopener noreferrer' target='_blank'><strong>in catalan<\/strong><\/a>&nbsp;and&nbsp;<a href='https:\/\/www.claret.cat\/llibre\/rezar-con-gaudi-desde-la-sagrada-familia-9788491366027\/' rel='noopener noreferrer' target='_blank'><strong>in spanish <\/strong><\/a><\/p>\n","protected":false},"excerpt":{"rendered":"<p>JOU, DAVID<\/p>\n","protected":false},"featured_media":1073771,"template":"","meta":{"_acf_changed":false,"om_disable_all_campaigns":false,"rs_blank_template":"","rs_page_bg_color":"","slide_template_v7":"","inline_featured_image":false,"_monsterinsights_skip_tracking":false,"_monsterinsights_sitenote_active":false,"_monsterinsights_sitenote_note":"","_monsterinsights_sitenote_category":0},"product_brand":[],"product_cat":[109,485,232,581,559],"product_tag":[],"class_list":{"0":"post-1066521","1":"product","2":"type-product","3":"status-publish","4":"has-post-thumbnail","6":"product_cat-angles","7":"product_cat-autores-espiritualidad-1_espiritualidad","8":"product_cat-autors-espiritualitat","9":"product_cat-editorial-claret","10":"product_cat-ingles","12":"first","13":"instock","14":"taxable","15":"shipping-taxable","16":"purchasable","17":"product-type-simple"},"acf":{"autor":"JOU, DAVID","codart":"849136603","libros-coleccion":"","ediciones":"1","encuadernacion":"R\u00fastica","fecha_de_publicacion":"02\/12\/2025","novedad":"1","paginas":"86","subtitulo":"","orden":"0","portada":"1","idioma":"eng","booktrailer":"<iframe width=\"949\" height=\"433\" src=\"https:\/\/www.youtube.com\/embed\/NUsGny-q_pw?si=TN-9MDN0vpWtn7Nj\" title=\"YouTube video player\" frameborder=\"0\" allow=\"accelerometer; autoplay; clipboard-write; encrypted-media; gyroscope; picture-in-picture; web-share\" referrerpolicy=\"strict-origin-when-cross-origin\" allowfullscreen><\/iframe>","resenas":"<p>Catalunya Religi\u00f3, 22\/12\/2025<\/p>\n<p><a href=\"https:\/\/www.catalunyareligio.cat\/ca\/blog\/llibres-recomanats\/praying-gaudi-sagrada-familia-323922\" rel=\"noopener noreferrer\" target=\"_blank\">https:\/\/www.catalunyareligio.cat\/ca\/blog\/llibres-recomanats\/praying-gaudi-sagrada-familia-323922<\/a><\/p>\n","editorial":[{"ID":6158,"post_author":"3","post_date":"2022-07-28 17:46:08","post_date_gmt":"2022-07-28 15:46:08","post_content":"","post_title":"CLARET","post_excerpt":"","post_status":"publish","comment_status":"closed","ping_status":"closed","post_password":"","post_name":"claret","to_ping":"","pinged":"","post_modified":"2022-07-28 17:46:08","post_modified_gmt":"2022-07-28 15:46:08","post_content_filtered":"","post_parent":0,"guid":"http:\/\/dev.claret.cat\/editorial\/claret\/","menu_order":0,"post_type":"editorial","post_mime_type":"","comment_count":"0","filter":"raw"}],"autores-libros":[{"ID":293136,"post_author":"3","post_date":"2022-12-11 02:27:56","post_date_gmt":"2022-12-11 01:27:56","post_content":"<strong>David Jou i Mirabent<\/strong>\u00a0(Sitges, 1953) \u00e9s f\u00edsic, poeta i assagista. Catedr\u00e0tic de F\u00edsica a la Universitat Aut\u00f2noma de Barcelona durant m\u00e9s de trenta anys, \u00e9s autor d\u2019una obra de recerca en termodin\u00e0mica fora de l\u2019equilibri reconeguda internacionalment. Ha publicat una \u00e0mplia obra po\u00e8tica de tem\u00e0tica cient\u00edfica i religiosa. Els seus assaigs combinen ci\u00e8ncia, humanisme i religi\u00f3. Ha estat membre del Patronat de la Fundaci\u00f3 Joan Maragall (Cristianisme i cultura) durant uns trenta anys.","post_title":"DAVID JOU","post_excerpt":"","post_status":"publish","comment_status":"closed","ping_status":"closed","post_password":"","post_name":"david-jou-2","to_ping":"","pinged":"","post_modified":"2026-01-14 12:19:23","post_modified_gmt":"2026-01-14 11:19:23","post_content_filtered":"","post_parent":0,"guid":"http:\/\/dev.claret.cat\/autor\/david-jou-2\/","menu_order":0,"post_type":"autor","post_mime_type":"","comment_count":"0","filter":"raw"}],"traductores-libros":"","ilustradores-libros":"","formato":"","linkebook":"","precioebook":"0","ebookportada":false,"ficha":"849136603_1763550360.pdf","muestra":"","presentacion":"","recomendamos":"","mas_vendido":""},"aioseo_notices":[],"_links":{"self":[{"href":"https:\/\/www.claret.cat\/es\/wp-json\/wp\/v2\/product\/1066521","targetHints":{"allow":["GET"]}}],"collection":[{"href":"https:\/\/www.claret.cat\/es\/wp-json\/wp\/v2\/product"}],"about":[{"href":"https:\/\/www.claret.cat\/es\/wp-json\/wp\/v2\/types\/product"}],"wp:featuredmedia":[{"embeddable":true,"href":"https:\/\/www.claret.cat\/es\/wp-json\/wp\/v2\/media\/1073771"}],"wp:attachment":[{"href":"https:\/\/www.claret.cat\/es\/wp-json\/wp\/v2\/media?parent=1066521"}],"wp:term":[{"taxonomy":"product_brand","embeddable":true,"href":"https:\/\/www.claret.cat\/es\/wp-json\/wp\/v2\/product_brand?post=1066521"},{"taxonomy":"product_cat","embeddable":true,"href":"https:\/\/www.claret.cat\/es\/wp-json\/wp\/v2\/product_cat?post=1066521"},{"taxonomy":"product_tag","embeddable":true,"href":"https:\/\/www.claret.cat\/es\/wp-json\/wp\/v2\/product_tag?post=1066521"}],"curies":[{"name":"wp","href":"https:\/\/api.w.org\/{rel}","templated":true}]}}