{"id":1066714,"date":"2025-11-18T22:54:27","date_gmt":"2025-11-18T21:54:27","guid":{"rendered":"https:\/\/www.claret.cat\/llibre\/vera-una-historia-damor-9788466434690\/"},"modified":"2025-11-20T18:55:56","modified_gmt":"2025-11-20T17:55:56","slug":"vera-una-historia-damor-9788466434690","status":"publish","type":"product","link":"https:\/\/www.claret.cat\/es\/libro\/vera-una-historia-damor-9788466434690\/","title":{"rendered":"VERA, UNA HIST\u00d2RIA D&#8217;AMOR"},"content":{"rendered":"<p><strong>Quan el desig tamb\u00e9 \u00e9s el perill<\/strong>. <\/p>\n<p><strong>La Vera<\/strong> ha seguit sempre les normes: <strong>ha viscut durant m\u00e9s de vint anys amb la discreci\u00f3, l\u2019eleg\u00e0ncia i la dignitat<\/strong> que s\u2019exigeixen a l\u2019esposa d\u2019un marqu\u00e8s. Per\u00f2 ara, als quaranta-cinc anys, <strong>s\u2019acaba de separar<\/strong> i sense que ning\u00fa li digui el que ha de fer, comen\u00e7a a plantejar-se preguntes que mai s\u2019havia perm\u00e8s.<\/p>\n<p> Enmig d\u2019aquesta b\u00fasqueda <strong>apareix l\u2019Antonio<\/strong>. \u00c9s m\u00e9s jove, d\u2019origen humil i ali\u00e8 al seu m\u00f3n. <strong>No \u00e9s nom\u00e9s l\u2019atracci\u00f3 el que els uneix<\/strong>, sin\u00f3 tamb\u00e9 alguna cosa m\u00e9s intensa: <strong>la possibilitat de sortir del gui\u00f3<\/strong>. Aquest vincle, tan provocador com improbable, ser\u00e0 el detonador d\u2019uns aconteixements que ning\u00fa anticipa.<\/p>\n<p> <strong>L\u2019exmarit de la Vera no accepta que s\u2019hagi rebel\u00b7lat<\/strong>, i el que comen\u00e7a com a despit es va convertint en alguna cosa molt m\u00e9s perillosa. Hi ha coses que el marqu\u00e8s no suporta perdre. I <strong>algunes p\u00e8rdues, quan s\u2019acumulen, et poden portar fins al l\u00edmit<\/strong>.<\/p>\n","protected":false},"excerpt":{"rendered":"<p>VAL, JUAN DEL<\/p>\n","protected":false},"featured_media":1067434,"template":"","meta":{"_acf_changed":false,"om_disable_all_campaigns":false,"rs_blank_template":"","rs_page_bg_color":"","slide_template_v7":"","inline_featured_image":false,"_monsterinsights_skip_tracking":false,"_monsterinsights_sitenote_active":false,"_monsterinsights_sitenote_note":"","_monsterinsights_sitenote_category":0},"product_brand":[],"product_cat":[127,357],"product_tag":[],"class_list":{"0":"post-1066714","1":"product","2":"type-product","3":"status-publish","4":"has-post-thumbnail","6":"product_cat-novella-contemporania","7":"product_cat-novela-contemporanea","9":"first","10":"instock","11":"taxable","12":"shipping-taxable","13":"purchasable","14":"product-type-simple"},"acf":{"autor":"VAL, JUAN DEL","codart":"846643469","libros-coleccion":"Cl\u00e0ssica","ediciones":"1","encuadernacion":"Carton\u00e9","fecha_de_publicacion":"01\/11\/2025","novedad":"1","paginas":"350","subtitulo":"","orden":"0","portada":"0","idioma":"cat","booktrailer":"","resenas":"","editorial":[{"ID":6166,"post_author":"3","post_date":"2022-07-28 17:46:19","post_date_gmt":"2022-07-28 15:46:19","post_content":"","post_title":"Columna CAT","post_excerpt":"","post_status":"publish","comment_status":"closed","ping_status":"closed","post_password":"","post_name":"columna-cat","to_ping":"","pinged":"","post_modified":"2022-07-28 17:46:19","post_modified_gmt":"2022-07-28 15:46:19","post_content_filtered":"","post_parent":0,"guid":"http:\/\/dev.claret.cat\/editorial\/columna-cat\/","menu_order":0,"post_type":"editorial","post_mime_type":"","comment_count":"0","filter":"raw"}]},"aioseo_notices":[],"_links":{"self":[{"href":"https:\/\/www.claret.cat\/es\/wp-json\/wp\/v2\/product\/1066714","targetHints":{"allow":["GET"]}}],"collection":[{"href":"https:\/\/www.claret.cat\/es\/wp-json\/wp\/v2\/product"}],"about":[{"href":"https:\/\/www.claret.cat\/es\/wp-json\/wp\/v2\/types\/product"}],"wp:featuredmedia":[{"embeddable":true,"href":"https:\/\/www.claret.cat\/es\/wp-json\/wp\/v2\/media\/1067434"}],"wp:attachment":[{"href":"https:\/\/www.claret.cat\/es\/wp-json\/wp\/v2\/media?parent=1066714"}],"wp:term":[{"taxonomy":"product_brand","embeddable":true,"href":"https:\/\/www.claret.cat\/es\/wp-json\/wp\/v2\/product_brand?post=1066714"},{"taxonomy":"product_cat","embeddable":true,"href":"https:\/\/www.claret.cat\/es\/wp-json\/wp\/v2\/product_cat?post=1066714"},{"taxonomy":"product_tag","embeddable":true,"href":"https:\/\/www.claret.cat\/es\/wp-json\/wp\/v2\/product_tag?post=1066714"}],"curies":[{"name":"wp","href":"https:\/\/api.w.org\/{rel}","templated":true}]}}