{"id":106696,"date":"2022-10-12T09:21:09","date_gmt":"2022-10-12T07:21:09","guid":{"rendered":"http:\/\/dev.claret.cat\/producte\/poesia-rae\/"},"modified":"2023-01-28T21:25:35","modified_gmt":"2023-01-28T20:25:35","slug":"poesia-rae-9788415472063","status":"publish","type":"product","link":"https:\/\/www.claret.cat\/es\/libro\/poesia-rae-9788415472063\/","title":{"rendered":"POES\u00cdA &#8211; RAE"},"content":{"rendered":"<p>Edici\u00f3n, estudio y notas de Antonio Ramajo Ca\u00f1o  Admirada a lo largo de los siglos, aunque no siempre comprendida en toda su dimensi\u00f3n, la obra po\u00e9tica de Fray Luis nos llega en esta edici\u00f3n definitiva.Su lectura nos permite apreciar tanto la bellez y armon\u00eda de sus versos como su contribuci\u00f3n a la riqueza del espa\u00f1ol como lengua art\u00edstica.<\/p>\n","protected":false},"excerpt":{"rendered":"<p>LE\u00d3N, LUIS DE<\/p>\n","protected":false},"featured_media":276734,"template":"","meta":{"_acf_changed":false,"om_disable_all_campaigns":false,"rs_blank_template":"","rs_page_bg_color":"","slide_template_v7":"","inline_featured_image":false,"_monsterinsights_skip_tracking":false,"_monsterinsights_sitenote_active":false,"_monsterinsights_sitenote_note":"","_monsterinsights_sitenote_category":0},"product_brand":[],"product_cat":[90,540],"product_tag":[],"class_list":{"0":"post-106696","1":"product","2":"type-product","3":"status-publish","4":"has-post-thumbnail","6":"product_cat-altres","7":"product_cat-otros","9":"first","10":"outofstock","11":"taxable","12":"shipping-taxable","13":"purchasable","14":"product-type-simple"},"acf":{"editorial":[{"ID":6260,"post_author":"3","post_date":"2022-07-28 17:48:23","post_date_gmt":"2022-07-28 15:48:23","post_content":"","post_title":"Galaxia Gutenberg","post_excerpt":"","post_status":"publish","comment_status":"closed","ping_status":"closed","post_password":"","post_name":"galaxia-gutenberg","to_ping":"","pinged":"","post_modified":"2022-07-28 17:48:23","post_modified_gmt":"2022-07-28 15:48:23","post_content_filtered":"","post_parent":0,"guid":"http:\/\/dev.claret.cat\/editorial\/galaxia-gutenberg\/","menu_order":0,"post_type":"editorial","post_mime_type":"","comment_count":"0","filter":"raw"}],"autores-libros":[{"ID":162699,"post_author":"3","post_date":"2022-10-14 17:33:06","post_date_gmt":"2022-10-14 15:33:06","post_content":"","post_title":"LUIS DE LEON","post_excerpt":"","post_status":"publish","comment_status":"closed","ping_status":"closed","post_password":"","post_name":"luis-de-leon","to_ping":"","pinged":"","post_modified":"2022-10-14 17:33:06","post_modified_gmt":"2022-10-14 15:33:06","post_content_filtered":"","post_parent":0,"guid":"http:\/\/dev.claret.cat\/autor\/luis-de-leon\/","menu_order":0,"post_type":"autor","post_mime_type":"","comment_count":"0","filter":"raw"}],"autor":"LE\u00d3N, LUIS DE","codart":"841547206","libros-coleccion":"Cl\u00e1sicos","ediciones":"1","encuadernacion":"Carton\u00e9","fecha_de_publicacion":"01\/06\/2012","novedad":"1","paginas":"880","subtitulo":"REAL ACADEMIA EESPA\u00d1OLA","orden":"0","portada":"0","idioma":"spa"},"aioseo_notices":[],"_links":{"self":[{"href":"https:\/\/www.claret.cat\/es\/wp-json\/wp\/v2\/product\/106696","targetHints":{"allow":["GET"]}}],"collection":[{"href":"https:\/\/www.claret.cat\/es\/wp-json\/wp\/v2\/product"}],"about":[{"href":"https:\/\/www.claret.cat\/es\/wp-json\/wp\/v2\/types\/product"}],"wp:featuredmedia":[{"embeddable":true,"href":"https:\/\/www.claret.cat\/es\/wp-json\/wp\/v2\/media\/276734"}],"wp:attachment":[{"href":"https:\/\/www.claret.cat\/es\/wp-json\/wp\/v2\/media?parent=106696"}],"wp:term":[{"taxonomy":"product_brand","embeddable":true,"href":"https:\/\/www.claret.cat\/es\/wp-json\/wp\/v2\/product_brand?post=106696"},{"taxonomy":"product_cat","embeddable":true,"href":"https:\/\/www.claret.cat\/es\/wp-json\/wp\/v2\/product_cat?post=106696"},{"taxonomy":"product_tag","embeddable":true,"href":"https:\/\/www.claret.cat\/es\/wp-json\/wp\/v2\/product_tag?post=106696"}],"curies":[{"name":"wp","href":"https:\/\/api.w.org\/{rel}","templated":true}]}}