{"id":1067138,"date":"2025-11-20T13:15:07","date_gmt":"2025-11-20T12:15:07","guid":{"rendered":"https:\/\/www.claret.cat\/llibre\/dina-9788428574358\/"},"modified":"2026-01-30T12:36:55","modified_gmt":"2026-01-30T11:36:55","slug":"dina-9788428574358","status":"publish","type":"product","link":"https:\/\/www.claret.cat\/es\/libro\/dina-9788428574358\/","title":{"rendered":"DINA"},"content":{"rendered":"<p>Mercedes Navarro Puerto analiza en esta obra la historia de Dina, la \u00fanica mujer entre los trece hijos de Jacob, tenida con L\u00eda, la primera de sus esposas. Su triste historia, recogida en el cap\u00edtulo 34 del G\u00e9nesis, permite reflexionar cr\u00edticamente sobre la violencia sexual contra las mujeres, sobre sus din\u00e1micas y los trasfondos de la llamada \u00abcultura de la violaci\u00f3n\u00bb. Dina es violada y sus hermanos aprovechan esta afrenta para aniquilar al pueblo al que pertenec\u00eda el violador. Una figura manchada por la actuaci\u00f3n de los hombres que la rodean y ningunean, pues solo aparece como desencadenante de las acciones que soporta.<\/p>\n","protected":false},"excerpt":{"rendered":"<p>NAVARRO PUERTO, MERCEDES<\/p>\n","protected":false},"featured_media":1079882,"template":"","meta":{"_acf_changed":false,"om_disable_all_campaigns":false,"rs_blank_template":"","rs_page_bg_color":"","slide_template_v7":"","inline_featured_image":false,"_monsterinsights_skip_tracking":false,"_monsterinsights_sitenote_active":false,"_monsterinsights_sitenote_note":"","_monsterinsights_sitenote_category":0},"product_brand":[],"product_cat":[195,458],"product_tag":[],"class_list":{"0":"post-1067138","1":"product","2":"type-product","3":"status-publish","4":"has-post-thumbnail","6":"product_cat-introduccio-a-t","7":"product_cat-introduccion-a-t","9":"first","10":"instock","11":"taxable","12":"shipping-taxable","13":"purchasable","14":"product-type-simple"},"acf":{"autor":"NAVARRO PUERTO, MERCEDES","codart":"842857435","libros-coleccion":" MUJERES B\u00cdBLICAS","ediciones":"1","encuadernacion":"R\u00fastica","fecha_de_publicacion":"19\/11\/2025","novedad":"1","paginas":"82","subtitulo":"VIOLADA Y BORRADA","orden":"0","portada":"0","idioma":"spa","booktrailer":"","resenas":"","editorial":[{"ID":6356,"post_author":"3","post_date":"2022-07-28 17:50:26","post_date_gmt":"2022-07-28 15:50:26","post_content":"","post_title":"SAN PABLO COMUNICACI\u00d3N","post_excerpt":"","post_status":"publish","comment_status":"closed","ping_status":"closed","post_password":"","post_name":"san-pablo-comunicacion","to_ping":"","pinged":"","post_modified":"2022-07-28 17:50:26","post_modified_gmt":"2022-07-28 15:50:26","post_content_filtered":"","post_parent":0,"guid":"http:\/\/dev.claret.cat\/editorial\/san-pablo-comunicacion\/","menu_order":0,"post_type":"editorial","post_mime_type":"","comment_count":"0","filter":"raw"}]},"aioseo_notices":[],"_links":{"self":[{"href":"https:\/\/www.claret.cat\/es\/wp-json\/wp\/v2\/product\/1067138","targetHints":{"allow":["GET"]}}],"collection":[{"href":"https:\/\/www.claret.cat\/es\/wp-json\/wp\/v2\/product"}],"about":[{"href":"https:\/\/www.claret.cat\/es\/wp-json\/wp\/v2\/types\/product"}],"wp:featuredmedia":[{"embeddable":true,"href":"https:\/\/www.claret.cat\/es\/wp-json\/wp\/v2\/media\/1079882"}],"wp:attachment":[{"href":"https:\/\/www.claret.cat\/es\/wp-json\/wp\/v2\/media?parent=1067138"}],"wp:term":[{"taxonomy":"product_brand","embeddable":true,"href":"https:\/\/www.claret.cat\/es\/wp-json\/wp\/v2\/product_brand?post=1067138"},{"taxonomy":"product_cat","embeddable":true,"href":"https:\/\/www.claret.cat\/es\/wp-json\/wp\/v2\/product_cat?post=1067138"},{"taxonomy":"product_tag","embeddable":true,"href":"https:\/\/www.claret.cat\/es\/wp-json\/wp\/v2\/product_tag?post=1067138"}],"curies":[{"name":"wp","href":"https:\/\/api.w.org\/{rel}","templated":true}]}}