{"id":1067238,"date":"2025-11-20T16:41:34","date_gmt":"2025-11-20T15:41:34","guid":{"rendered":"https:\/\/www.claret.cat\/llibre\/neandertales-9791387556785\/"},"modified":"2025-11-22T13:00:47","modified_gmt":"2025-11-22T12:00:47","slug":"neandertales-9791387556785","status":"publish","type":"product","link":"https:\/\/www.claret.cat\/es\/libro\/neandertales-9791387556785\/","title":{"rendered":"NEANDERTALES"},"content":{"rendered":"<p>Durante d\u00e9cadas, los neandertales fueron considerados una especie primitiva y tosca, incapaces de rivalizar con los Homo sapiens. Sin embargo, los \u00faltimos descubrimientos cient\u00edficos revelan una realidad fascinante que ha transformado por completo nuestra comprensi\u00f3n de nuestros parientes.<br \/> Gracias a las investigaciones de expertos multidisciplinares que combinan paleontolog\u00eda, geolog\u00eda, arqueolog\u00eda o la tecnolog\u00eda 3D, hoy conocemos en profundidad su biolog\u00eda, su alimentaci\u00f3n, su cultura material y su evoluci\u00f3n cognitiva. El cerebro de nuestros antecesores neandertales, lejos de ser rudimentario, albergaba capacidades que les permitieron dominar el fuego, desarrollar innovaciones tecnol\u00f3gicas revolucionarias y crear manifestaciones art\u00edsticas y simb\u00f3licas.<br \/> Esta obra coral nos adentra en los numerosos yacimientos de la pen\u00ednsula ib\u00e9rica ?desde Gibraltar hasta los Pirineos? donde una serie de hallazgos excepcionales han cambiado nuestra percepci\u00f3n de estos antiguos habitantes y nos han revelado su relaci\u00f3n con otras especies humanas, su convivencia con una fauna muy variada y las condiciones ambientales que moldearon su existencia.<br \/> Entre esos hallazgos, destaca la reconstrucci\u00f3n cient\u00edfica de una mujer neandertal, cuyos sus rasgos y herencia gen\u00e9tica nos desvelan una verdad profunda: los neandertales no desaparecieron del todo. Siguen vivos en nosotros, en nuestra biolog\u00eda y en la memoria colectiva de lo que significa ser humano. Su historia no es un eco del pasado, sino una parte esencial de la nuestra.<\/p>\n","protected":false},"excerpt":{"rendered":"<p>AA.VV.<\/p>\n","protected":false},"featured_media":1067775,"template":"","meta":{"_acf_changed":false,"om_disable_all_campaigns":false,"rs_blank_template":"","rs_page_bg_color":"","slide_template_v7":"","inline_featured_image":false,"_monsterinsights_skip_tracking":false,"_monsterinsights_sitenote_active":false,"_monsterinsights_sitenote_note":"","_monsterinsights_sitenote_category":0},"product_brand":[],"product_cat":[147,426],"product_tag":[],"class_list":{"0":"post-1067238","1":"product","2":"type-product","3":"status-publish","4":"has-post-thumbnail","6":"product_cat-prehistoria","7":"product_cat-prehistoria-historia-2_humanidades","9":"first","10":"instock","11":"taxable","12":"shipping-taxable","13":"purchasable","14":"product-type-simple"},"acf":{"autor":"AA.VV.","codart":"138755678","libros-coleccion":"DIVULGACION CIENTIFICA","ediciones":"1","encuadernacion":"R\u00fastica","fecha_de_publicacion":"01\/11\/2025","novedad":"1","paginas":"254","subtitulo":"LA HISTORIA DE UNA ESTIRPE PERDIDA","orden":"0","portada":"0","idioma":"spa","booktrailer":"","resenas":"","editorial":[{"ID":1008132,"post_author":"3","post_date":"2025-02-27 11:51:11","post_date_gmt":"2025-02-27 10:51:11","post_content":"","post_title":"PINOLIA","post_excerpt":"","post_status":"publish","comment_status":"closed","ping_status":"closed","post_password":"","post_name":"pinolia","to_ping":"","pinged":"","post_modified":"2025-02-27 11:51:11","post_modified_gmt":"2025-02-27 10:51:11","post_content_filtered":"","post_parent":0,"guid":"https:\/\/www.claret.cat\/editorial\/pinolia\/","menu_order":0,"post_type":"editorial","post_mime_type":"","comment_count":"0","filter":"raw"}]},"aioseo_notices":[],"_links":{"self":[{"href":"https:\/\/www.claret.cat\/es\/wp-json\/wp\/v2\/product\/1067238","targetHints":{"allow":["GET"]}}],"collection":[{"href":"https:\/\/www.claret.cat\/es\/wp-json\/wp\/v2\/product"}],"about":[{"href":"https:\/\/www.claret.cat\/es\/wp-json\/wp\/v2\/types\/product"}],"wp:featuredmedia":[{"embeddable":true,"href":"https:\/\/www.claret.cat\/es\/wp-json\/wp\/v2\/media\/1067775"}],"wp:attachment":[{"href":"https:\/\/www.claret.cat\/es\/wp-json\/wp\/v2\/media?parent=1067238"}],"wp:term":[{"taxonomy":"product_brand","embeddable":true,"href":"https:\/\/www.claret.cat\/es\/wp-json\/wp\/v2\/product_brand?post=1067238"},{"taxonomy":"product_cat","embeddable":true,"href":"https:\/\/www.claret.cat\/es\/wp-json\/wp\/v2\/product_cat?post=1067238"},{"taxonomy":"product_tag","embeddable":true,"href":"https:\/\/www.claret.cat\/es\/wp-json\/wp\/v2\/product_tag?post=1067238"}],"curies":[{"name":"wp","href":"https:\/\/api.w.org\/{rel}","templated":true}]}}