{"id":1067521,"date":"2025-11-21T16:15:02","date_gmt":"2025-11-21T15:15:02","guid":{"rendered":"https:\/\/www.claret.cat\/llibre\/lectio-divina-para-tiempos-fuertes-adviento-y-navidad-2025-9788479668273\/"},"modified":"2025-11-24T14:15:49","modified_gmt":"2025-11-24T13:15:49","slug":"lectio-divina-para-tiempos-fuertes-adviento-y-navidad-2025-9788479668273","status":"publish","type":"product","link":"https:\/\/www.claret.cat\/es\/libro\/lectio-divina-para-tiempos-fuertes-adviento-y-navidad-2025-9788479668273\/","title":{"rendered":"LECTIO DIVINA PARA TIEMPOS FUERTES : ADVIENTO Y NAVIDAD 2025"},"content":{"rendered":"<p>\u201c<strong>Nuestro Salvador, amad\u00edsimos hermanos, ha nacido hoy<\/strong>; alegr\u00e9monos. Que nadie se considere&nbsp;excluido de esta alegr\u00eda, pues el motivo de este gozo es com\u00fan para todos; <strong>nuestro Se\u00f1or, en efecto, vencedor del pecado y de la muerte<\/strong>, as\u00ed como no encontr\u00f3 a nadie libre de culpa, as\u00ed <strong>ha venido para salvarnos a todos<\/strong>. Al\u00e9grese, pues, el justo, porque se acerca a la recompensa; regoc\u00edjese el pecador, porque <strong>se le brinda el perd\u00f3n<\/strong>\u201d.<\/p>\n","protected":false},"excerpt":{"rendered":"<p>MOLINA, OLGA<\/p>\n","protected":false},"featured_media":1068000,"template":"","meta":{"_acf_changed":false,"om_disable_all_campaigns":false,"rs_blank_template":"","rs_page_bg_color":"","slide_template_v7":"","inline_featured_image":false,"_monsterinsights_skip_tracking":false,"_monsterinsights_sitenote_active":false,"_monsterinsights_sitenote_note":"","_monsterinsights_sitenote_category":0},"product_brand":[],"product_cat":[92,542],"product_tag":[],"class_list":{"0":"post-1067521","1":"product","2":"type-product","3":"status-publish","4":"has-post-thumbnail","6":"product_cat-vida-religiosa","7":"product_cat-vida-religiosa-1_espiritualidad-spa","9":"first","10":"instock","11":"taxable","12":"shipping-taxable","13":"purchasable","14":"product-type-simple"},"acf":{"autor":"MOLINA, OLGA","codart":"847966827","libros-coleccion":"","ediciones":"1","encuadernacion":"R\u00fastica","fecha_de_publicacion":"19\/11\/2025","novedad":"1","paginas":"112","subtitulo":"LA ALEGR\u00cdA DE LA ESPERA","orden":"0","portada":"0","idioma":"spa","booktrailer":"","resenas":"","editorial":[{"ID":6337,"post_author":"3","post_date":"2022-07-28 17:50:01","post_date_gmt":"2022-07-28 15:50:01","post_content":"","post_title":"Publicaciones Claretianas","post_excerpt":"","post_status":"publish","comment_status":"closed","ping_status":"closed","post_password":"","post_name":"publicaciones-claretianas","to_ping":"","pinged":"","post_modified":"2022-07-28 17:50:01","post_modified_gmt":"2022-07-28 15:50:01","post_content_filtered":"","post_parent":0,"guid":"http:\/\/dev.claret.cat\/editorial\/publicaciones-claretianas\/","menu_order":0,"post_type":"editorial","post_mime_type":"","comment_count":"0","filter":"raw"}]},"aioseo_notices":[],"_links":{"self":[{"href":"https:\/\/www.claret.cat\/es\/wp-json\/wp\/v2\/product\/1067521","targetHints":{"allow":["GET"]}}],"collection":[{"href":"https:\/\/www.claret.cat\/es\/wp-json\/wp\/v2\/product"}],"about":[{"href":"https:\/\/www.claret.cat\/es\/wp-json\/wp\/v2\/types\/product"}],"wp:featuredmedia":[{"embeddable":true,"href":"https:\/\/www.claret.cat\/es\/wp-json\/wp\/v2\/media\/1068000"}],"wp:attachment":[{"href":"https:\/\/www.claret.cat\/es\/wp-json\/wp\/v2\/media?parent=1067521"}],"wp:term":[{"taxonomy":"product_brand","embeddable":true,"href":"https:\/\/www.claret.cat\/es\/wp-json\/wp\/v2\/product_brand?post=1067521"},{"taxonomy":"product_cat","embeddable":true,"href":"https:\/\/www.claret.cat\/es\/wp-json\/wp\/v2\/product_cat?post=1067521"},{"taxonomy":"product_tag","embeddable":true,"href":"https:\/\/www.claret.cat\/es\/wp-json\/wp\/v2\/product_tag?post=1067521"}],"curies":[{"name":"wp","href":"https:\/\/api.w.org\/{rel}","templated":true}]}}