{"id":106777,"date":"2022-10-12T09:22:19","date_gmt":"2022-10-12T07:22:19","guid":{"rendered":"http:\/\/dev.claret.cat\/producte\/la-masovera\/"},"modified":"2025-10-20T20:08:17","modified_gmt":"2025-10-20T18:08:17","slug":"la-masovera-9788418135286","status":"publish","type":"product","link":"https:\/\/www.claret.cat\/es\/libro\/la-masovera-9788418135286\/","title":{"rendered":"LA MASOVERA"},"content":{"rendered":"<p>La masovera se&#8221;n va al mercat a comprar els ingredients que li falten per preparar uns plats deliciosos. I avui, que` li ve de gust?<\/p>\n","protected":false},"excerpt":{"rendered":"<p>ARGEM\u00cd, ROSER \/ FERN\u00c0NDEZ SELVA, NOEM\u00cd<\/p>\n","protected":false},"featured_media":958568,"template":"","meta":{"_acf_changed":false,"om_disable_all_campaigns":false,"rs_blank_template":"","rs_page_bg_color":"","slide_template_v7":"","inline_featured_image":false,"_monsterinsights_skip_tracking":false,"_monsterinsights_sitenote_active":false,"_monsterinsights_sitenote_note":"","_monsterinsights_sitenote_category":0},"product_brand":[],"product_cat":[131,361],"product_tag":[],"class_list":{"0":"post-106777","1":"product","2":"type-product","3":"status-publish","4":"has-post-thumbnail","6":"product_cat-contes-per-infants-0-6-anys","7":"product_cat-cuentos-para-ninos-0-6-anos","9":"first","10":"instock","11":"taxable","12":"shipping-taxable","13":"purchasable","14":"product-type-simple"},"acf":{"editorial":[{"ID":6249,"post_author":"3","post_date":"2022-07-28 17:48:09","post_date_gmt":"2022-07-28 15:48:09","post_content":"","post_title":"Estrella Polar","post_excerpt":"","post_status":"publish","comment_status":"closed","ping_status":"closed","post_password":"","post_name":"estrella-polar","to_ping":"","pinged":"","post_modified":"2022-07-28 17:48:09","post_modified_gmt":"2022-07-28 15:48:09","post_content_filtered":"","post_parent":0,"guid":"http:\/\/dev.claret.cat\/editorial\/estrella-polar\/","menu_order":0,"post_type":"editorial","post_mime_type":"","comment_count":"0","filter":"raw"}],"autor":"ARGEM\u00cd, ROSER \/ FERN\u00c0NDEZ SELVA, NOEM\u00cd","codart":"841813528","libros-coleccion":"FORA DE COL.LECCI\u00d3","ediciones":"1","encuadernacion":"Carpeta","fecha_de_publicacion":"01\/09\/2020","novedad":"1","paginas":"14","subtitulo":"","orden":"0","portada":"0","idioma":"cat","autores-libros":[{"ID":168580,"post_author":"3","post_date":"2022-10-14 22:20:15","post_date_gmt":"2022-10-14 20:20:15","post_content":"","post_title":"ROSER ARGEM\u00cd","post_excerpt":"","post_status":"publish","comment_status":"closed","ping_status":"closed","post_password":"","post_name":"roser-argemi-2","to_ping":"","pinged":"","post_modified":"2022-10-14 22:20:15","post_modified_gmt":"2022-10-14 20:20:15","post_content_filtered":"","post_parent":0,"guid":"http:\/\/dev.claret.cat\/autor\/roser-argemi-2\/","menu_order":0,"post_type":"autor","post_mime_type":"","comment_count":"0","filter":"raw"},{"ID":165942,"post_author":"3","post_date":"2022-10-14 17:59:10","post_date_gmt":"2022-10-14 15:59:10","post_content":"","post_title":"NOEM\u00cd FERN\u00c1NDEZ SELVA","post_excerpt":"","post_status":"publish","comment_status":"closed","ping_status":"closed","post_password":"","post_name":"noemi-fernandez-selva","to_ping":"","pinged":"","post_modified":"2022-10-14 17:59:10","post_modified_gmt":"2022-10-14 15:59:10","post_content_filtered":"","post_parent":0,"guid":"http:\/\/dev.claret.cat\/autor\/noemi-fernandez-selva\/","menu_order":0,"post_type":"autor","post_mime_type":"","comment_count":"0","filter":"raw"}],"booktrailer":"","resenas":""},"aioseo_notices":[],"_links":{"self":[{"href":"https:\/\/www.claret.cat\/es\/wp-json\/wp\/v2\/product\/106777","targetHints":{"allow":["GET"]}}],"collection":[{"href":"https:\/\/www.claret.cat\/es\/wp-json\/wp\/v2\/product"}],"about":[{"href":"https:\/\/www.claret.cat\/es\/wp-json\/wp\/v2\/types\/product"}],"wp:featuredmedia":[{"embeddable":true,"href":"https:\/\/www.claret.cat\/es\/wp-json\/wp\/v2\/media\/958568"}],"wp:attachment":[{"href":"https:\/\/www.claret.cat\/es\/wp-json\/wp\/v2\/media?parent=106777"}],"wp:term":[{"taxonomy":"product_brand","embeddable":true,"href":"https:\/\/www.claret.cat\/es\/wp-json\/wp\/v2\/product_brand?post=106777"},{"taxonomy":"product_cat","embeddable":true,"href":"https:\/\/www.claret.cat\/es\/wp-json\/wp\/v2\/product_cat?post=106777"},{"taxonomy":"product_tag","embeddable":true,"href":"https:\/\/www.claret.cat\/es\/wp-json\/wp\/v2\/product_tag?post=106777"}],"curies":[{"name":"wp","href":"https:\/\/api.w.org\/{rel}","templated":true}]}}