{"id":106780,"date":"2022-10-12T09:22:22","date_gmt":"2022-10-12T07:22:22","guid":{"rendered":"http:\/\/dev.claret.cat\/producte\/sol-solet-2\/"},"modified":"2025-10-20T19:31:25","modified_gmt":"2025-10-20T17:31:25","slug":"sol-solet-9788418135279","status":"publish","type":"product","link":"https:\/\/www.claret.cat\/es\/libro\/sol-solet-9788418135279\/","title":{"rendered":"SOL SOLET"},"content":{"rendered":"<p>En Marti\u00b4, un nen molt despistat, surt un dia a la muntanya sense capa ni barret. A mig cami\u00b4 comenc\u00b8a a fer molt fred. Tot cantant, intentara` conve`ncer el sol perque` l&#8221;escalfi amb els seus rajos.<\/p>\n","protected":false},"excerpt":{"rendered":"<p>ARGEM\u00cd, ROSER \/ FERN\u00c0NDEZ SELVA, NOEM\u00cd<\/p>\n","protected":false},"featured_media":958578,"template":"","meta":{"_acf_changed":false,"om_disable_all_campaigns":false,"rs_blank_template":"","rs_page_bg_color":"","slide_template_v7":"","inline_featured_image":false,"_monsterinsights_skip_tracking":false,"_monsterinsights_sitenote_active":false,"_monsterinsights_sitenote_note":"","_monsterinsights_sitenote_category":0},"product_brand":[],"product_cat":[131,361],"product_tag":[],"class_list":{"0":"post-106780","1":"product","2":"type-product","3":"status-publish","4":"has-post-thumbnail","6":"product_cat-contes-per-infants-0-6-anys","7":"product_cat-cuentos-para-ninos-0-6-anos","9":"first","10":"instock","11":"taxable","12":"shipping-taxable","13":"purchasable","14":"product-type-simple"},"acf":{"editorial":[{"ID":6249,"post_author":"3","post_date":"2022-07-28 17:48:09","post_date_gmt":"2022-07-28 15:48:09","post_content":"","post_title":"Estrella Polar","post_excerpt":"","post_status":"publish","comment_status":"closed","ping_status":"closed","post_password":"","post_name":"estrella-polar","to_ping":"","pinged":"","post_modified":"2022-07-28 17:48:09","post_modified_gmt":"2022-07-28 15:48:09","post_content_filtered":"","post_parent":0,"guid":"http:\/\/dev.claret.cat\/editorial\/estrella-polar\/","menu_order":0,"post_type":"editorial","post_mime_type":"","comment_count":"0","filter":"raw"}],"autor":"ARGEM\u00cd, ROSER \/ FERN\u00c0NDEZ SELVA, NOEM\u00cd","codart":"841813527","libros-coleccion":"FORA DE COL.LECCI\u00d3","ediciones":"1","encuadernacion":"Carpeta","fecha_de_publicacion":"01\/09\/2020","novedad":"1","paginas":"14","subtitulo":"","orden":"0","portada":"0","idioma":"cat","autores-libros":[{"ID":168580,"post_author":"3","post_date":"2022-10-14 22:20:15","post_date_gmt":"2022-10-14 20:20:15","post_content":"","post_title":"ROSER ARGEM\u00cd","post_excerpt":"","post_status":"publish","comment_status":"closed","ping_status":"closed","post_password":"","post_name":"roser-argemi-2","to_ping":"","pinged":"","post_modified":"2022-10-14 22:20:15","post_modified_gmt":"2022-10-14 20:20:15","post_content_filtered":"","post_parent":0,"guid":"http:\/\/dev.claret.cat\/autor\/roser-argemi-2\/","menu_order":0,"post_type":"autor","post_mime_type":"","comment_count":"0","filter":"raw"},{"ID":165942,"post_author":"3","post_date":"2022-10-14 17:59:10","post_date_gmt":"2022-10-14 15:59:10","post_content":"","post_title":"NOEM\u00cd FERN\u00c1NDEZ SELVA","post_excerpt":"","post_status":"publish","comment_status":"closed","ping_status":"closed","post_password":"","post_name":"noemi-fernandez-selva","to_ping":"","pinged":"","post_modified":"2022-10-14 17:59:10","post_modified_gmt":"2022-10-14 15:59:10","post_content_filtered":"","post_parent":0,"guid":"http:\/\/dev.claret.cat\/autor\/noemi-fernandez-selva\/","menu_order":0,"post_type":"autor","post_mime_type":"","comment_count":"0","filter":"raw"}],"booktrailer":"","resenas":""},"aioseo_notices":[],"_links":{"self":[{"href":"https:\/\/www.claret.cat\/es\/wp-json\/wp\/v2\/product\/106780","targetHints":{"allow":["GET"]}}],"collection":[{"href":"https:\/\/www.claret.cat\/es\/wp-json\/wp\/v2\/product"}],"about":[{"href":"https:\/\/www.claret.cat\/es\/wp-json\/wp\/v2\/types\/product"}],"wp:featuredmedia":[{"embeddable":true,"href":"https:\/\/www.claret.cat\/es\/wp-json\/wp\/v2\/media\/958578"}],"wp:attachment":[{"href":"https:\/\/www.claret.cat\/es\/wp-json\/wp\/v2\/media?parent=106780"}],"wp:term":[{"taxonomy":"product_brand","embeddable":true,"href":"https:\/\/www.claret.cat\/es\/wp-json\/wp\/v2\/product_brand?post=106780"},{"taxonomy":"product_cat","embeddable":true,"href":"https:\/\/www.claret.cat\/es\/wp-json\/wp\/v2\/product_cat?post=106780"},{"taxonomy":"product_tag","embeddable":true,"href":"https:\/\/www.claret.cat\/es\/wp-json\/wp\/v2\/product_tag?post=106780"}],"curies":[{"name":"wp","href":"https:\/\/api.w.org\/{rel}","templated":true}]}}