{"id":1068017,"date":"2025-11-24T16:26:35","date_gmt":"2025-11-24T15:26:35","guid":{"rendered":"https:\/\/www.claret.cat\/llibre\/cacamisteris-de-llegendes-2-la-momia-de-cleopatra-9788410489479\/"},"modified":"2026-04-07T18:45:24","modified_gmt":"2026-04-07T16:45:24","slug":"cacamisteris-de-llegendes-2-la-momia-de-cleopatra-9788410489479","status":"publish","type":"product","link":"https:\/\/www.claret.cat\/es\/libro\/cacamisteris-de-llegendes-2-la-momia-de-cleopatra-9788410489479\/","title":{"rendered":"CA\u00c7AMISTERIS DE LLEGENDES 2 &#8211; LA M\u00d2MIA DE CLEOPATRA"},"content":{"rendered":"<p>El club de detectius m\u00e9s fam\u00f3s del m\u00f3n et necessita&#8230; L&#8221;Ulisses, la Nora i en Bruno s\u00f3n Els Ca\u00e7amisteris: tres germans s\u00faper experts a resoldre misteris. Un bon dia, reben un sobre amb una retallada de diari&#8230; que arriba des d&#8221;Egipte! I aleshores&#8230; comen\u00e7a una nova aventura! Pista 1: Un arque\u00f2leg diu que acaba de trobar la tomba de Cle\u00f2patra. Pista 2: La llegenda explica que la tomba amaga un gran tresor. Pista 3: Sembla que a l&#8221;arque\u00f2leg li interessa massa els diners. Per\u00f2 aix\u00f2 significaria que&#8230; La llegenda sobre Cle\u00f2patra \u00e9s certa?! Per sort, aquesta vegada tenen un nou detectiu a l&#8221;equip per ajudar-los a resoldre el misteri sobre aquesta incre\u00efble llegenda: Tu! Amb enigmes a cada cap\u00edtol! Una s\u00e8rie ideal per a nens i nenes que comencen a llegir sols, amb cap\u00edtols curts, moltes il\u00b7lustracions i trames senzilles. Interiors a tot color amb il\u00b7lustracions i vinyetes de c\u00f2mic molt expressives i vistoses perqu\u00e8 llegir sigui m\u00e9s f\u00e0cil que mai. Cada hist\u00f2ria planteja un nou cas per resoldre; es poden llegir de manera independent. Amb enigmes al final de cada cap\u00edtol que els petits lectors hauran de resoldre per fer avan\u00e7ar la hist\u00f2ria.<\/p>\n","protected":false},"excerpt":{"rendered":"<p>PATRICIA GARC\u00cdA-ROJO<\/p>\n","protected":false},"featured_media":1068018,"template":"","meta":{"_acf_changed":false,"om_disable_all_campaigns":false,"rs_blank_template":"","rs_page_bg_color":"","slide_template_v7":"","inline_featured_image":false,"_monsterinsights_skip_tracking":false,"_monsterinsights_sitenote_active":false,"_monsterinsights_sitenote_note":"","_monsterinsights_sitenote_category":0},"product_brand":[],"product_cat":[132,362],"product_tag":[],"class_list":{"0":"post-1068017","1":"product","2":"type-product","3":"status-publish","4":"has-post-thumbnail","6":"product_cat-lectures-per-preadolescents-6-12-anys","7":"product_cat-libros-preadolescentes-6-12-anos","9":"first","10":"instock","11":"taxable","12":"shipping-taxable","13":"purchasable","14":"product-type-simple"},"acf":{"autor":"PATRICIA GARC\u00cdA-ROJO","codart":"841048947","libros-coleccion":"","ediciones":"1","encuadernacion":"Carton\u00e9","fecha_de_publicacion":"01\/11\/2025","novedad":"1","paginas":"121","subtitulo":"","orden":"0","portada":"0","idioma":"cat","booktrailer":"","resenas":"","editorial":[{"ID":6118,"post_author":"3","post_date":"2022-07-28 17:45:17","post_date_gmt":"2022-07-28 15:45:17","post_content":"","post_title":"ALFAGUARA","post_excerpt":"","post_status":"publish","comment_status":"closed","ping_status":"closed","post_password":"","post_name":"alfaguara","to_ping":"","pinged":"","post_modified":"2022-07-28 17:45:17","post_modified_gmt":"2022-07-28 15:45:17","post_content_filtered":"","post_parent":0,"guid":"http:\/\/dev.claret.cat\/editorial\/alfaguara\/","menu_order":0,"post_type":"editorial","post_mime_type":"","comment_count":"0","filter":"raw"}]},"aioseo_notices":[],"_links":{"self":[{"href":"https:\/\/www.claret.cat\/es\/wp-json\/wp\/v2\/product\/1068017","targetHints":{"allow":["GET"]}}],"collection":[{"href":"https:\/\/www.claret.cat\/es\/wp-json\/wp\/v2\/product"}],"about":[{"href":"https:\/\/www.claret.cat\/es\/wp-json\/wp\/v2\/types\/product"}],"wp:featuredmedia":[{"embeddable":true,"href":"https:\/\/www.claret.cat\/es\/wp-json\/wp\/v2\/media\/1068018"}],"wp:attachment":[{"href":"https:\/\/www.claret.cat\/es\/wp-json\/wp\/v2\/media?parent=1068017"}],"wp:term":[{"taxonomy":"product_brand","embeddable":true,"href":"https:\/\/www.claret.cat\/es\/wp-json\/wp\/v2\/product_brand?post=1068017"},{"taxonomy":"product_cat","embeddable":true,"href":"https:\/\/www.claret.cat\/es\/wp-json\/wp\/v2\/product_cat?post=1068017"},{"taxonomy":"product_tag","embeddable":true,"href":"https:\/\/www.claret.cat\/es\/wp-json\/wp\/v2\/product_tag?post=1068017"}],"curies":[{"name":"wp","href":"https:\/\/api.w.org\/{rel}","templated":true}]}}