{"id":1068037,"date":"2025-11-24T16:35:32","date_gmt":"2025-11-24T15:35:32","guid":{"rendered":"https:\/\/www.claret.cat\/llibre\/percy-jackson-y-los-dioses-del-olimpo-estuche-con-el-ladron-del-rayoel-mar-de-9788419868541\/"},"modified":"2025-11-24T16:56:27","modified_gmt":"2025-11-24T15:56:27","slug":"percy-jackson-y-los-dioses-del-olimpo-estuche-con-el-ladron-del-rayoel-mar-de-9788419868541","status":"publish","type":"product","link":"https:\/\/www.claret.cat\/es\/libro\/percy-jackson-y-los-dioses-del-olimpo-estuche-con-el-ladron-del-rayoel-mar-de-9788419868541\/","title":{"rendered":"PERCY JACKSON Y LOS DIOSES DEL OLIMPO (ESTUCHE CON: EL LADR\u00d3N DEL RAYO|EL MAR DE"},"content":{"rendered":"<p>Tres aventuras legendarias. Tres niveles m\u00e1s de \u00e9pica.   Este estuche re\u00fane los tres primeros t\u00edtulos de la saga \u00abPercy Jackson y los dioses del Olimpo\u00bb: El ladr\u00f3n del rayo, El mar de los monstruos y La maldici\u00f3n del Tit\u00e1n. Ideal para lectores que quieren sumergirse en el universo mitol\u00f3gico moderno desde el principio, vivir el crecimiento de Percy y enfrentarse a monstruos, profec\u00edas y traiciones. En El ladr\u00f3n del rayo, Percy Jackson descubre que no es un muchacho cualquiera: es un semidi\u00f3s, hijo de Poseid\u00f3n. Cuando el rayo maestro de Zeus es robado, Percy es acusado injustamente y se ve obligado a emprender una misi\u00f3n mortal para recuperarlo y evitar una guerra entre los dioses. _________________ En El mar de los monstruos, Percy y sus amigos atraviesan mares peligrosos, criaturas mitol\u00f3gicas y obst\u00e1culos imposibles para hallar el m\u00edtico Vellocino de Oro, la \u00fanica esperanza de salvar el Campamento Mestizo de una amenaza inminente. _________________ Con La maldici\u00f3n del Tit\u00e1n, la saga escala en riesgo y tensi\u00f3n: Annabeth es secuestrada, Artemisa desaparece, y Percy junto a un grupo de h\u00e9roes debe enfrentarse a una profec\u00eda mortal, monstruos despiadados y fuerzas que podr\u00edan sacudir los cimientos del Olimpo mismo. _________________ Este estuche re\u00fane el inicio \u00e9pico de Percy Jackson: tres aventuras llenas de acci\u00f3n, humor y mitolog\u00eda que marcan el nacimiento de un h\u00e9roe inolvidable. Perfecto para regalar o para empezar la saga con todo el poder del Olimpo en tus manos.<\/p>\n","protected":false},"excerpt":{"rendered":"<p>RICK RIORDAN<\/p>\n","protected":false},"featured_media":1068038,"template":"","meta":{"_acf_changed":false,"om_disable_all_campaigns":false,"rs_blank_template":"","rs_page_bg_color":"","slide_template_v7":"","inline_featured_image":false,"_monsterinsights_skip_tracking":false,"_monsterinsights_sitenote_active":false,"_monsterinsights_sitenote_note":"","_monsterinsights_sitenote_category":0},"product_brand":[],"product_cat":[132,362],"product_tag":[],"class_list":{"0":"post-1068037","1":"product","2":"type-product","3":"status-publish","4":"has-post-thumbnail","6":"product_cat-lectures-per-preadolescents-6-12-anys","7":"product_cat-libros-preadolescentes-6-12-anos","9":"first","10":"instock","11":"taxable","12":"shipping-taxable","13":"purchasable","14":"product-type-simple"},"acf":{"autor":"RICK RIORDAN","codart":"841986854","libros-coleccion":"FORA DE COL.LECCI\u00d3","ediciones":"1","encuadernacion":"R\u00fastica","fecha_de_publicacion":"01\/11\/2025","novedad":"1","paginas":"1","subtitulo":"","orden":"0","portada":"0","idioma":"spa","booktrailer":"","resenas":"","editorial":[{"ID":6354,"post_author":"3","post_date":"2022-07-28 17:50:23","post_date_gmt":"2022-07-28 15:50:23","post_content":"","post_title":"Salamandra Infantil y Juvenil","post_excerpt":"","post_status":"publish","comment_status":"closed","ping_status":"closed","post_password":"","post_name":"salamandra-infantil-y-juvenil","to_ping":"","pinged":"","post_modified":"2022-07-28 17:50:23","post_modified_gmt":"2022-07-28 15:50:23","post_content_filtered":"","post_parent":0,"guid":"http:\/\/dev.claret.cat\/editorial\/salamandra-infantil-y-juvenil\/","menu_order":0,"post_type":"editorial","post_mime_type":"","comment_count":"0","filter":"raw"}]},"aioseo_notices":[],"_links":{"self":[{"href":"https:\/\/www.claret.cat\/es\/wp-json\/wp\/v2\/product\/1068037","targetHints":{"allow":["GET"]}}],"collection":[{"href":"https:\/\/www.claret.cat\/es\/wp-json\/wp\/v2\/product"}],"about":[{"href":"https:\/\/www.claret.cat\/es\/wp-json\/wp\/v2\/types\/product"}],"wp:featuredmedia":[{"embeddable":true,"href":"https:\/\/www.claret.cat\/es\/wp-json\/wp\/v2\/media\/1068038"}],"wp:attachment":[{"href":"https:\/\/www.claret.cat\/es\/wp-json\/wp\/v2\/media?parent=1068037"}],"wp:term":[{"taxonomy":"product_brand","embeddable":true,"href":"https:\/\/www.claret.cat\/es\/wp-json\/wp\/v2\/product_brand?post=1068037"},{"taxonomy":"product_cat","embeddable":true,"href":"https:\/\/www.claret.cat\/es\/wp-json\/wp\/v2\/product_cat?post=1068037"},{"taxonomy":"product_tag","embeddable":true,"href":"https:\/\/www.claret.cat\/es\/wp-json\/wp\/v2\/product_tag?post=1068037"}],"curies":[{"name":"wp","href":"https:\/\/api.w.org\/{rel}","templated":true}]}}