{"id":1068468,"date":"2025-11-26T14:05:06","date_gmt":"2025-11-26T13:05:06","guid":{"rendered":"https:\/\/www.claret.cat\/llibre\/como-hablar-hoy-de-la-resurreccion-9788493761585\/"},"modified":"2025-11-26T14:05:18","modified_gmt":"2025-11-26T13:05:18","slug":"como-hablar-hoy-de-la-resurreccion-9788493761585","status":"publish","type":"product","link":"https:\/\/www.claret.cat\/es\/libro\/como-hablar-hoy-de-la-resurreccion-9788493761585\/","title":{"rendered":"\u00bfC\u00d3MO HABLAR HOY DE LA RESURRECCI\u00d3N?"},"content":{"rendered":"<p>La resurrecci\u00f3n es uno de los elementos centrales de la fe cristiana. Un misterio que abre horizontes nuevos a nuestra raz\u00f3n y sobre el que todo creyente debe pensar y hablar. Hablar de la resurrecci\u00f3n es atreverse a contar la historia del Dios de Jes\u00fas, narrando la historia sufriente de los hombres. Tomando como hilo conductor la aparici\u00f3n del Resucitado a los disc\u00edpulos de Ema\u00fas, esta obra nos propone reflexionar sobre el contexto en el que se realiza hoy el anuncio de la resurrecci\u00f3n y nos ofrece claves para hablar sobre ella de un modo cre\u00edble. En la meditaci\u00f3n que ahora presentamos, hemos intentado ensanchar los estrechos l\u00edmites de la raz\u00f3n para hablar de un modo cre\u00edble de la resurrecci\u00f3n de Jes\u00fas a los hombres y mujeres de nuestro mundo. As\u00ed, la teolog\u00eda no muere asfixiada, sino que puede respirar gracias a los dos pulmones de su genuina racionalidad: lo narrativo y lo simb\u00f3lico.<\/p>\n","protected":false},"excerpt":{"rendered":"<p>B\u00c9JAR BACAS, JOS\u00c9 SERAF\u00cdN<\/p>\n","protected":false},"featured_media":1068469,"template":"","meta":{"_acf_changed":false,"om_disable_all_campaigns":false,"rs_blank_template":"","rs_page_bg_color":"","slide_template_v7":"","inline_featured_image":false,"_monsterinsights_skip_tracking":false,"_monsterinsights_sitenote_active":false,"_monsterinsights_sitenote_note":"","_monsterinsights_sitenote_category":0},"product_brand":[],"product_cat":[341,75,541,91],"product_tag":[],"class_list":{"0":"post-1068468","1":"product","2":"type-product","3":"status-publish","4":"has-post-thumbnail","6":"product_cat-biblia-es","7":"product_cat-biblia","8":"product_cat-cristologia-1_espiritualidad-spa","9":"product_cat-cristologia","11":"first","12":"instock","13":"taxable","14":"shipping-taxable","15":"purchasable","16":"product-type-simple"},"acf":{"autor":"B\u00c9JAR BACAS, JOS\u00c9 SERAF\u00cdN","codart":"849376158","libros-coleccion":"Expresar teol\u00f3gico","ediciones":"1","encuadernacion":"R\u00fastica","fecha_de_publicacion":"01\/01\/2011","novedad":"0","paginas":"172","subtitulo":"LECTURA SIMB\u00d3LICO-NARRATIVA DEL RELATO DE EMA\u00daS","orden":"999","portada":"0","idioma":"spa","booktrailer":"","resenas":"","editorial":[{"ID":148334,"post_author":"3","post_date":"2022-10-14 11:57:26","post_date_gmt":"2022-10-14 09:57:26","post_content":"","post_title":"Khaf (Edelvives)","post_excerpt":"","post_status":"publish","comment_status":"closed","ping_status":"closed","post_password":"","post_name":"khaf-edelvives","to_ping":"","pinged":"","post_modified":"2022-10-14 11:57:26","post_modified_gmt":"2022-10-14 09:57:26","post_content_filtered":"","post_parent":0,"guid":"http:\/\/dev.claret.cat\/editorial\/khaf-edelvives\/","menu_order":0,"post_type":"editorial","post_mime_type":"","comment_count":"0","filter":"raw"}],"autores-libros":[{"ID":1068467,"post_author":"3","post_date":"2025-11-26 14:05:01","post_date_gmt":"2025-11-26 13:05:01","post_content":"","post_title":"J.SERAFIN BEJAR","post_excerpt":"","post_status":"publish","comment_status":"closed","ping_status":"closed","post_password":"","post_name":"j-serafin-bejar-2","to_ping":"","pinged":"","post_modified":"2025-11-26 14:05:01","post_modified_gmt":"2025-11-26 13:05:01","post_content_filtered":"","post_parent":0,"guid":"https:\/\/www.claret.cat\/autor\/j-serafin-bejar-2\/","menu_order":0,"post_type":"autor","post_mime_type":"","comment_count":"0","filter":"raw"}]},"aioseo_notices":[],"_links":{"self":[{"href":"https:\/\/www.claret.cat\/es\/wp-json\/wp\/v2\/product\/1068468","targetHints":{"allow":["GET"]}}],"collection":[{"href":"https:\/\/www.claret.cat\/es\/wp-json\/wp\/v2\/product"}],"about":[{"href":"https:\/\/www.claret.cat\/es\/wp-json\/wp\/v2\/types\/product"}],"wp:featuredmedia":[{"embeddable":true,"href":"https:\/\/www.claret.cat\/es\/wp-json\/wp\/v2\/media\/1068469"}],"wp:attachment":[{"href":"https:\/\/www.claret.cat\/es\/wp-json\/wp\/v2\/media?parent=1068468"}],"wp:term":[{"taxonomy":"product_brand","embeddable":true,"href":"https:\/\/www.claret.cat\/es\/wp-json\/wp\/v2\/product_brand?post=1068468"},{"taxonomy":"product_cat","embeddable":true,"href":"https:\/\/www.claret.cat\/es\/wp-json\/wp\/v2\/product_cat?post=1068468"},{"taxonomy":"product_tag","embeddable":true,"href":"https:\/\/www.claret.cat\/es\/wp-json\/wp\/v2\/product_tag?post=1068468"}],"curies":[{"name":"wp","href":"https:\/\/api.w.org\/{rel}","templated":true}]}}