{"id":1068592,"date":"2025-11-26T19:40:02","date_gmt":"2025-11-26T18:40:02","guid":{"rendered":"https:\/\/www.claret.cat\/llibre\/piratas-9788410101920\/"},"modified":"2025-11-27T10:31:20","modified_gmt":"2025-11-27T09:31:20","slug":"piratas-9788410101920","status":"publish","type":"product","link":"https:\/\/www.claret.cat\/es\/libro\/piratas-9788410101920\/","title":{"rendered":"PIRATAS"},"content":{"rendered":"<p>Una bandera negra con una calavera ondea con la brisa y las olas se elevan. Nunca se est\u00e1 seguro en el mar, especialmente cuando el temido barco pirata Scorpion est\u00e1 cerca. Su tripulaci\u00f3n es un grupo de rufianes experimentados, armados hasta los dientes y comandados por el sanguinario John Rough. Qu\u00e9 miedo! Pero si eres valiente, sube a bordo y echa un vistazo. \u00danete a la batalla por el tesoro y mira d\u00f3nde lo entierra la tripulaci\u00f3n. Mantente en guardia en todo momento. Aseg\u00farate de escapar de los piratas antes d que sea demasiado tarde. Si no lo haces, acabar\u00e1s en el fondo del mar o enjaulado en la bodega del barco. \u00a1Todos a bordo! \u00a1Levad las anclas! El barco est\u00e1 a punto de zarpar.<\/p>\n","protected":false},"excerpt":{"rendered":"<p>NAVRATIL, ONDREJ<\/p>\n","protected":false},"featured_media":1068593,"template":"","meta":{"_acf_changed":false,"om_disable_all_campaigns":false,"rs_blank_template":"","rs_page_bg_color":"","slide_template_v7":"","inline_featured_image":false,"_monsterinsights_skip_tracking":false,"_monsterinsights_sitenote_active":false,"_monsterinsights_sitenote_note":"","_monsterinsights_sitenote_category":0},"product_brand":[],"product_cat":[131,361],"product_tag":[],"class_list":{"0":"post-1068592","1":"product","2":"type-product","3":"status-publish","4":"has-post-thumbnail","6":"product_cat-contes-per-infants-0-6-anys","7":"product_cat-cuentos-para-ninos-0-6-anos","9":"first","10":"instock","11":"taxable","12":"shipping-taxable","13":"purchasable","14":"product-type-simple"},"acf":{"autor":"NAVRATIL, ONDREJ","codart":"841010192","libros-coleccion":"FORA DE COL.LECCI\u00d3","ediciones":"1","encuadernacion":"Carton\u00e9","fecha_de_publicacion":"01\/09\/2025","novedad":"1","paginas":"0","subtitulo":"","orden":"0","portada":"0","idioma":"spa","booktrailer":"","resenas":"","editorial":[{"ID":954239,"post_author":"3","post_date":"2024-02-28 12:15:32","post_date_gmt":"2024-02-28 11:15:32","post_content":"","post_title":"EDICIONES DE LA LLIBRERIA UNIVERSITARIA","post_excerpt":"","post_status":"publish","comment_status":"closed","ping_status":"closed","post_password":"","post_name":"ediciones-de-la-llibreria-universitaria","to_ping":"","pinged":"","post_modified":"2024-02-28 12:15:32","post_modified_gmt":"2024-02-28 11:15:32","post_content_filtered":"","post_parent":0,"guid":"https:\/\/www.claret.cat\/editorial\/ediciones-de-la-llibreria-universitaria\/","menu_order":0,"post_type":"editorial","post_mime_type":"","comment_count":"0","filter":"raw"}]},"aioseo_notices":[],"_links":{"self":[{"href":"https:\/\/www.claret.cat\/es\/wp-json\/wp\/v2\/product\/1068592","targetHints":{"allow":["GET"]}}],"collection":[{"href":"https:\/\/www.claret.cat\/es\/wp-json\/wp\/v2\/product"}],"about":[{"href":"https:\/\/www.claret.cat\/es\/wp-json\/wp\/v2\/types\/product"}],"wp:featuredmedia":[{"embeddable":true,"href":"https:\/\/www.claret.cat\/es\/wp-json\/wp\/v2\/media\/1068593"}],"wp:attachment":[{"href":"https:\/\/www.claret.cat\/es\/wp-json\/wp\/v2\/media?parent=1068592"}],"wp:term":[{"taxonomy":"product_brand","embeddable":true,"href":"https:\/\/www.claret.cat\/es\/wp-json\/wp\/v2\/product_brand?post=1068592"},{"taxonomy":"product_cat","embeddable":true,"href":"https:\/\/www.claret.cat\/es\/wp-json\/wp\/v2\/product_cat?post=1068592"},{"taxonomy":"product_tag","embeddable":true,"href":"https:\/\/www.claret.cat\/es\/wp-json\/wp\/v2\/product_tag?post=1068592"}],"curies":[{"name":"wp","href":"https:\/\/api.w.org\/{rel}","templated":true}]}}