{"id":1068784,"date":"2025-11-27T17:47:41","date_gmt":"2025-11-27T16:47:41","guid":{"rendered":"https:\/\/www.claret.cat\/llibre\/amar-a-dios-con-san-agustin-9788432172533\/"},"modified":"2026-02-04T19:05:18","modified_gmt":"2026-02-04T18:05:18","slug":"amar-a-dios-con-san-agustin-9788432172533","status":"publish","type":"product","link":"https:\/\/www.claret.cat\/es\/libro\/amar-a-dios-con-san-agustin-9788432172533\/","title":{"rendered":"AMAR A DIOS CON SAN AGUST\u00cdN"},"content":{"rendered":"<p>Valiosa s\u00edntesis sobre el patrimonio espiritual de san Agust\u00edn, en especial en lo referente a la caridad, la oraci\u00f3n y la gracia. Siempre se ha considerado gigante el legado intelectual y espiritual de Agust\u00edn de Hipona, por su capacidad de tratar sobre lo que m\u00e1s interesa al ser humano. Es el Padre de la Iglesia m\u00e1s influyente y, a pesar de vivir en el siglo V, sus escritos mantienen una asombrosa actualidad. Es el autor m\u00e1s citado en el Concilio Vaticano II y en el Catecismo de la Iglesia Cat\u00f3lica. El autor, reconocido experto en san Agust\u00edn, nos ofrece una valiosa s\u00edntesis sobre su patrimonio espiritual, deteni\u00e9ndose de modo especial en la caridad, la oraci\u00f3n y la gracia.<\/p>\n","protected":false},"excerpt":{"rendered":"<p>GALINDO RODRIGO, JOS\u00c9 ANTONIO<\/p>\n","protected":false},"featured_media":1081146,"template":"","meta":{"_acf_changed":false,"om_disable_all_campaigns":false,"rs_blank_template":"","rs_page_bg_color":"","slide_template_v7":"","inline_featured_image":false,"_monsterinsights_skip_tracking":false,"_monsterinsights_sitenote_active":false,"_monsterinsights_sitenote_note":"","_monsterinsights_sitenote_category":0},"product_brand":[],"product_cat":[485,232,392,231,395,240],"product_tag":[],"class_list":{"0":"post-1068784","1":"product","2":"type-product","3":"status-publish","4":"has-post-thumbnail","6":"product_cat-autores-espiritualidad-1_espiritualidad","7":"product_cat-autors-espiritualitat","8":"product_cat-obras-generales","9":"product_cat-obres-generals","10":"product_cat-vida-religiosa-espiritualidad-1_espiritualidad","11":"product_cat-vida-religiosa-espiritualitat","13":"first","14":"instock","15":"taxable","16":"shipping-taxable","17":"purchasable","18":"product-type-simple"},"acf":{"autor":"GALINDO RODRIGO, JOS\u00c9 ANTONIO","codart":"843217253","libros-coleccion":"Transiciones","ediciones":"2","encuadernacion":"R\u00fastica","fecha_de_publicacion":"27\/11\/2025","novedad":"1","paginas":"274","subtitulo":"","orden":"0","portada":"0","idioma":"spa","booktrailer":"","resenas":"","editorial":[{"ID":6348,"post_author":"3","post_date":"2022-07-28 17:50:16","post_date_gmt":"2022-07-28 15:50:16","post_content":"","post_title":"Rialp","post_excerpt":"","post_status":"publish","comment_status":"closed","ping_status":"closed","post_password":"","post_name":"rialp","to_ping":"","pinged":"","post_modified":"2022-07-28 17:50:16","post_modified_gmt":"2022-07-28 15:50:16","post_content_filtered":"","post_parent":0,"guid":"http:\/\/dev.claret.cat\/editorial\/rialp\/","menu_order":0,"post_type":"editorial","post_mime_type":"","comment_count":"0","filter":"raw"}]},"aioseo_notices":[],"_links":{"self":[{"href":"https:\/\/www.claret.cat\/es\/wp-json\/wp\/v2\/product\/1068784","targetHints":{"allow":["GET"]}}],"collection":[{"href":"https:\/\/www.claret.cat\/es\/wp-json\/wp\/v2\/product"}],"about":[{"href":"https:\/\/www.claret.cat\/es\/wp-json\/wp\/v2\/types\/product"}],"wp:featuredmedia":[{"embeddable":true,"href":"https:\/\/www.claret.cat\/es\/wp-json\/wp\/v2\/media\/1081146"}],"wp:attachment":[{"href":"https:\/\/www.claret.cat\/es\/wp-json\/wp\/v2\/media?parent=1068784"}],"wp:term":[{"taxonomy":"product_brand","embeddable":true,"href":"https:\/\/www.claret.cat\/es\/wp-json\/wp\/v2\/product_brand?post=1068784"},{"taxonomy":"product_cat","embeddable":true,"href":"https:\/\/www.claret.cat\/es\/wp-json\/wp\/v2\/product_cat?post=1068784"},{"taxonomy":"product_tag","embeddable":true,"href":"https:\/\/www.claret.cat\/es\/wp-json\/wp\/v2\/product_tag?post=1068784"}],"curies":[{"name":"wp","href":"https:\/\/api.w.org\/{rel}","templated":true}]}}