{"id":1068790,"date":"2025-11-27T17:50:03","date_gmt":"2025-11-27T16:50:03","guid":{"rendered":"https:\/\/www.claret.cat\/llibre\/la-biblia-9788432172540\/"},"modified":"2026-04-07T17:17:48","modified_gmt":"2026-04-07T15:17:48","slug":"la-biblia-9788432172540","status":"publish","type":"product","link":"https:\/\/www.claret.cat\/es\/libro\/la-biblia-9788432172540\/","title":{"rendered":"LA BIBLIA"},"content":{"rendered":"<p>Una forma l\u00fadica de descubrir la <strong>Biblia<\/strong>, a trav\u00e9s de un Busca y encuentra in\u00e9dito. <strong>Encuentra a Sara y Sim\u00f3n<\/strong> en su viaje a trav\u00e9s de 12 grandes episodios de la Biblia. Con ellos tambi\u00e9n se esconden <strong>F\u00e9lix<\/strong> el maestro y su hija <strong>Estrella<\/strong>, <strong>los gatos Blanca y Moreno<\/strong> y <strong>Quintina la cabrita<\/strong>. \u00a1Abre los ojos y mira bien cada escena! \u00bfSer\u00e1s el m\u00e1s r\u00e1pido en encontrarlos?<\/p>\n","protected":false},"excerpt":{"rendered":"<p>SUTTER, GEERT DE<\/p>\n","protected":false},"featured_media":1069215,"template":"","meta":{"_acf_changed":false,"om_disable_all_campaigns":false,"rs_blank_template":"","rs_page_bg_color":"","slide_template_v7":"","inline_featured_image":false,"_monsterinsights_skip_tracking":false,"_monsterinsights_sitenote_active":false,"_monsterinsights_sitenote_note":"","_monsterinsights_sitenote_category":0},"product_brand":[],"product_cat":[481,223,230,391,544,94],"product_tag":[],"class_list":{"0":"post-1068790","1":"product","2":"type-product","3":"status-publish","4":"has-post-thumbnail","6":"product_cat-biblias-infantiles","7":"product_cat-biblies-infantils","8":"product_cat-jocs-cancons-i-dances","9":"product_cat-juegos-canciones-y-danzas","10":"product_cat-religiones","11":"product_cat-religions","13":"first","14":"instock","15":"taxable","16":"shipping-taxable","17":"purchasable","18":"product-type-simple"},"acf":{"autor":"SUTTER, GEERT DE","codart":"843217254","libros-coleccion":"","ediciones":"1","encuadernacion":"R\u00fastica","fecha_de_publicacion":"26\/11\/2025","novedad":"1","paginas":"40","subtitulo":"BUSCA Y ENCUENTRA ","orden":"0","portada":"0","idioma":"spa","booktrailer":"","resenas":"","editorial":[{"ID":6348,"post_author":"3","post_date":"2022-07-28 17:50:16","post_date_gmt":"2022-07-28 15:50:16","post_content":"","post_title":"Rialp","post_excerpt":"","post_status":"publish","comment_status":"closed","ping_status":"closed","post_password":"","post_name":"rialp","to_ping":"","pinged":"","post_modified":"2022-07-28 17:50:16","post_modified_gmt":"2022-07-28 15:50:16","post_content_filtered":"","post_parent":0,"guid":"http:\/\/dev.claret.cat\/editorial\/rialp\/","menu_order":0,"post_type":"editorial","post_mime_type":"","comment_count":"0","filter":"raw"}]},"aioseo_notices":[],"_links":{"self":[{"href":"https:\/\/www.claret.cat\/es\/wp-json\/wp\/v2\/product\/1068790","targetHints":{"allow":["GET"]}}],"collection":[{"href":"https:\/\/www.claret.cat\/es\/wp-json\/wp\/v2\/product"}],"about":[{"href":"https:\/\/www.claret.cat\/es\/wp-json\/wp\/v2\/types\/product"}],"wp:featuredmedia":[{"embeddable":true,"href":"https:\/\/www.claret.cat\/es\/wp-json\/wp\/v2\/media\/1069215"}],"wp:attachment":[{"href":"https:\/\/www.claret.cat\/es\/wp-json\/wp\/v2\/media?parent=1068790"}],"wp:term":[{"taxonomy":"product_brand","embeddable":true,"href":"https:\/\/www.claret.cat\/es\/wp-json\/wp\/v2\/product_brand?post=1068790"},{"taxonomy":"product_cat","embeddable":true,"href":"https:\/\/www.claret.cat\/es\/wp-json\/wp\/v2\/product_cat?post=1068790"},{"taxonomy":"product_tag","embeddable":true,"href":"https:\/\/www.claret.cat\/es\/wp-json\/wp\/v2\/product_tag?post=1068790"}],"curies":[{"name":"wp","href":"https:\/\/api.w.org\/{rel}","templated":true}]}}