{"id":10694,"date":"2022-09-30T19:55:31","date_gmt":"2022-09-30T17:55:31","guid":{"rendered":"http:\/\/dev.claret.cat\/producte\/quanta-quanta-guerra\/"},"modified":"2023-04-21T13:59:04","modified_gmt":"2023-04-21T11:59:04","slug":"quanta-quanta-guerra-9788473292399","status":"publish","type":"product","link":"https:\/\/www.claret.cat\/es\/libro\/quanta-quanta-guerra-9788473292399\/","title":{"rendered":"QUANTA, QUANTA GUERRA&#8230;"},"content":{"rendered":"<p>La darrera novel\u00b7la que va escriure Rodoreda \u00e9s un seguit de rondalles explicades per un adolescent que aprofita la guerra per fugir de casa. L&#8217;autora el descriu al pr\u00f2leg com un noi encara amb la llet als llavis, que, com als poetes, tot el que veu el deixa sorpr\u00e8s. \u00c9s segurament el personatge m\u00e9s tendre de tota la seva obra. Per a ell com per a l&#8217;autora, el desordre de la guerra permet fer el que vulguis i anar on tinguis ganes d&#8217;anar.<br \/> Adri\u00e0 Guinart t\u00e9 quinze anys quan se&#8217;n va a la guerra, per\u00f2 no arriba mai al front. El seu periple per pobles i selves, de la riba del mar a la vora d&#8217;un gran riu, el posa en contacte amb gent diversa i estranya. Novel\u00b7la d&#8217;aventures, novel\u00b7la d&#8217;iniciaci\u00f3 i tamb\u00e9 novel\u00b7la descaradament poem\u00e0tica, en aquesta nova edici\u00f3 inclou un postfaci del jove poeta Jaume Coll Marin\u00e9, que rellegeix l&#8217;obra des de l&#8217;actualitat.<\/p>\n","protected":false},"excerpt":{"rendered":"<p>RODOREDA, MERC\u00c8<\/p>\n","protected":false},"featured_media":67742,"template":"","meta":{"_acf_changed":false,"om_disable_all_campaigns":false,"rs_blank_template":"","rs_page_bg_color":"","slide_template_v7":"","inline_featured_image":false,"_monsterinsights_skip_tracking":false,"_monsterinsights_sitenote_active":false,"_monsterinsights_sitenote_note":"","_monsterinsights_sitenote_category":0},"product_brand":[],"product_cat":[127,357],"product_tag":[],"class_list":{"0":"post-10694","1":"product","2":"type-product","3":"status-publish","4":"has-post-thumbnail","6":"product_cat-novella-contemporania","7":"product_cat-novela-contemporanea","9":"first","10":"instock","11":"taxable","12":"shipping-taxable","13":"purchasable","14":"product-type-simple"},"acf":{"autor":"RODOREDA, MERC\u00c8","codart":"847329239","libros-coleccion":"EL CLUB DELS NOVEL\u00b7LISTES","ediciones":"1","encuadernacion":"R\u00fastica","fecha_de_publicacion":"01\/07\/2019","novedad":"1","paginas":"239","subtitulo":"","orden":"0","portada":"0","idioma":"cat","editorial":[{"ID":147641,"post_author":"3","post_date":"2022-10-14 11:52:08","post_date_gmt":"2022-10-14 09:52:08","post_content":"","post_title":"CLUB EDITOR 1959","post_excerpt":"","post_status":"publish","comment_status":"closed","ping_status":"closed","post_password":"","post_name":"club-editor-1959","to_ping":"","pinged":"","post_modified":"2022-10-14 11:52:08","post_modified_gmt":"2022-10-14 09:52:08","post_content_filtered":"","post_parent":0,"guid":"http:\/\/dev.claret.cat\/editorial\/club-editor-1959\/","menu_order":0,"post_type":"editorial","post_mime_type":"","comment_count":"0","filter":"raw"}],"autores-libros":[{"ID":164706,"post_author":"3","post_date":"2022-10-14 17:49:14","post_date_gmt":"2022-10-14 15:49:14","post_content":"","post_title":"MERC\u00c8 RODOREDA","post_excerpt":"","post_status":"publish","comment_status":"closed","ping_status":"closed","post_password":"","post_name":"merce-rodoreda","to_ping":"","pinged":"","post_modified":"2022-10-14 17:49:14","post_modified_gmt":"2022-10-14 15:49:14","post_content_filtered":"","post_parent":0,"guid":"http:\/\/dev.claret.cat\/autor\/merce-rodoreda\/","menu_order":0,"post_type":"autor","post_mime_type":"","comment_count":"0","filter":"raw"}]},"aioseo_notices":[],"_links":{"self":[{"href":"https:\/\/www.claret.cat\/es\/wp-json\/wp\/v2\/product\/10694","targetHints":{"allow":["GET"]}}],"collection":[{"href":"https:\/\/www.claret.cat\/es\/wp-json\/wp\/v2\/product"}],"about":[{"href":"https:\/\/www.claret.cat\/es\/wp-json\/wp\/v2\/types\/product"}],"wp:featuredmedia":[{"embeddable":true,"href":"https:\/\/www.claret.cat\/es\/wp-json\/wp\/v2\/media\/67742"}],"wp:attachment":[{"href":"https:\/\/www.claret.cat\/es\/wp-json\/wp\/v2\/media?parent=10694"}],"wp:term":[{"taxonomy":"product_brand","embeddable":true,"href":"https:\/\/www.claret.cat\/es\/wp-json\/wp\/v2\/product_brand?post=10694"},{"taxonomy":"product_cat","embeddable":true,"href":"https:\/\/www.claret.cat\/es\/wp-json\/wp\/v2\/product_cat?post=10694"},{"taxonomy":"product_tag","embeddable":true,"href":"https:\/\/www.claret.cat\/es\/wp-json\/wp\/v2\/product_tag?post=10694"}],"curies":[{"name":"wp","href":"https:\/\/api.w.org\/{rel}","templated":true}]}}