{"id":1069416,"date":"2025-12-02T13:25:32","date_gmt":"2025-12-02T12:25:32","guid":{"rendered":"https:\/\/www.claret.cat\/llibre\/tarjeta-ninos-del-mundo-y-jesus-sobre-9787011405468\/"},"modified":"2025-12-02T13:25:59","modified_gmt":"2025-12-02T12:25:59","slug":"tarjeta-ninos-del-mundo-y-jesus-sobre-9787011405468","status":"publish","type":"product","link":"https:\/\/www.claret.cat\/es\/libro\/tarjeta-ninos-del-mundo-y-jesus-sobre-9787011405468\/","title":{"rendered":"TARJETA NI\u00d1OS DEL MUNDO Y JES\u00daS+ SOBRE"},"content":{"rendered":"<p>Tarjeta Christmas NI\u00d1OS DEL MUNDO + sobre blanco autoadhesivo 10 x 21 cm Memory Ferr\u00e1ndiz Papel mate retro<\/p>\n","protected":false},"excerpt":{"rendered":"<p>MEMORY FERRANDIZ<\/p>\n","protected":false},"featured_media":1069417,"template":"","meta":{"_acf_changed":false,"om_disable_all_campaigns":false,"rs_blank_template":"","rs_page_bg_color":"","slide_template_v7":"","inline_featured_image":false,"_monsterinsights_skip_tracking":false,"_monsterinsights_sitenote_active":false,"_monsterinsights_sitenote_note":"","_monsterinsights_sitenote_category":0},"product_brand":[],"product_cat":[106,556],"product_tag":[],"class_list":{"0":"post-1069416","1":"product","2":"type-product","3":"status-publish","4":"has-post-thumbnail","6":"product_cat-objectes-religiosos","7":"product_cat-objetos-religiosos","9":"first","10":"instock","11":"taxable","12":"shipping-taxable","13":"purchasable","14":"product-type-simple"},"acf":{"autor":"MEMORY FERRANDIZ","codart":"701140546","libros-coleccion":"","ediciones":"0","encuadernacion":"Carpeta","fecha_de_publicacion":"08\/11\/2012","novedad":"0","paginas":"1","subtitulo":"","orden":"999","portada":"0","idioma":"spa","booktrailer":"","resenas":"","editorial":[{"ID":8257,"post_author":"3","post_date":"2022-09-30 09:21:32","post_date_gmt":"2022-09-30 07:21:32","post_content":"","post_title":"MEMORY FERRANDIZ S.L.","post_excerpt":"","post_status":"publish","comment_status":"closed","ping_status":"closed","post_password":"","post_name":"memory-ferrandiz-s-l","to_ping":"","pinged":"","post_modified":"2022-09-30 09:21:32","post_modified_gmt":"2022-09-30 07:21:32","post_content_filtered":"","post_parent":0,"guid":"http:\/\/dev.claret.cat\/editorial\/memory-ferrandiz-s-l\/","menu_order":0,"post_type":"editorial","post_mime_type":"","comment_count":"0","filter":"raw"}],"autores-libros":[{"ID":8405,"post_author":"3","post_date":"2022-09-30 09:48:19","post_date_gmt":"2022-09-30 07:48:19","post_content":"","post_title":"MEMORY FERRANDIZ","post_excerpt":"","post_status":"publish","comment_status":"closed","ping_status":"closed","post_password":"","post_name":"memory-ferrandiz","to_ping":"","pinged":"","post_modified":"2022-09-30 09:48:19","post_modified_gmt":"2022-09-30 07:48:19","post_content_filtered":"","post_parent":0,"guid":"http:\/\/dev.claret.cat\/autor\/memory-ferrandiz\/","menu_order":0,"post_type":"autor","post_mime_type":"","comment_count":"0","filter":"raw"}]},"aioseo_notices":[],"_links":{"self":[{"href":"https:\/\/www.claret.cat\/es\/wp-json\/wp\/v2\/product\/1069416","targetHints":{"allow":["GET"]}}],"collection":[{"href":"https:\/\/www.claret.cat\/es\/wp-json\/wp\/v2\/product"}],"about":[{"href":"https:\/\/www.claret.cat\/es\/wp-json\/wp\/v2\/types\/product"}],"wp:featuredmedia":[{"embeddable":true,"href":"https:\/\/www.claret.cat\/es\/wp-json\/wp\/v2\/media\/1069417"}],"wp:attachment":[{"href":"https:\/\/www.claret.cat\/es\/wp-json\/wp\/v2\/media?parent=1069416"}],"wp:term":[{"taxonomy":"product_brand","embeddable":true,"href":"https:\/\/www.claret.cat\/es\/wp-json\/wp\/v2\/product_brand?post=1069416"},{"taxonomy":"product_cat","embeddable":true,"href":"https:\/\/www.claret.cat\/es\/wp-json\/wp\/v2\/product_cat?post=1069416"},{"taxonomy":"product_tag","embeddable":true,"href":"https:\/\/www.claret.cat\/es\/wp-json\/wp\/v2\/product_tag?post=1069416"}],"curies":[{"name":"wp","href":"https:\/\/api.w.org\/{rel}","templated":true}]}}