{"id":1069516,"date":"2025-12-02T16:45:04","date_gmt":"2025-12-02T15:45:04","guid":{"rendered":"https:\/\/www.claret.cat\/llibre\/el-conte-de-nadal-9788424667726\/"},"modified":"2025-12-19T19:35:51","modified_gmt":"2025-12-19T18:35:51","slug":"el-conte-de-nadal-9788424667726","status":"publish","type":"product","link":"https:\/\/www.claret.cat\/es\/libro\/el-conte-de-nadal-9788424667726\/","title":{"rendered":"EL CONTE DE NADAL"},"content":{"rendered":"<p>El senyor Scrooge \u00e9s un home avar i solitari. No pot suportar el Nadal i tot el que significa: trobades familiars, regals, festes&#8230; Per\u00f2 aquest any una visita inesperada la vig\u00edlia de Nadal li far\u00e0 obrir els ulls i l&#8221;invitar\u00e0 a canviar d&#8221;actitud.<\/p>\n<p>Les lectures de tota la vida, per als lectors d&#8221;avui.<\/p>\n","protected":false},"excerpt":{"rendered":"<p>DICKENS, CHARLES<\/p>\n","protected":false},"featured_media":1069517,"template":"","meta":{"_acf_changed":false,"om_disable_all_campaigns":false,"rs_blank_template":"","rs_page_bg_color":"","slide_template_v7":"","inline_featured_image":false,"_monsterinsights_skip_tracking":false,"_monsterinsights_sitenote_active":false,"_monsterinsights_sitenote_note":"","_monsterinsights_sitenote_category":0},"product_brand":[],"product_cat":[131,361],"product_tag":[],"class_list":{"0":"post-1069516","1":"product","2":"type-product","3":"status-publish","4":"has-post-thumbnail","6":"product_cat-contes-per-infants-0-6-anys","7":"product_cat-cuentos-para-ninos-0-6-anos","9":"first","10":"instock","11":"taxable","12":"shipping-taxable","13":"purchasable","14":"product-type-simple"},"acf":{"autor":"DICKENS, CHARLES","codart":"842466772","libros-coleccion":"FORA DE COL.LECCI\u00d3","ediciones":"1","encuadernacion":"R\u00fastica","fecha_de_publicacion":"01\/10\/2021","novedad":"1","paginas":"34","subtitulo":"","orden":"0","portada":"0","idioma":"cat","booktrailer":"","resenas":"","editorial":[{"ID":148189,"post_author":"3","post_date":"2022-10-14 11:56:19","post_date_gmt":"2022-10-14 09:56:19","post_content":"","post_title":"GALERA, EDITORIAL","post_excerpt":"","post_status":"publish","comment_status":"closed","ping_status":"closed","post_password":"","post_name":"galera-editorial","to_ping":"","pinged":"","post_modified":"2022-10-14 11:56:19","post_modified_gmt":"2022-10-14 09:56:19","post_content_filtered":"","post_parent":0,"guid":"http:\/\/dev.claret.cat\/editorial\/galera-editorial\/","menu_order":0,"post_type":"editorial","post_mime_type":"","comment_count":"0","filter":"raw"}],"autores-libros":[{"ID":152762,"post_author":"3","post_date":"2022-10-14 14:51:22","post_date_gmt":"2022-10-14 12:51:22","post_content":"","post_title":"CHARLES DICKENS","post_excerpt":"","post_status":"publish","comment_status":"closed","ping_status":"closed","post_password":"","post_name":"charles-dickens","to_ping":"","pinged":"","post_modified":"2022-10-14 14:51:22","post_modified_gmt":"2022-10-14 12:51:22","post_content_filtered":"","post_parent":0,"guid":"http:\/\/dev.claret.cat\/autor\/charles-dickens\/","menu_order":0,"post_type":"autor","post_mime_type":"","comment_count":"0","filter":"raw"}]},"aioseo_notices":[],"_links":{"self":[{"href":"https:\/\/www.claret.cat\/es\/wp-json\/wp\/v2\/product\/1069516","targetHints":{"allow":["GET"]}}],"collection":[{"href":"https:\/\/www.claret.cat\/es\/wp-json\/wp\/v2\/product"}],"about":[{"href":"https:\/\/www.claret.cat\/es\/wp-json\/wp\/v2\/types\/product"}],"wp:featuredmedia":[{"embeddable":true,"href":"https:\/\/www.claret.cat\/es\/wp-json\/wp\/v2\/media\/1069517"}],"wp:attachment":[{"href":"https:\/\/www.claret.cat\/es\/wp-json\/wp\/v2\/media?parent=1069516"}],"wp:term":[{"taxonomy":"product_brand","embeddable":true,"href":"https:\/\/www.claret.cat\/es\/wp-json\/wp\/v2\/product_brand?post=1069516"},{"taxonomy":"product_cat","embeddable":true,"href":"https:\/\/www.claret.cat\/es\/wp-json\/wp\/v2\/product_cat?post=1069516"},{"taxonomy":"product_tag","embeddable":true,"href":"https:\/\/www.claret.cat\/es\/wp-json\/wp\/v2\/product_tag?post=1069516"}],"curies":[{"name":"wp","href":"https:\/\/api.w.org\/{rel}","templated":true}]}}