{"id":1069767,"date":"2025-12-04T12:05:05","date_gmt":"2025-12-04T11:05:05","guid":{"rendered":"https:\/\/www.claret.cat\/llibre\/el-evangelio-en-una-sociedad-laica-9788419640567\/"},"modified":"2026-02-26T14:00:36","modified_gmt":"2026-02-26T13:00:36","slug":"el-evangelio-en-una-sociedad-laica-9788419640567","status":"publish","type":"product","link":"https:\/\/www.claret.cat\/es\/libro\/el-evangelio-en-una-sociedad-laica-9788419640567\/","title":{"rendered":"EL EVANGELIO EN UNA SOCIEDAD LAICA"},"content":{"rendered":"<p>Una sociedad laica es un pueblo (laos) que quiere ser \u00e9l mismo y decidir por su cuenta sin coacciones que se le impongan desde fuera. Pero esto exige tomar conciencia de la situaci\u00f3n cultural que est\u00e1 viviendo el pueblo, en nuestro caso la sociedad espa\u00f1ola, los signos que apuntan al porvenir, y la peculiar aportaci\u00f3n del Evangelio en la nueva situaci\u00f3n.<br \/> En este libro se ofrecen y desgranan algunas coordenadas fundamentales para meditar en imperativos, de reforma o conversi\u00f3n al Evangelio, que ha emprendido la Iglesia con la intenci\u00f3n de ser signo cre\u00edble de Jesucristo en este mundo.<\/p>\n","protected":false},"excerpt":{"rendered":"<p>ESPEJA PARDO, JES\u00daS \/ D\u00cdAZ SARIEGO, JES\u00daS<\/p>\n","protected":false},"featured_media":1069951,"template":"","meta":{"_acf_changed":false,"om_disable_all_campaigns":false,"rs_blank_template":"","rs_page_bg_color":"","slide_template_v7":"","inline_featured_image":false,"_monsterinsights_skip_tracking":false,"_monsterinsights_sitenote_active":false,"_monsterinsights_sitenote_note":"","_monsterinsights_sitenote_category":0},"product_brand":[],"product_cat":[285,419],"product_tag":[],"class_list":{"0":"post-1069767","1":"product","2":"type-product","3":"status-publish","4":"has-post-thumbnail","6":"product_cat-pastoral-teologia","7":"product_cat-pastoral-teologia-1_espiritualidad","9":"first","10":"instock","11":"taxable","12":"shipping-taxable","13":"purchasable","14":"product-type-simple"},"acf":{"autor":"ESPEJA PARDO, JES\u00daS \/ D\u00cdAZ SARIEGO, JES\u00daS","codart":"841964056","libros-coleccion":"TEOLOG\u00cdA","ediciones":"1","encuadernacion":"R\u00fastica","fecha_de_publicacion":"01\/11\/2024","novedad":"1","paginas":"148","subtitulo":"","orden":"0","portada":"0","idioma":"spa","booktrailer":"","resenas":"","editorial":[{"ID":147774,"post_author":"3","post_date":"2022-10-14 11:53:07","post_date_gmt":"2022-10-14 09:53:07","post_content":"","post_title":"EDIBESA","post_excerpt":"","post_status":"publish","comment_status":"closed","ping_status":"closed","post_password":"","post_name":"edibesa","to_ping":"","pinged":"","post_modified":"2022-10-14 11:53:07","post_modified_gmt":"2022-10-14 09:53:07","post_content_filtered":"","post_parent":0,"guid":"http:\/\/dev.claret.cat\/editorial\/edibesa\/","menu_order":0,"post_type":"editorial","post_mime_type":"","comment_count":"0","filter":"raw"}]},"aioseo_notices":[],"_links":{"self":[{"href":"https:\/\/www.claret.cat\/es\/wp-json\/wp\/v2\/product\/1069767","targetHints":{"allow":["GET"]}}],"collection":[{"href":"https:\/\/www.claret.cat\/es\/wp-json\/wp\/v2\/product"}],"about":[{"href":"https:\/\/www.claret.cat\/es\/wp-json\/wp\/v2\/types\/product"}],"wp:featuredmedia":[{"embeddable":true,"href":"https:\/\/www.claret.cat\/es\/wp-json\/wp\/v2\/media\/1069951"}],"wp:attachment":[{"href":"https:\/\/www.claret.cat\/es\/wp-json\/wp\/v2\/media?parent=1069767"}],"wp:term":[{"taxonomy":"product_brand","embeddable":true,"href":"https:\/\/www.claret.cat\/es\/wp-json\/wp\/v2\/product_brand?post=1069767"},{"taxonomy":"product_cat","embeddable":true,"href":"https:\/\/www.claret.cat\/es\/wp-json\/wp\/v2\/product_cat?post=1069767"},{"taxonomy":"product_tag","embeddable":true,"href":"https:\/\/www.claret.cat\/es\/wp-json\/wp\/v2\/product_tag?post=1069767"}],"curies":[{"name":"wp","href":"https:\/\/api.w.org\/{rel}","templated":true}]}}