{"id":1069814,"date":"2025-12-04T16:05:33","date_gmt":"2025-12-04T15:05:33","guid":{"rendered":"https:\/\/www.claret.cat\/llibre\/el-rostro-del-otro-9788497156585\/"},"modified":"2026-02-26T11:20:54","modified_gmt":"2026-02-26T10:20:54","slug":"el-rostro-del-otro-9788497156585","status":"publish","type":"product","link":"https:\/\/www.claret.cat\/es\/libro\/el-rostro-del-otro-9788497156585\/","title":{"rendered":"EL ROSTRO DEL OTRO"},"content":{"rendered":"<p>Aunque el fen\u00f3meno migratorio conlleva problem\u00e1ticas complejas, tambi\u00e9n es una ocasi\u00f3n para ensanchar nuestros horizontes y dilatar el coraz\u00f3n, invit\u00e1ndonos a ser enriquecidos por la diversidad del otro.<\/p>\n<p>El papa Francisco destac\u00f3 que el drama de los migrantes plantea una encrucijada de civilizaci\u00f3n: elegir entre la cultura de la humanidad y de la fraternidad o la cultura de la indiferencia. Se trata de dar carne a la fraternidad universal, un sue\u00f1o de Dios que la Iglesia promueve. La respuesta de la Iglesia se resume en cuatro verbos clave: acoger, proteger, promover e integrar.<\/p>\n<p>Este n\u00famero profundiza en la ra\u00edz b\u00edblica del tema, donde el forastero ocupa un lugar central y debe ser tratado como \u00abhermano\u00bb o \u00abhermana\u00bb. El mandamiento de amar al extranjero se sit\u00faa en el coraz\u00f3n de la Tor\u00e1. Adem\u00e1s, Jes\u00fas mismo se identifica con el forastero (\u00abEra extranjero y me acogisteis\u00bb). A trav\u00e9s de la par\u00e1bola del Buen Samaritano, Luigino Bruni reflexiona que el \u00abpr\u00f3jimo no es el cercano\u00bb; nos hacemos pr\u00f3jimos al escoger el cuidado de la v\u00edctima, superando las cercan\u00edas geogr\u00e1ficas o \u00e9tnicas.<\/p>\n<p>A lo largo de sus p\u00e1ginas, Ekklesia ofrece ejemplos del papel pro\u00admotor de las comunidades, desde el Centro de estudiantes Giorgio La Pira en Florencia, la revitalizaci\u00f3n de parroquias urbanas por la presencia migrante, el trabajo pastoral con los Rom en Hungr\u00eda, y el testimonio de un p\u00e1rroco en un campo de refugiados en el Congo, hasta la experiencia de Mamen y de David, que desempe\u00f1an su labor en centros de acogida para migrantes en Valencia y Sevilla respectivamente.<\/p>\n<p>En definitiva, este n\u00famero nos invita a reconocer que todos estamos llamados a \u00abmigrar\u00bb a diario: del yo al t\u00fa y al nosotros, caminando juntos como \u00abperegrinos de la esperanza\u00bb hacia la Patria celestial.<\/p>\n","protected":false},"excerpt":{"rendered":"<p>H\u00c4NER, TOBIAS; BRUNI, LUIGINO ; VALC\u00c1RCEL, AMAYA; CALVO-QUIR\u00d3S, WILLIAM A.<\/p>\n","protected":false},"featured_media":1086545,"template":"","meta":{"_acf_changed":false,"om_disable_all_campaigns":false,"rs_blank_template":"","rs_page_bg_color":"","slide_template_v7":"","inline_featured_image":false,"_monsterinsights_skip_tracking":false,"_monsterinsights_sitenote_active":false,"_monsterinsights_sitenote_note":"","_monsterinsights_sitenote_category":0},"product_brand":[],"product_cat":[275,413,289,515,516,290],"product_tag":[],"class_list":{"0":"post-1069814","1":"product","2":"type-product","3":"status-publish","4":"has-post-thumbnail","6":"product_cat-fonamental","7":"product_cat-fundamental","8":"product_cat-moral-de-la-persona-bioetica","9":"product_cat-moral-de-la-persona-bioetica-teologia-1_espiritualidad","10":"product_cat-moral-de-la-persona-sexualidad","11":"product_cat-moral-de-la-persona-sexualitat","13":"first","14":"instock","15":"taxable","16":"shipping-taxable","17":"purchasable","18":"product-type-simple"},"acf":{"autor":"H\u00c4NER, TOBIAS; BRUNI, LUIGINO ; VALC\u00c1RCEL, AMAYA; CALVO-QUIR\u00d3S, WILLIAM A.","codart":"849715658","libros-coleccion":"EKKLESIA : SENDEROS DE COMUNI\u00d3N","ediciones":"1","encuadernacion":"R\u00fastica","fecha_de_publicacion":"28\/11\/2025","novedad":"1","paginas":"148","subtitulo":"LA MIGRACI\u00d3N COMO DESAFIO A NUESTRA HUMANIDAD ","orden":"0","portada":"1","idioma":"spa","booktrailer":"","resenas":"","editorial":[{"ID":6157,"post_author":"3","post_date":"2022-07-28 17:46:07","post_date_gmt":"2022-07-28 15:46:07","post_content":"","post_title":"Ciudad Nueva","post_excerpt":"","post_status":"publish","comment_status":"closed","ping_status":"closed","post_password":"","post_name":"ciudad-nueva","to_ping":"","pinged":"","post_modified":"2022-07-28 17:46:07","post_modified_gmt":"2022-07-28 15:46:07","post_content_filtered":"","post_parent":0,"guid":"http:\/\/dev.claret.cat\/editorial\/ciudad-nueva\/","menu_order":0,"post_type":"editorial","post_mime_type":"","comment_count":"0","filter":"raw"}]},"aioseo_notices":[],"_links":{"self":[{"href":"https:\/\/www.claret.cat\/es\/wp-json\/wp\/v2\/product\/1069814","targetHints":{"allow":["GET"]}}],"collection":[{"href":"https:\/\/www.claret.cat\/es\/wp-json\/wp\/v2\/product"}],"about":[{"href":"https:\/\/www.claret.cat\/es\/wp-json\/wp\/v2\/types\/product"}],"wp:featuredmedia":[{"embeddable":true,"href":"https:\/\/www.claret.cat\/es\/wp-json\/wp\/v2\/media\/1086545"}],"wp:attachment":[{"href":"https:\/\/www.claret.cat\/es\/wp-json\/wp\/v2\/media?parent=1069814"}],"wp:term":[{"taxonomy":"product_brand","embeddable":true,"href":"https:\/\/www.claret.cat\/es\/wp-json\/wp\/v2\/product_brand?post=1069814"},{"taxonomy":"product_cat","embeddable":true,"href":"https:\/\/www.claret.cat\/es\/wp-json\/wp\/v2\/product_cat?post=1069814"},{"taxonomy":"product_tag","embeddable":true,"href":"https:\/\/www.claret.cat\/es\/wp-json\/wp\/v2\/product_tag?post=1069814"}],"curies":[{"name":"wp","href":"https:\/\/api.w.org\/{rel}","templated":true}]}}