{"id":1069855,"date":"2025-12-04T17:25:04","date_gmt":"2025-12-04T16:25:04","guid":{"rendered":"https:\/\/www.claret.cat\/llibre\/la-terra-de-la-pluja-amarga-9788412980356\/"},"modified":"2026-02-27T19:26:15","modified_gmt":"2026-02-27T18:26:15","slug":"la-terra-de-la-pluja-amarga-9788412980356","status":"publish","type":"product","link":"https:\/\/www.claret.cat\/es\/libro\/la-terra-de-la-pluja-amarga-9788412980356\/","title":{"rendered":"LA TERRA DE LA PLUJA AMARGA"},"content":{"rendered":"<p>Llegir Wu Ming-yi \u00e9s com enfilar un cam\u00ed sinu\u00f3s i que fa marrada seguint la textura de les muntanyes, mai sabem on anirem a parar. Aix\u00f2 \u00e9s el que els passa als protagonistes de les sis hist\u00f2ries que componen La terra de la pluja amarga. Amb una prosa arrelada a la natura, org\u00e0nica i sovint capriciosa, seguim les aventures vitals d\u2019un seguit d\u2019homes i dones que es redescobreixen a si mateixos. Tot aix\u00f2 en un context futur en qu\u00e8 un virus inform\u00e0tic anomenat l\u2019Esquerda permet tenir acc\u00e9s als arxius digitals d\u2019una persona propera que ha mort<\/p>\n","protected":false},"excerpt":{"rendered":"<p>WU MING-YI<\/p>\n","protected":false},"featured_media":1069856,"template":"","meta":{"_acf_changed":false,"om_disable_all_campaigns":false,"rs_blank_template":"","rs_page_bg_color":"","slide_template_v7":"","inline_featured_image":false,"_monsterinsights_skip_tracking":false,"_monsterinsights_sitenote_active":false,"_monsterinsights_sitenote_note":"","_monsterinsights_sitenote_category":0},"product_brand":[],"product_cat":[127,357],"product_tag":[],"class_list":{"0":"post-1069855","1":"product","2":"type-product","3":"status-publish","4":"has-post-thumbnail","6":"product_cat-novella-contemporania","7":"product_cat-novela-contemporanea","9":"first","10":"instock","11":"taxable","12":"shipping-taxable","13":"purchasable","14":"product-type-simple"},"acf":{"autor":"WU MING-YI","codart":"841298035","libros-coleccion":"","ediciones":"1","encuadernacion":"R\u00fastica","fecha_de_publicacion":"01\/12\/2025","novedad":"1","paginas":"304","subtitulo":"","orden":"0","portada":"0","idioma":"cat","booktrailer":"","resenas":"","editorial":[{"ID":326006,"post_author":"3","post_date":"2023-01-05 11:30:17","post_date_gmt":"2023-01-05 10:30:17","post_content":"","post_title":"CHRONOS","post_excerpt":"","post_status":"publish","comment_status":"closed","ping_status":"closed","post_password":"","post_name":"chronos","to_ping":"","pinged":"","post_modified":"2023-01-05 11:30:17","post_modified_gmt":"2023-01-05 10:30:17","post_content_filtered":"","post_parent":0,"guid":"https:\/\/www.claret.cat\/editorial\/chronos\/","menu_order":0,"post_type":"editorial","post_mime_type":"","comment_count":"0","filter":"raw"}]},"aioseo_notices":[],"_links":{"self":[{"href":"https:\/\/www.claret.cat\/es\/wp-json\/wp\/v2\/product\/1069855","targetHints":{"allow":["GET"]}}],"collection":[{"href":"https:\/\/www.claret.cat\/es\/wp-json\/wp\/v2\/product"}],"about":[{"href":"https:\/\/www.claret.cat\/es\/wp-json\/wp\/v2\/types\/product"}],"wp:featuredmedia":[{"embeddable":true,"href":"https:\/\/www.claret.cat\/es\/wp-json\/wp\/v2\/media\/1069856"}],"wp:attachment":[{"href":"https:\/\/www.claret.cat\/es\/wp-json\/wp\/v2\/media?parent=1069855"}],"wp:term":[{"taxonomy":"product_brand","embeddable":true,"href":"https:\/\/www.claret.cat\/es\/wp-json\/wp\/v2\/product_brand?post=1069855"},{"taxonomy":"product_cat","embeddable":true,"href":"https:\/\/www.claret.cat\/es\/wp-json\/wp\/v2\/product_cat?post=1069855"},{"taxonomy":"product_tag","embeddable":true,"href":"https:\/\/www.claret.cat\/es\/wp-json\/wp\/v2\/product_tag?post=1069855"}],"curies":[{"name":"wp","href":"https:\/\/api.w.org\/{rel}","templated":true}]}}