{"id":1069861,"date":"2025-12-04T17:26:15","date_gmt":"2025-12-04T16:26:15","guid":{"rendered":"https:\/\/www.claret.cat\/llibre\/will-eisner-un-siglo-de-arte-secuencial-9788410043664\/"},"modified":"2025-12-04T17:31:45","modified_gmt":"2025-12-04T16:31:45","slug":"will-eisner-un-siglo-de-arte-secuencial-9788410043664","status":"publish","type":"product","link":"https:\/\/www.claret.cat\/es\/libro\/will-eisner-un-siglo-de-arte-secuencial-9788410043664\/","title":{"rendered":"WILL EISNER. UN SIGLO DE ARTE SECUENCIAL"},"content":{"rendered":"<p>Will Eisner es una de las figuras m\u00e1s destacadas en la historia del noveno arte. Nacido en Nueva York a principios del siglo xx, desde las p\u00e1ginas de series como The Spirit o novelas gr\u00e1ficas como Contrato con Dios, realiz\u00f3 aportaciones fundamentales al desarrollo del c\u00f3mic como medio de expresi\u00f3n art\u00edstica. Su uso de la tipograf\u00eda y la introducci\u00f3n de una mirada cinematogr\u00e1fica sobre la composici\u00f3n de la vi\u00f1eta\u2026 marcaron un antes y un despu\u00e9s. <br \/> Mois\u00e9s Hassan Bendahan, doctorado por la Universidad de Stony Brook con una tesis sobre la representaci\u00f3n \u00e9tnica de la poblaci\u00f3n asi\u00e1tica y latina en el c\u00f3mic, analiza en estos Apuntes de C\u00f3mic la vida y la obra del autor que da nombre a los premios m\u00e1s prestigiosos del noveno arte.<\/p>\n","protected":false},"excerpt":{"rendered":"<p>MOIS\u00c9S HASSAN BENDAHAN<\/p>\n","protected":false},"featured_media":1069862,"template":"","meta":{"_acf_changed":false,"om_disable_all_campaigns":false,"rs_blank_template":"","rs_page_bg_color":"","slide_template_v7":"","inline_featured_image":false,"_monsterinsights_skip_tracking":false,"_monsterinsights_sitenote_active":false,"_monsterinsights_sitenote_note":"","_monsterinsights_sitenote_category":0},"product_brand":[],"product_cat":[108,558],"product_tag":[],"class_list":{"0":"post-1069861","1":"product","2":"type-product","3":"status-publish","4":"has-post-thumbnail","6":"product_cat-comic","7":"product_cat-comic-3_infantil-juvenil-spa-spa","9":"first","10":"instock","11":"taxable","12":"shipping-taxable","13":"purchasable","14":"product-type-simple"},"acf":{"autor":"MOIS\u00c9S HASSAN BENDAHAN","codart":"841004366","libros-coleccion":"FORA DE COL.LECCI\u00d3","ediciones":"1","encuadernacion":"R\u00fastica","fecha_de_publicacion":"01\/11\/2025","novedad":"1","paginas":"152","subtitulo":"","orden":"0","portada":"0","idioma":"spa","booktrailer":"","resenas":"","editorial":[{"ID":147932,"post_author":"3","post_date":"2022-10-14 11:54:20","post_date_gmt":"2022-10-14 09:54:20","post_content":"","post_title":"EDITORIAL BASE (ES)","post_excerpt":"","post_status":"publish","comment_status":"closed","ping_status":"closed","post_password":"","post_name":"editorial-base-es","to_ping":"","pinged":"","post_modified":"2022-10-14 11:54:20","post_modified_gmt":"2022-10-14 09:54:20","post_content_filtered":"","post_parent":0,"guid":"http:\/\/dev.claret.cat\/editorial\/editorial-base-es\/","menu_order":0,"post_type":"editorial","post_mime_type":"","comment_count":"0","filter":"raw"}]},"aioseo_notices":[],"_links":{"self":[{"href":"https:\/\/www.claret.cat\/es\/wp-json\/wp\/v2\/product\/1069861","targetHints":{"allow":["GET"]}}],"collection":[{"href":"https:\/\/www.claret.cat\/es\/wp-json\/wp\/v2\/product"}],"about":[{"href":"https:\/\/www.claret.cat\/es\/wp-json\/wp\/v2\/types\/product"}],"wp:featuredmedia":[{"embeddable":true,"href":"https:\/\/www.claret.cat\/es\/wp-json\/wp\/v2\/media\/1069862"}],"wp:attachment":[{"href":"https:\/\/www.claret.cat\/es\/wp-json\/wp\/v2\/media?parent=1069861"}],"wp:term":[{"taxonomy":"product_brand","embeddable":true,"href":"https:\/\/www.claret.cat\/es\/wp-json\/wp\/v2\/product_brand?post=1069861"},{"taxonomy":"product_cat","embeddable":true,"href":"https:\/\/www.claret.cat\/es\/wp-json\/wp\/v2\/product_cat?post=1069861"},{"taxonomy":"product_tag","embeddable":true,"href":"https:\/\/www.claret.cat\/es\/wp-json\/wp\/v2\/product_tag?post=1069861"}],"curies":[{"name":"wp","href":"https:\/\/api.w.org\/{rel}","templated":true}]}}